{"id":625,"date":"2023-12-12T19:12:48","date_gmt":"2023-12-12T19:12:48","guid":{"rendered":"https:\/\/dev.medituner.com\/inicio\/"},"modified":"2024-02-21T09:22:13","modified_gmt":"2024-02-21T09:22:13","slug":"home","status":"publish","type":"page","link":"https:\/\/dev.medituner.com\/es\/","title":{"rendered":"Inicio"},"content":{"rendered":"<section class=\"section-hero\">\r\n    <div class=\"background\" style=\"background-image: url('https:\/\/dev.medituner.com\/wp-content\/uploads\/2023\/12\/MediTuner-main-page-hero-8-8-23.jpg');\"><\/div>\r\n    <div class=\"content\">\r\n        <h1>El futuro de la atenci\u00f3n respiratoria<\/h1>\r\n        <p>Con las herramientas de MediTuner, nunca ha sido tan f\u00e1cil para m\u00e9dicos y pacientes trabajar juntos para alcanzar un estilo de vida en el que los s\u00edntomas no se interpongan en el camino.<\/p>\r\n        <div class=\"button-container\">\r\n                            <a class=\"button\" href=\"\/es\/patients\"> Pacientes<\/a>\r\n                            <a class=\"button button-white\" href=\"\/es\/clinicians\">M\u00e9dicos<\/a>\r\n                    <\/div>\r\n    <\/div>\r\n<\/section>\n\n    <section class=\"section-counter\">\r\n        <div class=\"counter-container\">\r\n                            <h2 class=\"counter-wrapper\">\r\n                    <span class=\"counter-number-wrapper\">\r\n                        <span class=\"counter-number\" data-duration=\"2000\" data-to-value=\"5000\" data-from-value=\"0\">5000<\/span>\r\n                        <span class=\"counter-suffix\">+<\/span>\r\n                    <\/span>\r\n                    <span class=\"counter-title\">Pacientes<\/span>\r\n                <\/h2>\r\n                            <h2 class=\"counter-wrapper\">\r\n                    <span class=\"counter-number-wrapper\">\r\n                        <span class=\"counter-number\" data-duration=\"2000\" data-to-value=\"150\" data-from-value=\"0\">150<\/span>\r\n                        <span class=\"counter-suffix\">+<\/span>\r\n                    <\/span>\r\n                    <span class=\"counter-title\">Cl\u00ednicas asociadas<\/span>\r\n                <\/h2>\r\n                            <h2 class=\"counter-wrapper\">\r\n                    <span class=\"counter-number-wrapper\">\r\n                        <span class=\"counter-number\" data-duration=\"2000\" data-to-value=\"1000\" data-from-value=\"0\">1000<\/span>\r\n                        <span class=\"counter-suffix\">+<\/span>\r\n                    <\/span>\r\n                    <span class=\"counter-title\">Profesionales m\u00e9dicos<\/span>\r\n                <\/h2>\r\n                    <\/div>\r\n    <\/section>\r\n\n\n\r\n<section class=\"section-providers\">\r\n    <div class=\"container\">\r\n                    <div class=\"img-wrapper\">\r\n                <img decoding=\"async\" src=\"https:\/\/dev.medituner.com\/wp-content\/uploads\/2023\/12\/MediTuner-our-products-healthcare-2-768x1149.jpg\" alt=\"\">\r\n            <\/div>\r\n                <div class=\"content\">\r\n            <h2>Ahora puedo ayudar y seguir f\u00e1cilmente a los pacientes sin necesidad de que salgan de casa.<\/h2>\r\n            <p>Nuestros m\u00e9todos comprobados, pruebas sencillas, planes personalizados, seguimientos eficientes y la educaci\u00f3n del paciente se combinan para ayudarte a proporcionar una atenci\u00f3n respiratoria excepcional.<\/p>\r\n\r\n                            <ul>\r\n                                            <li>\r\n                            <img decoding=\"async\" src=\"https:\/\/dev.medituner.com\/wp-content\/themes\/medituner\/img\/icon-check.svg\" alt=\"Icon check\">\r\n                            <span class=\"elementor-icon-list-text\">Beneficios comprobados para la salud<\/span>\r\n                        <\/li>\r\n                                            <li>\r\n                            <img decoding=\"async\" src=\"https:\/\/dev.medituner.com\/wp-content\/themes\/medituner\/img\/icon-check.svg\" alt=\"Icon check\">\r\n                            <span class=\"elementor-icon-list-text\">Planes de tratamiento a medida<\/span>\r\n                        <\/li>\r\n                                            <li>\r\n                            <img decoding=\"async\" src=\"https:\/\/dev.medituner.com\/wp-content\/themes\/medituner\/img\/icon-check.svg\" alt=\"Icon check\">\r\n                            <span class=\"elementor-icon-list-text\">Pruebas sin esfuerzo<\/span>\r\n                        <\/li>\r\n                                            <li>\r\n                            <img decoding=\"async\" src=\"https:\/\/dev.medituner.com\/wp-content\/themes\/medituner\/img\/icon-check.svg\" alt=\"Icon check\">\r\n                            <span class=\"elementor-icon-list-text\">Seguimientos simplificados<\/span>\r\n                        <\/li>\r\n                                            <li>\r\n                            <img decoding=\"async\" src=\"https:\/\/dev.medituner.com\/wp-content\/themes\/medituner\/img\/icon-check.svg\" alt=\"Icon check\">\r\n                            <span class=\"elementor-icon-list-text\">Mejora en la educaci\u00f3n del paciente<\/span>\r\n                        <\/li>\r\n                                    <\/ul>\r\n            \r\n                            <a class=\"button\" href=\"\/es\/clinicians\">Descubre c\u00f3mo brindamos apoyo a los profesionales m\u00e9dicos<\/a>\r\n            \r\n        <\/div>\r\n    <\/div>\r\n<\/section>\n\n\r\n<section class=\"section-providers section-clinicians background-brand\">\r\n    <div class=\"container\">\r\n        <div class=\"img-wrapper\">\r\n                            <img decoding=\"async\" src=\"https:\/\/dev.medituner.com\/wp-content\/uploads\/2023\/12\/Home-Page-photo-2-768x768.jpg\" src=\"\">\r\n                    <\/div>\r\n        <div class=\"content\">\r\n            <h2>\u00abNo deber\u00eda necesitar un doctorado para entender lo que pasa en mi propio cuerpo.\u00bb<\/h2>\r\n            <p>Nuestras intuitivas herramientas ofrecen a los pacientes y a sus seres queridos todo lo que necesitan para seguir, tratar y comprender su condici\u00f3n respiratoria.<\/p>\r\n\r\n                            <ul>\r\n                                            <li>\r\n                            <img decoding=\"async\" src=\"https:\/\/dev.medituner.com\/wp-content\/themes\/medituner\/img\/icon-check.svg\" alt=\"icon check\">\r\n                            <span class=\"elementor-icon-list-text\">Comprende tus desencadenantes<\/span>\r\n                        <\/li>\r\n                                            <li>\r\n                            <img decoding=\"async\" src=\"https:\/\/dev.medituner.com\/wp-content\/themes\/medituner\/img\/icon-check.svg\" alt=\"icon check\">\r\n                            <span class=\"elementor-icon-list-text\">Det\u00e9n los s\u00edntomas m\u00e1s r\u00e1pido<\/span>\r\n                        <\/li>\r\n                                            <li>\r\n                            <img decoding=\"async\" src=\"https:\/\/dev.medituner.com\/wp-content\/themes\/medituner\/img\/icon-check.svg\" alt=\"icon check\">\r\n                            <span class=\"elementor-icon-list-text\">Menos d\u00edas de baja por enfermedad<\/span>\r\n                        <\/li>\r\n                                            <li>\r\n                            <img decoding=\"async\" src=\"https:\/\/dev.medituner.com\/wp-content\/themes\/medituner\/img\/icon-check.svg\" alt=\"icon check\">\r\n                            <span class=\"elementor-icon-list-text\">Tranquilidad para tus seres queridos<\/span>\r\n                        <\/li>\r\n                                    <\/ul>\r\n            \r\n                            <a class=\"button\" href=\"\/es\/patients\">Descubre c\u00f3mo ayudamos a los pacientes<\/a>\r\n            \r\n        <\/div>\r\n    <\/div>\r\n<\/section>\n\n<section class=\"section-collaboration\">\r\n    <div class=\"container\">\r\n        <h2>MediTuner\u00ae En colaboraci\u00f3n con el Instituto Karolinska<\/h2>\r\n        <div class=\"bg\">\r\n                            <img decoding=\"async\" src=\"https:\/\/dev.medituner.com\/wp-content\/uploads\/2023\/12\/Karolinska-Institutet-photo.jpg\" alt=\"Karolinska-Institutet-photo\">\r\n                    <\/div>\r\n        <p>Fundada en 2014 por dos especialistas en enfermedades respiratorias, MediTuner se dedica a ser pionera en sistemas de autogesti\u00f3n y diagn\u00f3sticos a domicilio para afecciones respiratorias. Nuestro objetivo final: empoderar a los pacientes para que vivan sin s\u00edntomas.<\/p>\r\n        <a class=\"button\" href=\"\/es\/about\">Acerca de nosotros<\/a>\r\n    <\/div>\r\n<\/section>\n\n\r\n<section id=\"contact-us\" class=\"section-form background-brand\">\r\n    <div class=\"container\">\r\n        <div class=\"content\">\r\n            <h2>\u00bfDeseas empezar? Ponte en contacto con nosotros<\/h2>\r\n            <p>Si tienes alguna duda o quieres empezar a utilizar nuestros productos, env\u00edanos un mensaje. Por lo general, respondemos en un plazo de 24 horas.<\/p>\r\n        <\/div>\r\n        <div class=\"form\">\r\n            \n<div class=\"wpcf7 no-js\" id=\"wpcf7-f1125-o1\" lang=\"es-ES\" dir=\"ltr\" data-wpcf7-id=\"1125\">\n<div class=\"screen-reader-response\"><p role=\"status\" aria-live=\"polite\" aria-atomic=\"true\"><\/p> <ul><\/ul><\/div>\n<form action=\"\/es\/wp-json\/wp\/v2\/pages\/625#wpcf7-f1125-o1\" method=\"post\" class=\"wpcf7-form init\" aria-label=\"Formulario de contacto\" novalidate=\"novalidate\" data-status=\"init\">\n<fieldset class=\"hidden-fields-container\"><input type=\"hidden\" name=\"_wpcf7\" value=\"1125\" \/><input type=\"hidden\" name=\"_wpcf7_version\" value=\"6.1.5\" \/><input type=\"hidden\" name=\"_wpcf7_locale\" value=\"es_ES\" \/><input type=\"hidden\" name=\"_wpcf7_unit_tag\" value=\"wpcf7-f1125-o1\" \/><input type=\"hidden\" name=\"_wpcf7_container_post\" value=\"0\" \/><input type=\"hidden\" name=\"_wpcf7_posted_data_hash\" value=\"\" \/>\n<\/fieldset>\n<div class=\"input-w-50\">\n\t<p><label><br \/>\n<span class=\"label\">Nombre<\/span><br \/>\n<span class=\"wpcf7-form-control-wrap\" data-name=\"name-512\"><input size=\"40\" maxlength=\"50\" minlength=\"1\" class=\"wpcf7-form-control wpcf7-text wpcf7-validates-as-required\" aria-required=\"true\" aria-invalid=\"false\" value=\"\" type=\"text\" name=\"name-512\" \/><\/span><br \/>\n<\/label><br \/>\n<label><br \/>\n<span class=\"label\">Correo electr\u00f3nico<\/span><br \/>\n<span class=\"wpcf7-form-control-wrap\" data-name=\"email-512\"><input size=\"40\" maxlength=\"50\" minlength=\"5\" class=\"wpcf7-form-control wpcf7-email wpcf7-validates-as-required wpcf7-text wpcf7-validates-as-email\" aria-required=\"true\" aria-invalid=\"false\" value=\"\" type=\"email\" name=\"email-512\" \/><\/span><br \/>\n<\/label>\n\t<\/p>\n<\/div>\n<p><label class=\"label-textarea\"><br \/>\n<span class=\"label\">Mensaje<\/span><br \/>\n<span class=\"wpcf7-form-control-wrap\" data-name=\"message-512\"><textarea cols=\"40\" rows=\"10\" maxlength=\"500\" class=\"wpcf7-form-control wpcf7-textarea\" aria-invalid=\"false\" name=\"message-512\"><\/textarea><\/span><br \/>\n<\/label>\n<\/p>\n<div class=\"spamoff\">\n\t<p><span class=\"wpcf7-form-control-wrap\" data-name=\"acceptance-587\"><span class=\"wpcf7-form-control wpcf7-acceptance invert\"><span class=\"wpcf7-list-item\"><input type=\"checkbox\" name=\"acceptance-587\" value=\"1\" checked=\"checked\" class=\"spamoff\" id=\"spamoff\" aria-invalid=\"false\" \/><\/span><\/span><\/span>\n\t<\/p>\n<\/div>\n<div class=\"button-submit\">\n\t<p><input class=\"wpcf7-form-control wpcf7-submit has-spinner\" type=\"submit\" value=\"Send message\" \/>\n\t<\/p>\n<\/div><div class=\"wpcf7-response-output\" aria-hidden=\"true\"><\/div>\n<\/form>\n<\/div>\n        <\/div>\r\n        <div class=\"success\">\r\n            <h2>Gracias por tu mensaje!<\/h2>\r\n            <p>Respondemos pronto.<\/p>\r\n        <\/div>\r\n    <\/div>\r\n<\/section>","protected":false},"excerpt":{"rendered":"","protected":false},"author":1,"featured_media":0,"parent":0,"menu_order":0,"comment_status":"closed","ping_status":"closed","template":"","meta":{"_acf_changed":false,"footnotes":""},"class_list":["post-625","page","type-page","status-publish","hentry"],"acf":[],"yoast_head":"<!-- This site is optimized with the Yoast SEO plugin v27.2 - https:\/\/yoast.com\/product\/yoast-seo-wordpress\/ -->\n<title>Inicio - Medituner USA<\/title>\n<meta name=\"robots\" content=\"noindex, follow, max-snippet:-1, max-image-preview:large, max-video-preview:-1\" \/>\n<meta property=\"og:locale\" content=\"es_ES\" \/>\n<meta property=\"og:type\" content=\"article\" \/>\n<meta property=\"og:title\" content=\"Inicio - Medituner USA\" \/>\n<meta property=\"og:url\" content=\"https:\/\/dev.medituner.com\/es\/\" \/>\n<meta property=\"og:site_name\" content=\"Medituner USA\" \/>\n<meta property=\"article:modified_time\" content=\"2024-02-21T09:22:13+00:00\" \/>\n<meta name=\"twitter:card\" content=\"summary_large_image\" \/>\n<script type=\"application\/ld+json\" class=\"yoast-schema-graph\">{\"@context\":\"https:\/\/schema.org\",\"@graph\":[{\"@type\":\"WebPage\",\"@id\":\"https:\/\/dev.medituner.com\/es\/\",\"url\":\"https:\/\/dev.medituner.com\/es\/\",\"name\":\"Inicio - Medituner USA\",\"isPartOf\":{\"@id\":\"https:\/\/dev.medituner.com\/es\/#website\"},\"datePublished\":\"2023-12-12T19:12:48+00:00\",\"dateModified\":\"2024-02-21T09:22:13+00:00\",\"breadcrumb\":{\"@id\":\"https:\/\/dev.medituner.com\/es\/#breadcrumb\"},\"inLanguage\":\"es\",\"potentialAction\":[{\"@type\":\"ReadAction\",\"target\":[\"https:\/\/dev.medituner.com\/es\/\"]}]},{\"@type\":\"BreadcrumbList\",\"@id\":\"https:\/\/dev.medituner.com\/es\/#breadcrumb\",\"itemListElement\":[{\"@type\":\"ListItem\",\"position\":1,\"name\":\"Home\",\"item\":\"https:\/\/dev.medituner.com\/es\/\"},{\"@type\":\"ListItem\",\"position\":2,\"name\":\"Inicio\"}]},{\"@type\":\"WebSite\",\"@id\":\"https:\/\/dev.medituner.com\/es\/#website\",\"url\":\"https:\/\/dev.medituner.com\/es\/\",\"name\":\"Medituner USA\",\"description\":\"\",\"potentialAction\":[{\"@type\":\"SearchAction\",\"target\":{\"@type\":\"EntryPoint\",\"urlTemplate\":\"https:\/\/dev.medituner.com\/es\/?s={search_term_string}\"},\"query-input\":{\"@type\":\"PropertyValueSpecification\",\"valueRequired\":true,\"valueName\":\"search_term_string\"}}],\"inLanguage\":\"es\"}]}<\/script>\n<!-- \/ Yoast SEO plugin. -->","yoast_head_json":{"title":"Inicio - Medituner USA","robots":{"index":"noindex","follow":"follow","max-snippet":"max-snippet:-1","max-image-preview":"max-image-preview:large","max-video-preview":"max-video-preview:-1"},"og_locale":"es_ES","og_type":"article","og_title":"Inicio - Medituner USA","og_url":"https:\/\/dev.medituner.com\/es\/","og_site_name":"Medituner USA","article_modified_time":"2024-02-21T09:22:13+00:00","twitter_card":"summary_large_image","schema":{"@context":"https:\/\/schema.org","@graph":[{"@type":"WebPage","@id":"https:\/\/dev.medituner.com\/es\/","url":"https:\/\/dev.medituner.com\/es\/","name":"Inicio - Medituner USA","isPartOf":{"@id":"https:\/\/dev.medituner.com\/es\/#website"},"datePublished":"2023-12-12T19:12:48+00:00","dateModified":"2024-02-21T09:22:13+00:00","breadcrumb":{"@id":"https:\/\/dev.medituner.com\/es\/#breadcrumb"},"inLanguage":"es","potentialAction":[{"@type":"ReadAction","target":["https:\/\/dev.medituner.com\/es\/"]}]},{"@type":"BreadcrumbList","@id":"https:\/\/dev.medituner.com\/es\/#breadcrumb","itemListElement":[{"@type":"ListItem","position":1,"name":"Home","item":"https:\/\/dev.medituner.com\/es\/"},{"@type":"ListItem","position":2,"name":"Inicio"}]},{"@type":"WebSite","@id":"https:\/\/dev.medituner.com\/es\/#website","url":"https:\/\/dev.medituner.com\/es\/","name":"Medituner USA","description":"","potentialAction":[{"@type":"SearchAction","target":{"@type":"EntryPoint","urlTemplate":"https:\/\/dev.medituner.com\/es\/?s={search_term_string}"},"query-input":{"@type":"PropertyValueSpecification","valueRequired":true,"valueName":"search_term_string"}}],"inLanguage":"es"}]}},"_links":{"self":[{"href":"https:\/\/dev.medituner.com\/es\/wp-json\/wp\/v2\/pages\/625","targetHints":{"allow":["GET"]}}],"collection":[{"href":"https:\/\/dev.medituner.com\/es\/wp-json\/wp\/v2\/pages"}],"about":[{"href":"https:\/\/dev.medituner.com\/es\/wp-json\/wp\/v2\/types\/page"}],"author":[{"embeddable":true,"href":"https:\/\/dev.medituner.com\/es\/wp-json\/wp\/v2\/users\/1"}],"replies":[{"embeddable":true,"href":"https:\/\/dev.medituner.com\/es\/wp-json\/wp\/v2\/comments?post=625"}],"version-history":[{"count":18,"href":"https:\/\/dev.medituner.com\/es\/wp-json\/wp\/v2\/pages\/625\/revisions"}],"predecessor-version":[{"id":886,"href":"https:\/\/dev.medituner.com\/es\/wp-json\/wp\/v2\/pages\/625\/revisions\/886"}],"wp:attachment":[{"href":"https:\/\/dev.medituner.com\/es\/wp-json\/wp\/v2\/media?parent=625"}],"curies":[{"name":"wp","href":"https:\/\/api.w.org\/{rel}","templated":true}]}}