{"id":635,"date":"2024-02-08T17:02:18","date_gmt":"2024-02-08T17:02:18","guid":{"rendered":"https:\/\/dev.medituner.com\/recursos-utiles\/"},"modified":"2024-11-20T20:23:17","modified_gmt":"2024-11-20T20:23:17","slug":"help-center","status":"publish","type":"page","link":"https:\/\/dev.medituner.com\/es\/help-center\/","title":{"rendered":"Help Center"},"content":{"rendered":"\r\n<section class=\"section-search l-hero-centered\">\r\n    <div class=\"container\">\r\n        <div class=\"l-hero-centered__content\">\r\n            <h1>\u00bfC\u00f3mo podemos ayudarte?<\/h1>\r\n            <p>Descubre gu\u00edas \u00fatiles sobre c\u00f3mo usar nuestras herramientas o ponte en contacto con nuestro equipo de soporte<\/p>\r\n\r\n            <form class=\"c-search\" action=\"\/es\/help-center\/search\">\r\n                <input type=\"text\" autocomplete=\"off\" name=\"search\" required placeholder=\"Busca todas las gu\u00edas y respuestas a preguntas comunes\" value=\"\">\r\n                <button class=\"u-btn\" type=\"submit\">\r\n                    <img decoding=\"async\" src=\"https:\/\/dev.medituner.com\/wp-content\/themes\/medituner\/img\/button-search.svg\" alt=\"Search\">\r\n                <\/button>\r\n                <button class=\"button-white u-clear\">\r\n                    <svg width=\"20\" height=\"20\" viewBox=\"0 0 20 20\" fill=\"none\" xmlns=\"http:\/\/www.w3.org\/2000\/svg\">\r\n                        <path fill-rule=\"evenodd\" clip-rule=\"evenodd\" d=\"M14.7071 6.70711C15.0976 6.31658 15.0976 5.68342 14.7071 5.29289C14.3166 4.90237 13.6834 4.90237 13.2929 5.29289L10 8.58579L6.70711 5.29289C6.31658 4.90237 5.68342 4.90237 5.29289 5.29289C4.90237 5.68342 4.90237 6.31658 5.29289 6.70711L8.58579 10L5.29289 13.2929C4.90237 13.6834 4.90237 14.3166 5.29289 14.7071C5.68342 15.0976 6.31658 15.0976 6.70711 14.7071L10 11.4142L13.2929 14.7071C13.6834 15.0976 14.3166 15.0976 14.7071 14.7071C15.0976 14.3166 15.0976 13.6834 14.7071 13.2929L11.4142 10L14.7071 6.70711Z\" fill=\"black\" fill-opacity=\"0.66\" \/>\r\n                    <\/svg>\r\n                <\/button>\r\n            <\/form>\r\n        <\/div>\r\n    <\/div>\r\n<\/section>\r\n<section class=\"section-listbox\">\r\n    <div class=\"container\">\r\n        <div class=\"row\">\r\n            <div class=\"col-lg-6 col-sm-12 col-12 u-col\">\r\n                <div class=\"c-list-box\">\r\n                    <h2 class=\"c-list-box__title\">Todas las gu\u00edas para pacientes<\/h2>\r\n                    <div class=\"c-list-box__content\">\r\n                                                    <a href=\"\/es\/help-center\/help-for-patients\/do-all-clinics-provide-your-solutions\" class=\"c-list-box__item\">\r\n                                <span>\u00bfTodas las cl\u00ednicas ofrecen sus soluciones?<\/span>\r\n                                <svg width=\"20\" height=\"20\" viewBox=\"0 0 20 20\" fill=\"none\" xmlns=\"http:\/\/www.w3.org\/2000\/svg\">\r\n                                    <path fill-rule=\"evenodd\" clip-rule=\"evenodd\" d=\"M6.35979 5.76825C5.93551 5.41468 5.87819 4.78412 6.23175 4.35984C6.58532 3.93556 7.21588 3.87824 7.64016 4.2318L13.6265 9.22045C13.6499 9.23926 13.6726 9.25926 13.6944 9.28044C13.8816 9.46071 13.9845 9.69935 13.9984 9.94361C14.0084 10.1206 13.9717 10.3005 13.8864 10.4633C13.8432 10.5461 13.7878 10.6238 13.7204 10.6936C13.6897 10.7256 13.6573 10.7551 13.6234 10.7821L7.6401 15.7682C7.21582 16.1218 6.58526 16.0645 6.23169 15.6402C5.87813 15.2159 5.93545 14.5854 6.35973 14.2318L11.4379 10L6.35979 5.76825Z\" fill=\"black\" fill-opacity=\"0.41\" \/>\r\n                                <\/svg>\r\n                            <\/a>\r\n                                                    <a href=\"\/es\/help-center\/help-for-patients\/do-all-clinics-provide-your-solutions\" class=\"c-list-box__item\">\r\n                                <span>Do all clinics provide your solutions?<\/span>\r\n                                <svg width=\"20\" height=\"20\" viewBox=\"0 0 20 20\" fill=\"none\" xmlns=\"http:\/\/www.w3.org\/2000\/svg\">\r\n                                    <path fill-rule=\"evenodd\" clip-rule=\"evenodd\" d=\"M6.35979 5.76825C5.93551 5.41468 5.87819 4.78412 6.23175 4.35984C6.58532 3.93556 7.21588 3.87824 7.64016 4.2318L13.6265 9.22045C13.6499 9.23926 13.6726 9.25926 13.6944 9.28044C13.8816 9.46071 13.9845 9.69935 13.9984 9.94361C14.0084 10.1206 13.9717 10.3005 13.8864 10.4633C13.8432 10.5461 13.7878 10.6238 13.7204 10.6936C13.6897 10.7256 13.6573 10.7551 13.6234 10.7821L7.6401 15.7682C7.21582 16.1218 6.58526 16.0645 6.23169 15.6402C5.87813 15.2159 5.93545 14.5854 6.35973 14.2318L11.4379 10L6.35979 5.76825Z\" fill=\"black\" fill-opacity=\"0.41\" \/>\r\n                                <\/svg>\r\n                            <\/a>\r\n                                                    <a href=\"\/es\/help-center\/help-for-patients\/can-i-use-this-on-my-own\" class=\"c-list-box__item\">\r\n                                <span>\u00bfPuedo utilizarlo por mi cuenta, sin un profesional m\u00e9dico?<\/span>\r\n                                <svg width=\"20\" height=\"20\" viewBox=\"0 0 20 20\" fill=\"none\" xmlns=\"http:\/\/www.w3.org\/2000\/svg\">\r\n                                    <path fill-rule=\"evenodd\" clip-rule=\"evenodd\" d=\"M6.35979 5.76825C5.93551 5.41468 5.87819 4.78412 6.23175 4.35984C6.58532 3.93556 7.21588 3.87824 7.64016 4.2318L13.6265 9.22045C13.6499 9.23926 13.6726 9.25926 13.6944 9.28044C13.8816 9.46071 13.9845 9.69935 13.9984 9.94361C14.0084 10.1206 13.9717 10.3005 13.8864 10.4633C13.8432 10.5461 13.7878 10.6238 13.7204 10.6936C13.6897 10.7256 13.6573 10.7551 13.6234 10.7821L7.6401 15.7682C7.21582 16.1218 6.58526 16.0645 6.23169 15.6402C5.87813 15.2159 5.93545 14.5854 6.35973 14.2318L11.4379 10L6.35979 5.76825Z\" fill=\"black\" fill-opacity=\"0.41\" \/>\r\n                                <\/svg>\r\n                            <\/a>\r\n                                                    <a href=\"\/es\/help-center\/help-for-patients\/can-i-use-this-on-my-own\" class=\"c-list-box__item\">\r\n                                <span>Can I use this on my own, without a healthcare provider?<\/span>\r\n                                <svg width=\"20\" height=\"20\" viewBox=\"0 0 20 20\" fill=\"none\" xmlns=\"http:\/\/www.w3.org\/2000\/svg\">\r\n                                    <path fill-rule=\"evenodd\" clip-rule=\"evenodd\" d=\"M6.35979 5.76825C5.93551 5.41468 5.87819 4.78412 6.23175 4.35984C6.58532 3.93556 7.21588 3.87824 7.64016 4.2318L13.6265 9.22045C13.6499 9.23926 13.6726 9.25926 13.6944 9.28044C13.8816 9.46071 13.9845 9.69935 13.9984 9.94361C14.0084 10.1206 13.9717 10.3005 13.8864 10.4633C13.8432 10.5461 13.7878 10.6238 13.7204 10.6936C13.6897 10.7256 13.6573 10.7551 13.6234 10.7821L7.6401 15.7682C7.21582 16.1218 6.58526 16.0645 6.23169 15.6402C5.87813 15.2159 5.93545 14.5854 6.35973 14.2318L11.4379 10L6.35979 5.76825Z\" fill=\"black\" fill-opacity=\"0.41\" \/>\r\n                                <\/svg>\r\n                            <\/a>\r\n                                                    <a href=\"\/es\/help-center\/help-for-patients\/how-do-i-get-started\" class=\"c-list-box__item\">\r\n                                <span>\u00bfC\u00f3mo puedo empezar?<\/span>\r\n                                <svg width=\"20\" height=\"20\" viewBox=\"0 0 20 20\" fill=\"none\" xmlns=\"http:\/\/www.w3.org\/2000\/svg\">\r\n                                    <path fill-rule=\"evenodd\" clip-rule=\"evenodd\" d=\"M6.35979 5.76825C5.93551 5.41468 5.87819 4.78412 6.23175 4.35984C6.58532 3.93556 7.21588 3.87824 7.64016 4.2318L13.6265 9.22045C13.6499 9.23926 13.6726 9.25926 13.6944 9.28044C13.8816 9.46071 13.9845 9.69935 13.9984 9.94361C14.0084 10.1206 13.9717 10.3005 13.8864 10.4633C13.8432 10.5461 13.7878 10.6238 13.7204 10.6936C13.6897 10.7256 13.6573 10.7551 13.6234 10.7821L7.6401 15.7682C7.21582 16.1218 6.58526 16.0645 6.23169 15.6402C5.87813 15.2159 5.93545 14.5854 6.35973 14.2318L11.4379 10L6.35979 5.76825Z\" fill=\"black\" fill-opacity=\"0.41\" \/>\r\n                                <\/svg>\r\n                            <\/a>\r\n                                            <\/div>\r\n                    <a href=\"\/es\/help-center\/help-for-patients\/\" class=\"button button-white\"><\/a>\r\n                <\/div>\r\n            <\/div>\r\n            <div class=\"col-lg-6 col-sm-12 col-12 u-col\">\r\n                <div class=\"c-list-box\">\r\n                    <h2 class=\"c-list-box__title\">Gu\u00edas para medicos<\/h2>\r\n                    <div class=\"c-list-box__content\">\r\n                                                    <a href=\"\/es\/help-center\/help-for-clinicians\/do-i-need-to-install-anything-to-use-careportal\" class=\"c-list-box__item\">\r\n                                <span>\u00bfNecesito instalar algo para utilizar Careportal?<\/span>\r\n                                <svg width=\"20\" height=\"20\" viewBox=\"0 0 20 20\" fill=\"none\" xmlns=\"http:\/\/www.w3.org\/2000\/svg\">\r\n                                    <path fill-rule=\"evenodd\" clip-rule=\"evenodd\" d=\"M6.35979 5.76825C5.93551 5.41468 5.87819 4.78412 6.23175 4.35984C6.58532 3.93556 7.21588 3.87824 7.64016 4.2318L13.6265 9.22045C13.6499 9.23926 13.6726 9.25926 13.6944 9.28044C13.8816 9.46071 13.9845 9.69935 13.9984 9.94361C14.0084 10.1206 13.9717 10.3005 13.8864 10.4633C13.8432 10.5461 13.7878 10.6238 13.7204 10.6936C13.6897 10.7256 13.6573 10.7551 13.6234 10.7821L7.6401 15.7682C7.21582 16.1218 6.58526 16.0645 6.23169 15.6402C5.87813 15.2159 5.93545 14.5854 6.35973 14.2318L11.4379 10L6.35979 5.76825Z\" fill=\"black\" fill-opacity=\"0.41\" \/>\r\n                                <\/svg>\r\n                            <\/a>\r\n                                                    <a href=\"\/es\/help-center\/help-for-clinicians\/do-i-need-to-install-anything-to-use-careportal\" class=\"c-list-box__item\">\r\n                                <span>Do I need to install anything to use Careportal?<\/span>\r\n                                <svg width=\"20\" height=\"20\" viewBox=\"0 0 20 20\" fill=\"none\" xmlns=\"http:\/\/www.w3.org\/2000\/svg\">\r\n                                    <path fill-rule=\"evenodd\" clip-rule=\"evenodd\" d=\"M6.35979 5.76825C5.93551 5.41468 5.87819 4.78412 6.23175 4.35984C6.58532 3.93556 7.21588 3.87824 7.64016 4.2318L13.6265 9.22045C13.6499 9.23926 13.6726 9.25926 13.6944 9.28044C13.8816 9.46071 13.9845 9.69935 13.9984 9.94361C14.0084 10.1206 13.9717 10.3005 13.8864 10.4633C13.8432 10.5461 13.7878 10.6238 13.7204 10.6936C13.6897 10.7256 13.6573 10.7551 13.6234 10.7821L7.6401 15.7682C7.21582 16.1218 6.58526 16.0645 6.23169 15.6402C5.87813 15.2159 5.93545 14.5854 6.35973 14.2318L11.4379 10L6.35979 5.76825Z\" fill=\"black\" fill-opacity=\"0.41\" \/>\r\n                                <\/svg>\r\n                            <\/a>\r\n                                                    <a href=\"\/es\/help-center\/help-for-clinicians\/how-reliable-are-the-test-results\" class=\"c-list-box__item\">\r\n                                <span>\u00bfQu\u00e9 fiabilidad tienen los resultados de las pruebas?<\/span>\r\n                                <svg width=\"20\" height=\"20\" viewBox=\"0 0 20 20\" fill=\"none\" xmlns=\"http:\/\/www.w3.org\/2000\/svg\">\r\n                                    <path fill-rule=\"evenodd\" clip-rule=\"evenodd\" d=\"M6.35979 5.76825C5.93551 5.41468 5.87819 4.78412 6.23175 4.35984C6.58532 3.93556 7.21588 3.87824 7.64016 4.2318L13.6265 9.22045C13.6499 9.23926 13.6726 9.25926 13.6944 9.28044C13.8816 9.46071 13.9845 9.69935 13.9984 9.94361C14.0084 10.1206 13.9717 10.3005 13.8864 10.4633C13.8432 10.5461 13.7878 10.6238 13.7204 10.6936C13.6897 10.7256 13.6573 10.7551 13.6234 10.7821L7.6401 15.7682C7.21582 16.1218 6.58526 16.0645 6.23169 15.6402C5.87813 15.2159 5.93545 14.5854 6.35973 14.2318L11.4379 10L6.35979 5.76825Z\" fill=\"black\" fill-opacity=\"0.41\" \/>\r\n                                <\/svg>\r\n                            <\/a>\r\n                                                    <a href=\"\/es\/help-center\/help-for-clinicians\/how-reliable-are-the-test-results\" class=\"c-list-box__item\">\r\n                                <span>How reliable are the test results?<\/span>\r\n                                <svg width=\"20\" height=\"20\" viewBox=\"0 0 20 20\" fill=\"none\" xmlns=\"http:\/\/www.w3.org\/2000\/svg\">\r\n                                    <path fill-rule=\"evenodd\" clip-rule=\"evenodd\" d=\"M6.35979 5.76825C5.93551 5.41468 5.87819 4.78412 6.23175 4.35984C6.58532 3.93556 7.21588 3.87824 7.64016 4.2318L13.6265 9.22045C13.6499 9.23926 13.6726 9.25926 13.6944 9.28044C13.8816 9.46071 13.9845 9.69935 13.9984 9.94361C14.0084 10.1206 13.9717 10.3005 13.8864 10.4633C13.8432 10.5461 13.7878 10.6238 13.7204 10.6936C13.6897 10.7256 13.6573 10.7551 13.6234 10.7821L7.6401 15.7682C7.21582 16.1218 6.58526 16.0645 6.23169 15.6402C5.87813 15.2159 5.93545 14.5854 6.35973 14.2318L11.4379 10L6.35979 5.76825Z\" fill=\"black\" fill-opacity=\"0.41\" \/>\r\n                                <\/svg>\r\n                            <\/a>\r\n                                                    <a href=\"\/es\/help-center\/help-for-clinicians\/how-often-do-patients-use-your-tools\" class=\"c-list-box__item\">\r\n                                <span>\u00bfCon qu\u00e9 frecuencia utilizan los pacientes sus herramientas?<\/span>\r\n                                <svg width=\"20\" height=\"20\" viewBox=\"0 0 20 20\" fill=\"none\" xmlns=\"http:\/\/www.w3.org\/2000\/svg\">\r\n                                    <path fill-rule=\"evenodd\" clip-rule=\"evenodd\" d=\"M6.35979 5.76825C5.93551 5.41468 5.87819 4.78412 6.23175 4.35984C6.58532 3.93556 7.21588 3.87824 7.64016 4.2318L13.6265 9.22045C13.6499 9.23926 13.6726 9.25926 13.6944 9.28044C13.8816 9.46071 13.9845 9.69935 13.9984 9.94361C14.0084 10.1206 13.9717 10.3005 13.8864 10.4633C13.8432 10.5461 13.7878 10.6238 13.7204 10.6936C13.6897 10.7256 13.6573 10.7551 13.6234 10.7821L7.6401 15.7682C7.21582 16.1218 6.58526 16.0645 6.23169 15.6402C5.87813 15.2159 5.93545 14.5854 6.35973 14.2318L11.4379 10L6.35979 5.76825Z\" fill=\"black\" fill-opacity=\"0.41\" \/>\r\n                                <\/svg>\r\n                            <\/a>\r\n                                            <\/div>\r\n                    <a href=\"\/es\/help-center\/help-for-clinicians\/\" class=\"button button-white\">Todos los gu\u00edas cl\u00ednicos<\/a>\r\n                <\/div>\r\n            <\/div>\r\n        <\/div>\r\n    <\/div>\r\n<\/section>\r\n<section class=\"section-textbox\">\r\n    <div class=\"container\">\r\n        <div class=\"c-notification-box \" style=\"background: #EBF1F1\">\r\n                            <div class=\"c-notification-box__title\">Obt\u00e9n asistencia para los productos o cuentas<\/div>\r\n                            <div class=\"c-notification-box__content\">\r\n                    <div class=\"c-notification-box__content\">\n<p>Ponte en contacto con nuestro soporte t\u00e9cnico si tienes preguntas sobre el espir\u00f3metro, tu cuenta o problemas para usar la aplicaci\u00f3n o Careportal.<\/p>\n<\/div>\n                <\/div>\r\n                            <a href=\"https:\/\/dev.medituner.com\/get-support\/\" class=\"button\" target=\"\">Contact support<\/a>\r\n                    <\/div>\r\n    <\/div>\r\n<\/section>\r\n<section class=\"section-textbox\">\r\n    <div class=\"container\">\r\n        <div class=\"c-notification-box is-birch\" style=\"background: #0F5C66\">\r\n                            <div class=\"c-notification-box__title\">User manuals<\/div>\r\n                            <div class=\"c-tags\">\r\n                                            <a href=\"https:\/\/dev.medituner.com\/se\/wp-content\/uploads\/sites\/2\/2024\/03\/AT-5.1-AsthmaTuner_App_EN_Rev-3.3.1.pdf\" class=\"c-tags__item manual\" target=\"_blank\">\r\n                            <svg width=\"20\" height=\"20\" viewBox=\"0 0 20 20\" fill=\"none\" xmlns=\"http:\/\/www.w3.org\/2000\/svg\">\r\n                                <path d=\"M3.33398 14.1666V15.8333C3.33398 16.2753 3.50958 16.6992 3.82214 17.0118C4.1347 17.3243 4.55862 17.4999 5.00065 17.4999H15.0006C15.4427 17.4999 15.8666 17.3243 16.1792 17.0118C16.4917 16.6992 16.6673 16.2753 16.6673 15.8333V14.1666M5.83398 9.16659L10.0007 13.3333M10.0007 13.3333L14.1673 9.16659M10.0007 13.3333V3.33325\" stroke=\"#417880\" stroke-width=\"2\" stroke-linecap=\"round\" stroke-linejoin=\"round\" \/>\r\n                            <\/svg>\r\n                            <span>AsthmaTuner App<\/span>\r\n                        <\/a>\r\n                                            <a href=\"https:\/\/dev.medituner.com\/se\/wp-content\/uploads\/sites\/2\/2024\/03\/AT-5.1-AsthmaTuner_Careportal_EN_Rev-3.3.1.pdf\" class=\"c-tags__item manual\" target=\"\">\r\n                            <svg width=\"20\" height=\"20\" viewBox=\"0 0 20 20\" fill=\"none\" xmlns=\"http:\/\/www.w3.org\/2000\/svg\">\r\n                                <path d=\"M3.33398 14.1666V15.8333C3.33398 16.2753 3.50958 16.6992 3.82214 17.0118C4.1347 17.3243 4.55862 17.4999 5.00065 17.4999H15.0006C15.4427 17.4999 15.8666 17.3243 16.1792 17.0118C16.4917 16.6992 16.6673 16.2753 16.6673 15.8333V14.1666M5.83398 9.16659L10.0007 13.3333M10.0007 13.3333L14.1673 9.16659M10.0007 13.3333V3.33325\" stroke=\"#417880\" stroke-width=\"2\" stroke-linecap=\"round\" stroke-linejoin=\"round\" \/>\r\n                            <\/svg>\r\n                            <span>Careportal<\/span>\r\n                        <\/a>\r\n                                            <a href=\"https:\/\/dev.medituner.com\/se\/wp-content\/uploads\/sites\/2\/2024\/03\/AT_5.1_AsthmaTuner_Spirometer_EN_Rev_2.8.pdf\" class=\"c-tags__item manual\" target=\"\">\r\n                            <svg width=\"20\" height=\"20\" viewBox=\"0 0 20 20\" fill=\"none\" xmlns=\"http:\/\/www.w3.org\/2000\/svg\">\r\n                                <path d=\"M3.33398 14.1666V15.8333C3.33398 16.2753 3.50958 16.6992 3.82214 17.0118C4.1347 17.3243 4.55862 17.4999 5.00065 17.4999H15.0006C15.4427 17.4999 15.8666 17.3243 16.1792 17.0118C16.4917 16.6992 16.6673 16.2753 16.6673 15.8333V14.1666M5.83398 9.16659L10.0007 13.3333M10.0007 13.3333L14.1673 9.16659M10.0007 13.3333V3.33325\" stroke=\"#417880\" stroke-width=\"2\" stroke-linecap=\"round\" stroke-linejoin=\"round\" \/>\r\n                            <\/svg>\r\n                            <span>Spirometer<\/span>\r\n                        <\/a>\r\n                                    <\/div>\r\n                    <\/div>\r\n    <\/div>\r\n<\/section>\r\n<section class=\"section-textbox\">\r\n    <div class=\"container\">\r\n        <div class=\"c-notification-box is-birch\" style=\"background: #0F5C66\">\r\n                            <div class=\"c-notification-box__title\">Danish user manuals<\/div>\r\n                            <div class=\"c-tags\">\r\n                                            <a href=\"https:\/\/dev.medituner.com\/se\/wp-content\/uploads\/sites\/2\/2024\/03\/AT-5.1-AsthmaTuner_App_EN_Rev-3.3.1.pdf\" class=\"c-tags__item manual\" target=\"\">\r\n                            <svg width=\"20\" height=\"20\" viewBox=\"0 0 20 20\" fill=\"none\" xmlns=\"http:\/\/www.w3.org\/2000\/svg\">\r\n                                <path d=\"M3.33398 14.1666V15.8333C3.33398 16.2753 3.50958 16.6992 3.82214 17.0118C4.1347 17.3243 4.55862 17.4999 5.00065 17.4999H15.0006C15.4427 17.4999 15.8666 17.3243 16.1792 17.0118C16.4917 16.6992 16.6673 16.2753 16.6673 15.8333V14.1666M5.83398 9.16659L10.0007 13.3333M10.0007 13.3333L14.1673 9.16659M10.0007 13.3333V3.33325\" stroke=\"#417880\" stroke-width=\"2\" stroke-linecap=\"round\" stroke-linejoin=\"round\" \/>\r\n                            <\/svg>\r\n                            <span>AsthmaTuner App<\/span>\r\n                        <\/a>\r\n                                            <a href=\"https:\/\/dev.medituner.com\/se\/wp-content\/uploads\/sites\/2\/2024\/03\/AT-5.1-AsthmaTuner_Careportal_EN_Rev-3.3.1.pdf\" class=\"c-tags__item manual\" target=\"\">\r\n                            <svg width=\"20\" height=\"20\" viewBox=\"0 0 20 20\" fill=\"none\" xmlns=\"http:\/\/www.w3.org\/2000\/svg\">\r\n                                <path d=\"M3.33398 14.1666V15.8333C3.33398 16.2753 3.50958 16.6992 3.82214 17.0118C4.1347 17.3243 4.55862 17.4999 5.00065 17.4999H15.0006C15.4427 17.4999 15.8666 17.3243 16.1792 17.0118C16.4917 16.6992 16.6673 16.2753 16.6673 15.8333V14.1666M5.83398 9.16659L10.0007 13.3333M10.0007 13.3333L14.1673 9.16659M10.0007 13.3333V3.33325\" stroke=\"#417880\" stroke-width=\"2\" stroke-linecap=\"round\" stroke-linejoin=\"round\" \/>\r\n                            <\/svg>\r\n                            <span>Careportal<\/span>\r\n                        <\/a>\r\n                                    <\/div>\r\n                    <\/div>\r\n    <\/div>\r\n<\/section>","protected":false},"excerpt":{"rendered":"","protected":false},"author":1,"featured_media":0,"parent":0,"menu_order":0,"comment_status":"closed","ping_status":"closed","template":"page-faq-archive.php","meta":{"_acf_changed":false,"footnotes":""},"class_list":["post-635","page","type-page","status-publish","hentry"],"acf":[],"yoast_head":"<!-- This site is optimized with the Yoast SEO plugin v27.2 - https:\/\/yoast.com\/product\/yoast-seo-wordpress\/ -->\n<title>Help Center - Medituner USA<\/title>\n<meta name=\"robots\" content=\"noindex, follow, max-snippet:-1, max-image-preview:large, max-video-preview:-1\" \/>\n<meta property=\"og:locale\" content=\"es_ES\" \/>\n<meta property=\"og:type\" content=\"article\" \/>\n<meta property=\"og:title\" content=\"Help Center - Medituner USA\" \/>\n<meta property=\"og:url\" content=\"https:\/\/dev.medituner.com\/es\/help-center\/\" \/>\n<meta property=\"og:site_name\" content=\"Medituner USA\" \/>\n<meta property=\"article:modified_time\" content=\"2024-11-20T20:23:17+00:00\" \/>\n<meta name=\"twitter:card\" content=\"summary_large_image\" \/>\n<script type=\"application\/ld+json\" class=\"yoast-schema-graph\">{\"@context\":\"https:\/\/schema.org\",\"@graph\":[{\"@type\":\"WebPage\",\"@id\":\"https:\/\/dev.medituner.com\/es\/help-center\/\",\"url\":\"https:\/\/dev.medituner.com\/es\/help-center\/\",\"name\":\"Help Center - Medituner USA\",\"isPartOf\":{\"@id\":\"https:\/\/dev.medituner.com\/es\/#website\"},\"datePublished\":\"2024-02-08T17:02:18+00:00\",\"dateModified\":\"2024-11-20T20:23:17+00:00\",\"breadcrumb\":{\"@id\":\"https:\/\/dev.medituner.com\/es\/help-center\/#breadcrumb\"},\"inLanguage\":\"es\",\"potentialAction\":[{\"@type\":\"ReadAction\",\"target\":[\"https:\/\/dev.medituner.com\/es\/help-center\/\"]}]},{\"@type\":\"BreadcrumbList\",\"@id\":\"https:\/\/dev.medituner.com\/es\/help-center\/#breadcrumb\",\"itemListElement\":[{\"@type\":\"ListItem\",\"position\":1,\"name\":\"Home\",\"item\":\"https:\/\/dev.medituner.com\/es\/\"},{\"@type\":\"ListItem\",\"position\":2,\"name\":\"Help Center\"}]},{\"@type\":\"WebSite\",\"@id\":\"https:\/\/dev.medituner.com\/es\/#website\",\"url\":\"https:\/\/dev.medituner.com\/es\/\",\"name\":\"Medituner USA\",\"description\":\"\",\"potentialAction\":[{\"@type\":\"SearchAction\",\"target\":{\"@type\":\"EntryPoint\",\"urlTemplate\":\"https:\/\/dev.medituner.com\/es\/?s={search_term_string}\"},\"query-input\":{\"@type\":\"PropertyValueSpecification\",\"valueRequired\":true,\"valueName\":\"search_term_string\"}}],\"inLanguage\":\"es\"}]}<\/script>\n<!-- \/ Yoast SEO plugin. -->","yoast_head_json":{"title":"Help Center - Medituner USA","robots":{"index":"noindex","follow":"follow","max-snippet":"max-snippet:-1","max-image-preview":"max-image-preview:large","max-video-preview":"max-video-preview:-1"},"og_locale":"es_ES","og_type":"article","og_title":"Help Center - Medituner USA","og_url":"https:\/\/dev.medituner.com\/es\/help-center\/","og_site_name":"Medituner USA","article_modified_time":"2024-11-20T20:23:17+00:00","twitter_card":"summary_large_image","schema":{"@context":"https:\/\/schema.org","@graph":[{"@type":"WebPage","@id":"https:\/\/dev.medituner.com\/es\/help-center\/","url":"https:\/\/dev.medituner.com\/es\/help-center\/","name":"Help Center - Medituner USA","isPartOf":{"@id":"https:\/\/dev.medituner.com\/es\/#website"},"datePublished":"2024-02-08T17:02:18+00:00","dateModified":"2024-11-20T20:23:17+00:00","breadcrumb":{"@id":"https:\/\/dev.medituner.com\/es\/help-center\/#breadcrumb"},"inLanguage":"es","potentialAction":[{"@type":"ReadAction","target":["https:\/\/dev.medituner.com\/es\/help-center\/"]}]},{"@type":"BreadcrumbList","@id":"https:\/\/dev.medituner.com\/es\/help-center\/#breadcrumb","itemListElement":[{"@type":"ListItem","position":1,"name":"Home","item":"https:\/\/dev.medituner.com\/es\/"},{"@type":"ListItem","position":2,"name":"Help Center"}]},{"@type":"WebSite","@id":"https:\/\/dev.medituner.com\/es\/#website","url":"https:\/\/dev.medituner.com\/es\/","name":"Medituner USA","description":"","potentialAction":[{"@type":"SearchAction","target":{"@type":"EntryPoint","urlTemplate":"https:\/\/dev.medituner.com\/es\/?s={search_term_string}"},"query-input":{"@type":"PropertyValueSpecification","valueRequired":true,"valueName":"search_term_string"}}],"inLanguage":"es"}]}},"_links":{"self":[{"href":"https:\/\/dev.medituner.com\/es\/wp-json\/wp\/v2\/pages\/635","targetHints":{"allow":["GET"]}}],"collection":[{"href":"https:\/\/dev.medituner.com\/es\/wp-json\/wp\/v2\/pages"}],"about":[{"href":"https:\/\/dev.medituner.com\/es\/wp-json\/wp\/v2\/types\/page"}],"author":[{"embeddable":true,"href":"https:\/\/dev.medituner.com\/es\/wp-json\/wp\/v2\/users\/1"}],"replies":[{"embeddable":true,"href":"https:\/\/dev.medituner.com\/es\/wp-json\/wp\/v2\/comments?post=635"}],"version-history":[{"count":9,"href":"https:\/\/dev.medituner.com\/es\/wp-json\/wp\/v2\/pages\/635\/revisions"}],"predecessor-version":[{"id":1420,"href":"https:\/\/dev.medituner.com\/es\/wp-json\/wp\/v2\/pages\/635\/revisions\/1420"}],"wp:attachment":[{"href":"https:\/\/dev.medituner.com\/es\/wp-json\/wp\/v2\/media?parent=635"}],"curies":[{"name":"wp","href":"https:\/\/api.w.org\/{rel}","templated":true}]}}