{"id":649,"date":"2023-12-19T10:15:57","date_gmt":"2023-12-19T10:15:57","guid":{"rendered":"https:\/\/dev.medituner.com\/contactos\/"},"modified":"2024-03-04T12:33:25","modified_gmt":"2024-03-04T12:33:25","slug":"contact","status":"publish","type":"page","link":"https:\/\/dev.medituner.com\/es\/contact\/","title":{"rendered":"Contacto"},"content":{"rendered":"\r\n<section class=\"section-contacts\">\r\n    <div class=\"container\">\r\n        <h1>Cont\u00e1ctanos<\/h1>\r\n        <p class=\"subtitle\">\u00bfTienes alguna opini\u00f3n sobre los productos MediTuner? \u00bfQuieres empezar a utilizarlos por tu cuenta o formar un equipo para ofrecerle a tus pacientes esta plataforma? D\u00e9janos un mensaje y nos pondremos en contacto contigo lo antes posible, por lo general en menos de 24 horas.<\/p>\r\n\r\n        <div class=\"contact-wrapper\">\r\n            <div class=\"contacts\">\r\n                <h2>Informaci\u00f3n de contacto<\/h2>\r\n                <p class=\"subtitle\">\u00bfTienes sugerencias o quieres empezar? Ponte en contacto con nosotros.<\/p>\r\n                <p><a class=\"contact\" target=\"_blank\" href=\"tel:612-286-1960\"><img decoding=\"async\" src=\"https:\/\/dev.medituner.com\/wp-content\/uploads\/2024\/01\/phone.svg\" alt=\"\"><span>612-286-1960<\/span><\/a><\/p><p><a class=\"contact\" target=\"_blank\" href=\"mailto:support@meditunerusa.com\"><img decoding=\"async\" src=\"https:\/\/dev.medituner.com\/wp-content\/uploads\/2024\/01\/email.svg\" alt=\"\"><span>support@meditunerusa.com<\/span><\/a><\/p><p><a class=\"contact\" target=\"_blank\" href=\"https:\/\/maps.app.goo.gl\/jmv6K111NTKdRAEL6\"><img decoding=\"async\" src=\"https:\/\/dev.medituner.com\/wp-content\/uploads\/2024\/01\/map.svg\" alt=\"\"><span>7545 Veterans Dr., Suite 200 Ramsey MN, 55303<\/span><\/a><\/p>\r\n            <\/div>\r\n\r\n                            <div class=\"info\">\r\n                    <h2>Obt\u00e9n asistencia para los productos o cuentas<\/h2>\r\n                    <p>Ponte en contacto con nuestro servicio de asistencia t\u00e9cnica si tienes preguntas sobre el espir\u00f3metro, tu cuenta o problemas para utilizar la aplicaci\u00f3n o Careportal.<\/p>\r\n\r\n                                            <a class=\"button\" href=\"\/es\/get-support\">Obt\u00e9n asistencia<\/a>\r\n                                    <\/div>\r\n                            <div class=\"info\">\r\n                    <h2>Preguntas frecuentes y manuales de usuario<\/h2>\r\n                    <p>Consulta nuestras preguntas frecuentes y manuales para obtener respuestas a preguntas frecuentes sobre nuestros productos y su funcionamiento.<\/p>\r\n\r\n                                            <a class=\"button\" href=\"\/es\/help-center\">Recursos \u00fatiles<\/a>\r\n                                    <\/div>\r\n                    <\/div>\r\n    <\/div>\r\n<\/section>\n\n<section class=\"section-map\">\r\n    <h2>Nuestra ubicaci\u00f3n<\/h2>\r\n    <div class=\"map\">\r\n        <iframe src=\"https:\/\/www.google.com\/maps\/embed?pb=!1m18!1m12!1m3!1d2809.798218507951!2d-93.4585717!3d45.23164930000001!2m3!1f0!2f0!3f0!3m2!1i1024!2i768!4f13.1!3m3!1m2!1s0x52b3400b8c9ef46f%3A0x5d316965d1adb8ee!2sNorthwest%20Metro%20VA%20Clinic!5e0!3m2!1sen!2sse!4v1709203503845!5m2!1sen!2sse\" width=\"600\" height=\"450\" style=\"border:0;\" allowfullscreen=\"\" loading=\"lazy\" referrerpolicy=\"no-referrer-when-downgrade\"><\/iframe>    <\/div>\r\n<\/section>\n\n<section class=\"section-collaboration\">\r\n    <div class=\"container\">\r\n        <h2>MediTuner\u00ae En colaboraci\u00f3n con el Instituto Karolinska<\/h2>\r\n        <div class=\"bg\">\r\n                            <img decoding=\"async\" src=\"https:\/\/dev.medituner.com\/wp-content\/uploads\/2023\/12\/Karolinska-Institutet-photo.jpg\" alt=\"Karolinska-Institutet-photo\">\r\n                    <\/div>\r\n        <p>Fundada en 2014 por dos especialistas en enfermedades respiratorias, MediTuner se dedica a ser pionera en sistemas de autogesti\u00f3n y diagn\u00f3sticos a domicilio para afecciones respiratorias. Nuestro objetivo final: empoderar a los pacientes para que vivan sin s\u00edntomas.<\/p>\r\n        <a class=\"button\" href=\"\/es\/about\">Acerca de nosotros<\/a>\r\n    <\/div>\r\n<\/section>\n\n\r\n<section id=\"contact-us\" class=\"section-form background-brand\">\r\n    <div class=\"container\">\r\n        <div class=\"content\">\r\n            <h2>\u00bfDeseas empezar? Ponte en contacto con nosotros<\/h2>\r\n            <p>Si tienes alguna duda o quieres empezar a utilizar nuestros productos, env\u00edanos un mensaje. Por lo general, respondemos en un plazo de 24 horas.<\/p>\r\n        <\/div>\r\n        <div class=\"form\">\r\n            \n<div class=\"wpcf7 no-js\" id=\"wpcf7-f1125-o1\" lang=\"es-ES\" dir=\"ltr\" data-wpcf7-id=\"1125\">\n<div class=\"screen-reader-response\"><p role=\"status\" aria-live=\"polite\" aria-atomic=\"true\"><\/p> <ul><\/ul><\/div>\n<form action=\"\/es\/wp-json\/wp\/v2\/pages\/649#wpcf7-f1125-o1\" method=\"post\" class=\"wpcf7-form init\" aria-label=\"Formulario de contacto\" novalidate=\"novalidate\" data-status=\"init\">\n<fieldset class=\"hidden-fields-container\"><input type=\"hidden\" name=\"_wpcf7\" value=\"1125\" \/><input type=\"hidden\" name=\"_wpcf7_version\" value=\"6.1.5\" \/><input type=\"hidden\" name=\"_wpcf7_locale\" value=\"es_ES\" \/><input type=\"hidden\" name=\"_wpcf7_unit_tag\" value=\"wpcf7-f1125-o1\" \/><input type=\"hidden\" name=\"_wpcf7_container_post\" value=\"0\" \/><input type=\"hidden\" name=\"_wpcf7_posted_data_hash\" value=\"\" \/>\n<\/fieldset>\n<div class=\"input-w-50\">\n\t<p><label><br \/>\n<span class=\"label\">Nombre<\/span><br \/>\n<span class=\"wpcf7-form-control-wrap\" data-name=\"name-512\"><input size=\"40\" maxlength=\"50\" minlength=\"1\" class=\"wpcf7-form-control wpcf7-text wpcf7-validates-as-required\" aria-required=\"true\" aria-invalid=\"false\" value=\"\" type=\"text\" name=\"name-512\" \/><\/span><br \/>\n<\/label><br \/>\n<label><br \/>\n<span class=\"label\">Correo electr\u00f3nico<\/span><br \/>\n<span class=\"wpcf7-form-control-wrap\" data-name=\"email-512\"><input size=\"40\" maxlength=\"50\" minlength=\"5\" class=\"wpcf7-form-control wpcf7-email wpcf7-validates-as-required wpcf7-text wpcf7-validates-as-email\" aria-required=\"true\" aria-invalid=\"false\" value=\"\" type=\"email\" name=\"email-512\" \/><\/span><br \/>\n<\/label>\n\t<\/p>\n<\/div>\n<p><label class=\"label-textarea\"><br \/>\n<span class=\"label\">Mensaje<\/span><br \/>\n<span class=\"wpcf7-form-control-wrap\" data-name=\"message-512\"><textarea cols=\"40\" rows=\"10\" maxlength=\"500\" class=\"wpcf7-form-control wpcf7-textarea\" aria-invalid=\"false\" name=\"message-512\"><\/textarea><\/span><br \/>\n<\/label>\n<\/p>\n<div class=\"spamoff\">\n\t<p><span class=\"wpcf7-form-control-wrap\" data-name=\"acceptance-587\"><span class=\"wpcf7-form-control wpcf7-acceptance invert\"><span class=\"wpcf7-list-item\"><input type=\"checkbox\" name=\"acceptance-587\" value=\"1\" checked=\"checked\" class=\"spamoff\" id=\"spamoff\" aria-invalid=\"false\" \/><\/span><\/span><\/span>\n\t<\/p>\n<\/div>\n<div class=\"button-submit\">\n\t<p><input class=\"wpcf7-form-control wpcf7-submit has-spinner\" type=\"submit\" value=\"Send message\" \/>\n\t<\/p>\n<\/div><div class=\"wpcf7-response-output\" aria-hidden=\"true\"><\/div>\n<\/form>\n<\/div>\n        <\/div>\r\n        <div class=\"success\">\r\n            <h2>Gracias por tu mensaje!<\/h2>\r\n            <p>Respondemos pronto.<\/p>\r\n        <\/div>\r\n    <\/div>\r\n<\/section>","protected":false},"excerpt":{"rendered":"","protected":false},"author":1,"featured_media":0,"parent":0,"menu_order":0,"comment_status":"closed","ping_status":"closed","template":"","meta":{"_acf_changed":false,"footnotes":""},"class_list":["post-649","page","type-page","status-publish","hentry"],"acf":[],"yoast_head":"<!-- This site is optimized with the Yoast SEO plugin v27.2 - https:\/\/yoast.com\/product\/yoast-seo-wordpress\/ -->\n<title>Contacto - Medituner USA<\/title>\n<meta name=\"robots\" content=\"noindex, follow, max-snippet:-1, max-image-preview:large, max-video-preview:-1\" \/>\n<meta property=\"og:locale\" content=\"es_ES\" \/>\n<meta property=\"og:type\" content=\"article\" \/>\n<meta property=\"og:title\" content=\"Contacto - Medituner USA\" \/>\n<meta property=\"og:url\" content=\"https:\/\/dev.medituner.com\/es\/contact\/\" \/>\n<meta property=\"og:site_name\" content=\"Medituner USA\" \/>\n<meta property=\"article:modified_time\" content=\"2024-03-04T12:33:25+00:00\" \/>\n<meta name=\"twitter:card\" content=\"summary_large_image\" \/>\n<script type=\"application\/ld+json\" class=\"yoast-schema-graph\">{\"@context\":\"https:\/\/schema.org\",\"@graph\":[{\"@type\":\"WebPage\",\"@id\":\"https:\/\/dev.medituner.com\/es\/contact\/\",\"url\":\"https:\/\/dev.medituner.com\/es\/contact\/\",\"name\":\"Contacto - Medituner USA\",\"isPartOf\":{\"@id\":\"https:\/\/dev.medituner.com\/es\/#website\"},\"datePublished\":\"2023-12-19T10:15:57+00:00\",\"dateModified\":\"2024-03-04T12:33:25+00:00\",\"breadcrumb\":{\"@id\":\"https:\/\/dev.medituner.com\/es\/contact\/#breadcrumb\"},\"inLanguage\":\"es\",\"potentialAction\":[{\"@type\":\"ReadAction\",\"target\":[\"https:\/\/dev.medituner.com\/es\/contact\/\"]}]},{\"@type\":\"BreadcrumbList\",\"@id\":\"https:\/\/dev.medituner.com\/es\/contact\/#breadcrumb\",\"itemListElement\":[{\"@type\":\"ListItem\",\"position\":1,\"name\":\"Home\",\"item\":\"https:\/\/dev.medituner.com\/es\/\"},{\"@type\":\"ListItem\",\"position\":2,\"name\":\"Contacto\"}]},{\"@type\":\"WebSite\",\"@id\":\"https:\/\/dev.medituner.com\/es\/#website\",\"url\":\"https:\/\/dev.medituner.com\/es\/\",\"name\":\"Medituner USA\",\"description\":\"\",\"potentialAction\":[{\"@type\":\"SearchAction\",\"target\":{\"@type\":\"EntryPoint\",\"urlTemplate\":\"https:\/\/dev.medituner.com\/es\/?s={search_term_string}\"},\"query-input\":{\"@type\":\"PropertyValueSpecification\",\"valueRequired\":true,\"valueName\":\"search_term_string\"}}],\"inLanguage\":\"es\"}]}<\/script>\n<!-- \/ Yoast SEO plugin. -->","yoast_head_json":{"title":"Contacto - Medituner USA","robots":{"index":"noindex","follow":"follow","max-snippet":"max-snippet:-1","max-image-preview":"max-image-preview:large","max-video-preview":"max-video-preview:-1"},"og_locale":"es_ES","og_type":"article","og_title":"Contacto - Medituner USA","og_url":"https:\/\/dev.medituner.com\/es\/contact\/","og_site_name":"Medituner USA","article_modified_time":"2024-03-04T12:33:25+00:00","twitter_card":"summary_large_image","schema":{"@context":"https:\/\/schema.org","@graph":[{"@type":"WebPage","@id":"https:\/\/dev.medituner.com\/es\/contact\/","url":"https:\/\/dev.medituner.com\/es\/contact\/","name":"Contacto - Medituner USA","isPartOf":{"@id":"https:\/\/dev.medituner.com\/es\/#website"},"datePublished":"2023-12-19T10:15:57+00:00","dateModified":"2024-03-04T12:33:25+00:00","breadcrumb":{"@id":"https:\/\/dev.medituner.com\/es\/contact\/#breadcrumb"},"inLanguage":"es","potentialAction":[{"@type":"ReadAction","target":["https:\/\/dev.medituner.com\/es\/contact\/"]}]},{"@type":"BreadcrumbList","@id":"https:\/\/dev.medituner.com\/es\/contact\/#breadcrumb","itemListElement":[{"@type":"ListItem","position":1,"name":"Home","item":"https:\/\/dev.medituner.com\/es\/"},{"@type":"ListItem","position":2,"name":"Contacto"}]},{"@type":"WebSite","@id":"https:\/\/dev.medituner.com\/es\/#website","url":"https:\/\/dev.medituner.com\/es\/","name":"Medituner USA","description":"","potentialAction":[{"@type":"SearchAction","target":{"@type":"EntryPoint","urlTemplate":"https:\/\/dev.medituner.com\/es\/?s={search_term_string}"},"query-input":{"@type":"PropertyValueSpecification","valueRequired":true,"valueName":"search_term_string"}}],"inLanguage":"es"}]}},"_links":{"self":[{"href":"https:\/\/dev.medituner.com\/es\/wp-json\/wp\/v2\/pages\/649","targetHints":{"allow":["GET"]}}],"collection":[{"href":"https:\/\/dev.medituner.com\/es\/wp-json\/wp\/v2\/pages"}],"about":[{"href":"https:\/\/dev.medituner.com\/es\/wp-json\/wp\/v2\/types\/page"}],"author":[{"embeddable":true,"href":"https:\/\/dev.medituner.com\/es\/wp-json\/wp\/v2\/users\/1"}],"replies":[{"embeddable":true,"href":"https:\/\/dev.medituner.com\/es\/wp-json\/wp\/v2\/comments?post=649"}],"version-history":[{"count":23,"href":"https:\/\/dev.medituner.com\/es\/wp-json\/wp\/v2\/pages\/649\/revisions"}],"predecessor-version":[{"id":1149,"href":"https:\/\/dev.medituner.com\/es\/wp-json\/wp\/v2\/pages\/649\/revisions\/1149"}],"wp:attachment":[{"href":"https:\/\/dev.medituner.com\/es\/wp-json\/wp\/v2\/media?parent=649"}],"curies":[{"name":"wp","href":"https:\/\/api.w.org\/{rel}","templated":true}]}}