{"id":704,"date":"2024-02-02T08:29:34","date_gmt":"2024-02-02T08:29:34","guid":{"rendered":"https:\/\/dev.medituner.com\/inicio\/acerca-de-nosotros\/"},"modified":"2024-05-20T11:39:35","modified_gmt":"2024-05-20T11:39:35","slug":"about-us","status":"publish","type":"page","link":"https:\/\/dev.medituner.com\/es\/home\/about-us\/","title":{"rendered":"Acerca de nosotros"},"content":{"rendered":"<section class=\"section-content section-hero-image\">\r\n    <div class=\"container\">\r\n        <div class=\"content\">\r\n            <h1>Queremos darle a los pacientes el poder de gestionar su salud y sentirse mejor.<\/h1>\r\n            <p>Nuestro viaje comenz\u00f3 en 2014, ideado por dos expertos en enfermedades respiratorias. \u00bfNuestro objetivo? Crear herramientas sencillas de autocuidado y pruebas caseras para las afecciones respiratorias. Es un emocionante viaje en el que estamos y nos encantar\u00eda que nos acompa\u00f1aras.<\/p>\r\n            <div class=\"button-container\">\r\n                            <\/div>\r\n        <\/div>\r\n                    <div class=\"background\">\r\n                <img decoding=\"async\" src=\"https:\/\/dev.medituner.com\/wp-content\/uploads\/2024\/02\/about1-768x576.png\" alt=\"\">\r\n            <\/div>\r\n            <\/div>\r\n<\/section>        <section class=\"section-content \">\r\n            <div class=\"container\">\r\n                                <div class=\"img-wrapper\">\r\n                    <img decoding=\"async\" src=\"https:\/\/dev.medituner.com\/wp-content\/uploads\/2024\/02\/about2-768x615.png\" alt=\"\">\r\n                <\/div>\r\n                                <div class=\"content\">\r\n                    <h2>El origen de MediTuner<\/h2>\r\n                    <div><p>Nuestra historia comenz\u00f3 gracias a la colaboraci\u00f3n entre Bj\u00f6rn Nordlund, un dedicado enfermero investigador, y Henrik Ljungberg, un respetado neum\u00f3logo pedi\u00e1trico del Hospital Infantil Astrid Lindgren.<\/p>\n<p>Mientras trabajaban de cerca con los pacientes, reconocieron una necesidad recurrente entre aquellos que viven con asma: la necesidad de una orientaci\u00f3n continua m\u00e1s all\u00e1 de las visitas ocasionales al hospital. La naturaleza repetitiva de los consejos proporcionados durante las citas revel\u00f3 la oportunidad de simplificar el proceso y ofrecer un apoyo constante fuera de las citas programadas.<\/p>\n<p>As\u00ed naci\u00f3 AsthmaTuner A la luz de esta visi\u00f3n, conceptualizaron una herramienta que empoderara a las personas con asma, garantizando que la informaci\u00f3n vital estuviera siempre a mano.<\/p>\n<\/div>\r\n                <\/div>\r\n            <\/div>\r\n        <\/section>\r\n        <section class=\"section-content section-content-revert\">\r\n            <div class=\"container\">\r\n                                <div class=\"img-wrapper\">\r\n                    <img decoding=\"async\" src=\"https:\/\/dev.medituner.com\/wp-content\/uploads\/2024\/02\/about3-768x615.png\" alt=\"\">\r\n                <\/div>\r\n                                <div class=\"content\">\r\n                    <h2>Hoy aqu\u00ed estamos<\/h2>\r\n                    <div><p>Hoy en d\u00eda, MediTuner se ha convertido en l\u00edder en salud respiratoria. Ahora abarcamos una gama m\u00e1s amplia de afecciones respiratorias. Nuestro objetivo sigue siendo el mismo: facilitar el diagn\u00f3stico, crear planes de tratamiento personalizados y mejorar el seguimiento. Con esta expansi\u00f3n, estamos m\u00e1s comprometidos que nunca en ayudar tanto a los pacientes como a los profesionales m\u00e9dicos. \u00danete a nosotros mientras continuamos en este viaje hacia una respiraci\u00f3n m\u00e1s f\u00e1cil para todos.<\/p>\n<\/div>\r\n                <\/div>\r\n            <\/div>\r\n        <\/section>\r\n\r\n    <section class=\"section-about background-brand\">\r\n        <div class=\"container\">\r\n            <h2>Nuestros productos son<\/h2>\r\n            <div class=\"info\">\r\n                                    <div class=\"item\">\r\n                        <div class=\"img\">\r\n                                                            <img decoding=\"async\" src=\"https:\/\/dev.medituner.com\/wp-content\/uploads\/2024\/02\/products1.svg\" alt=\"\">\r\n                                                    <\/div>\r\n                        <h3>Cl\u00ednicamente validados<\/h3>\r\n                        <p>Nuestras soluciones est\u00e1n respaldadas por investigaci\u00f3n, garantizando su eficacia y fiabilidad en la mejora de la salud respiratoria.<\/p>\r\n                    <\/div>\r\n                                    <div class=\"item\">\r\n                        <div class=\"img\">\r\n                                                            <img decoding=\"async\" src=\"https:\/\/dev.medituner.com\/wp-content\/uploads\/2024\/02\/products2.svg\" alt=\"\">\r\n                                                    <\/div>\r\n                        <h3>Con el sello CE y aprobado por la FDA<\/h3>\r\n                        <p>Este doble aval garantiza la seguridad, eficacia y calidad de nuestras soluciones.<\/p>\r\n                    <\/div>\r\n                                    <div class=\"item\">\r\n                        <div class=\"img\">\r\n                                                            <img decoding=\"async\" src=\"https:\/\/dev.medituner.com\/wp-content\/uploads\/2024\/02\/products3.svg\" alt=\"\">\r\n                                                    <\/div>\r\n                        <h3>Construido sobre s\u00f3lidas asociaciones<\/h3>\r\n                        <p>Nuestras colaboraciones con instituciones m\u00e9dicas y organizaciones l\u00edderes subraya nuestro compromiso con la calidad.<\/p>\r\n                    <\/div>\r\n                                    <div class=\"item\">\r\n                        <div class=\"img\">\r\n                                                            <img decoding=\"async\" src=\"https:\/\/dev.medituner.com\/wp-content\/uploads\/2024\/02\/products4.svg\" alt=\"\">\r\n                                                    <\/div>\r\n                        <h3>F\u00e1cil de utilizar<\/h3>\r\n                        <p>Dise\u00f1ados con la experiencia del usuario en mente, nuestros productos son f\u00e1ciles de usar, fomentando la participaci\u00f3n y el compromiso efectivos por parte de los pacientes.<\/p>\r\n                    <\/div>\r\n                                    <div class=\"item\">\r\n                        <div class=\"img\">\r\n                                                            <img decoding=\"async\" src=\"https:\/\/dev.medituner.com\/wp-content\/uploads\/2024\/02\/products5.svg\" alt=\"\">\r\n                                                    <\/div>\r\n                        <h3>Soporte<\/h3>\r\n                        <p>Nuestro equipo de soporte est\u00e1 siempre disponible para responder cualquier pregunta o inquietud, garantizando una experiencia sin complicaciones para nuestros usuarios.<\/p>\r\n                    <\/div>\r\n                            <\/div>\r\n        <\/div>\r\n    <\/section>\r\n\r\n<section class=\"section-content section-content-revert\">\r\n    <div class=\"container\">\r\n                    <div class=\"img-wrapper\">\r\n                <img decoding=\"async\" src=\"https:\/\/dev.medituner.com\/wp-content\/uploads\/2024\/02\/about4-768x615.png\" alt=\"\">\r\n            <\/div>\r\n                <div class=\"content\">\r\n            <h2>Conoce las investigaciones que respaldan nuestras herramientas.<\/h2>\r\n            <p>\u00a1Sum\u00e9rgete en la ciencia que impulsa nuestras herramientas! Explora los siguientes estudios que muestran la eficacia y el impacto de nuestras soluciones<\/p>\r\n                            <a class=\"button\" href=\"\/evidence\">Ver la evidencia<\/a>\r\n            \r\n        <\/div>\r\n    <\/div>\r\n<\/section>\r\n    <section class=\"section-about section-awards background-brand\">\r\n        <div class=\"container\">\r\n            <h2>Premios y reconocimientos<\/h2>\r\n            <p>Estos premios significan mucho para nosotros. Son como palmaditas en la espalda de profesionales m\u00e9dicos y pacientes que han confiado en nosotros. Nuestro objetivo es mejorar la usabilidad, los cuidados respiratorios y el bienestar. As\u00ed que, \u00bfser reconocidos por ello? Es verdaderamente conmovedor.<\/p>\r\n            <div class=\"info\">\r\n                                    <div class=\"item\">\r\n                        <div class=\"img\">\r\n                                                            <img decoding=\"async\" src=\"https:\/\/dev.medituner.com\/wp-content\/uploads\/2024\/02\/awards1.png\" alt=\"\">\r\n                                                    <\/div>\r\n                        <h3>Startup del a\u00f1o<\/h3>\r\n                        <p>Techarenan 2023<\/h3>\r\n                        <p>La competencia de emprendedores para las empresas de startups y crecimiento de los pa\u00edses n\u00f3rdicos<\/p>\r\n                    <\/div>\r\n                                    <div class=\"item\">\r\n                        <div class=\"img\">\r\n                                                            <img decoding=\"async\" src=\"https:\/\/dev.medituner.com\/wp-content\/uploads\/2024\/02\/awards2.png\" alt=\"\">\r\n                                                    <\/div>\r\n                        <h3>La mejor tecnolog\u00eda digital para el asma<\/h3>\r\n                        <p>EFA 2023<\/h3>\r\n                        <p>Honra los esfuerzos de salud digital que se centran en los pacientes a trav\u00e9s del dise\u00f1o, el acceso y la eficacia<\/p>\r\n                    <\/div>\r\n                                    <div class=\"item\">\r\n                        <div class=\"img\">\r\n                                                            <img decoding=\"async\" src=\"https:\/\/dev.medituner.com\/wp-content\/uploads\/2024\/02\/awards3.png\" alt=\"\">\r\n                                                    <\/div>\r\n                        <h3>Athena Award<\/h3>\r\n                        <p>2021<\/h3>\r\n                        <p>El mayor premio de Suecia a la investigaci\u00f3n y la innovaci\u00f3n<\/p>\r\n                    <\/div>\r\n                                    <div class=\"item\">\r\n                        <div class=\"img\">\r\n                                                            <img decoding=\"async\" src=\"https:\/\/dev.medituner.com\/wp-content\/uploads\/2024\/02\/awards4.png\" alt=\"\">\r\n                                                    <\/div>\r\n                        <h3>InUse Award<\/h3>\r\n                        <p>2020<\/h3>\r\n                        <p>Un premio de dise\u00f1o a la mejor experiencia de usuario de Suecia<\/p>\r\n                    <\/div>\r\n                            <\/div>\r\n        <\/div>\r\n    <\/section>\r\n<section class=\"section-team\">\r\n    <div class=\"container\">\r\n        <h2>Conoce a los fundadores<\/h2>\r\n                    <div class=\"team\">\r\n                                    <div class=\"item\">\r\n                        <div class=\"img\">\r\n                                                            <img decoding=\"async\" src=\"https:\/\/dev.medituner.com\/wp-content\/uploads\/2024\/02\/team1.png\" alt=\"\">\r\n                                                    <\/div>\r\n                        <h3>Henrik Ljungberg<\/h3>\r\n                        <p>Fundador y m\u00e9dico<\/p>\r\n                    <\/div>\r\n                                    <div class=\"item\">\r\n                        <div class=\"img\">\r\n                                                            <img decoding=\"async\" src=\"https:\/\/dev.medituner.com\/wp-content\/uploads\/2024\/02\/team2.png\" alt=\"\">\r\n                                                    <\/div>\r\n                        <h3>Bj\u00f6rn Nordlund<\/h3>\r\n                        <p>Fundador e investigador<\/p>\r\n                    <\/div>\r\n                            <\/div>\r\n            <\/div>\r\n<\/section><section class=\"section-team\">\r\n    <div class=\"container\">\r\n        <h2>Conoce al equipo<\/h2>\r\n                    <div class=\"team\">\r\n                                    <div class=\"item\">\r\n                        <div class=\"img\">\r\n                                                            <img decoding=\"async\" src=\"https:\/\/dev.medituner.com\/wp-content\/uploads\/2024\/02\/team3.png\" alt=\"\">\r\n                                                    <\/div>\r\n                        <h3>Eric Alhanko<\/h3>\r\n                        <p>CEO<\/p>\r\n                    <\/div>\r\n                                    <div class=\"item\">\r\n                        <div class=\"img\">\r\n                                                            <img decoding=\"async\" src=\"https:\/\/dev.medituner.com\/wp-content\/uploads\/2024\/02\/team4.png\" alt=\"\">\r\n                                                    <\/div>\r\n                        <h3>Mario Nozzarella<\/h3>\r\n                        <p>Socio \/ Divisi\u00f3n Norteam\u00e9rica<\/p>\r\n                    <\/div>\r\n                                    <div class=\"item\">\r\n                        <div class=\"img\">\r\n                                                            <img decoding=\"async\" src=\"https:\/\/dev.medituner.com\/wp-content\/uploads\/2024\/02\/team5.png\" alt=\"\">\r\n                                                    <\/div>\r\n                        <h3>Emma L\u00e5ngstr\u00f6m<\/h3>\r\n                        <p>Directora de productos<\/p>\r\n                    <\/div>\r\n                                    <div class=\"item\">\r\n                        <div class=\"img\">\r\n                                                            <img decoding=\"async\" src=\"https:\/\/dev.medituner.com\/wp-content\/uploads\/2024\/02\/team6.png\" alt=\"\">\r\n                                                    <\/div>\r\n                        <h3>Marcus Dahn<\/h3>\r\n                        <p>Desarrollador de Backend<\/p>\r\n                    <\/div>\r\n                                    <div class=\"item\">\r\n                        <div class=\"img\">\r\n                                                            <img decoding=\"async\" src=\"https:\/\/dev.medituner.com\/wp-content\/uploads\/2024\/02\/team7.png\" alt=\"\">\r\n                                                    <\/div>\r\n                        <h3>Jalle Lhotsky<\/h3>\r\n                        <p>\u00c9xito y soporte al cliente<\/p>\r\n                    <\/div>\r\n                                    <div class=\"item\">\r\n                        <div class=\"img\">\r\n                                                            <img decoding=\"async\" src=\"https:\/\/dev.medituner.com\/wp-content\/uploads\/2024\/02\/team8.png\" alt=\"\">\r\n                                                    <\/div>\r\n                        <h3>Dmitriy Mankov<\/h3>\r\n                        <p>Desarrollador de Front End<\/p>\r\n                    <\/div>\r\n                                    <div class=\"item\">\r\n                        <div class=\"img\">\r\n                                                            <img decoding=\"async\" src=\"https:\/\/dev.medituner.com\/wp-content\/uploads\/2024\/02\/team9.png\" alt=\"\">\r\n                                                    <\/div>\r\n                        <h3>Karlijn Van Herpen<\/h3>\r\n                        <p>Directora de Control de Calidad y Evaluaci\u00f3n de Riesgos<\/p>\r\n                    <\/div>\r\n                                    <div class=\"item\">\r\n                        <div class=\"img\">\r\n                                                            <img decoding=\"async\" src=\"https:\/\/dev.medituner.com\/wp-content\/uploads\/2024\/02\/team10.png\" alt=\"\">\r\n                                                    <\/div>\r\n                        <h3>Johanna Edoff<\/h3>\r\n                        <p>Directora de Estudios y Ejecuci\u00f3n<\/p>\r\n                    <\/div>\r\n                                    <div class=\"item\">\r\n                        <div class=\"img\">\r\n                                                            <img decoding=\"async\" src=\"https:\/\/dev.medituner.com\/wp-content\/uploads\/2024\/02\/team11.png\" alt=\"\">\r\n                                                    <\/div>\r\n                        <h3>Elias Kronberg<\/h3>\r\n                        <p>Direcci\u00f3n de desarrollo de Back End<\/p>\r\n                    <\/div>\r\n                                    <div class=\"item\">\r\n                        <div class=\"img\">\r\n                                                            <img decoding=\"async\" src=\"https:\/\/dev.medituner.com\/wp-content\/uploads\/2024\/02\/team12.png\" alt=\"\">\r\n                                                    <\/div>\r\n                        <h3>Isabella Smolarski<\/h3>\r\n                        <p>Direcci\u00f3n de dise\u00f1o UX<\/p>\r\n                    <\/div>\r\n                                    <div class=\"item\">\r\n                        <div class=\"img\">\r\n                                                            <img decoding=\"async\" src=\"https:\/\/dev.medituner.com\/wp-content\/uploads\/2024\/02\/team13.png\" alt=\"\">\r\n                                                    <\/div>\r\n                        <h3>Joakim Bauman<\/h3>\r\n                        <p>CTO<\/p>\r\n                    <\/div>\r\n                                    <div class=\"item\">\r\n                        <div class=\"img\">\r\n                                                            <img decoding=\"async\" src=\"https:\/\/dev.medituner.com\/wp-content\/uploads\/2024\/02\/team14.png\" alt=\"\">\r\n                                                    <\/div>\r\n                        <h3>Martine S\u00f8berg Isachsen<\/h3>\r\n                        <p>Direcci\u00f3n de estudio e implementaci\u00f3n<\/p>\r\n                    <\/div>\r\n                                    <div class=\"item\">\r\n                        <div class=\"img\">\r\n                                                            <img decoding=\"async\" src=\"https:\/\/dev.medituner.com\/wp-content\/uploads\/2024\/02\/team15.png\" alt=\"\">\r\n                                                    <\/div>\r\n                        <h3>Anna Carleborg<\/h3>\r\n                        <p>Gestora de proyectos<\/p>\r\n                    <\/div>\r\n                                    <div class=\"item\">\r\n                        <div class=\"img\">\r\n                                                            <img decoding=\"async\" src=\"https:\/\/dev.medituner.com\/wp-content\/uploads\/2024\/02\/team16.png\" alt=\"\">\r\n                                                    <\/div>\r\n                        <h3>Nick Fomin<\/h3>\r\n                        <p>Direcci\u00f3n de iOS<\/p>\r\n                    <\/div>\r\n                                    <div class=\"item\">\r\n                        <div class=\"img\">\r\n                                                            <img decoding=\"async\" src=\"https:\/\/dev.medituner.com\/wp-content\/uploads\/2024\/02\/team17.png\" alt=\"\">\r\n                                                    <\/div>\r\n                        <h3>Nicklas Oxhammar<\/h3>\r\n                        <p>Desarrollador de Android<\/p>\r\n                    <\/div>\r\n                                    <div class=\"item\">\r\n                        <div class=\"img\">\r\n                                                            <img decoding=\"async\" src=\"https:\/\/dev.medituner.com\/wp-content\/uploads\/2024\/05\/Ingrid-295x300.png\" alt=\"\">\r\n                                                    <\/div>\r\n                        <h3>Ingrid Bratt<\/h3>\r\n                        <p>Directora de I+D<\/p>\r\n                    <\/div>\r\n                            <\/div>\r\n            <\/div>\r\n<\/section>","protected":false},"excerpt":{"rendered":"","protected":false},"author":1,"featured_media":0,"parent":625,"menu_order":0,"comment_status":"closed","ping_status":"closed","template":"","meta":{"_acf_changed":false,"footnotes":""},"class_list":["post-704","page","type-page","status-publish","hentry"],"acf":[],"yoast_head":"<!-- This site is optimized with the Yoast SEO plugin v27.2 - https:\/\/yoast.com\/product\/yoast-seo-wordpress\/ -->\n<title>Acerca de nosotros - Medituner USA<\/title>\n<meta name=\"robots\" content=\"noindex, follow, max-snippet:-1, max-image-preview:large, max-video-preview:-1\" \/>\n<meta property=\"og:locale\" content=\"es_ES\" \/>\n<meta property=\"og:type\" content=\"article\" \/>\n<meta property=\"og:title\" content=\"Acerca de nosotros - Medituner USA\" \/>\n<meta property=\"og:url\" content=\"https:\/\/dev.medituner.com\/es\/home\/about-us\/\" \/>\n<meta property=\"og:site_name\" content=\"Medituner USA\" \/>\n<meta property=\"article:modified_time\" content=\"2024-05-20T11:39:35+00:00\" \/>\n<meta name=\"twitter:card\" content=\"summary_large_image\" \/>\n<script type=\"application\/ld+json\" class=\"yoast-schema-graph\">{\"@context\":\"https:\/\/schema.org\",\"@graph\":[{\"@type\":\"WebPage\",\"@id\":\"https:\/\/dev.medituner.com\/es\/home\/about-us\/\",\"url\":\"https:\/\/dev.medituner.com\/es\/home\/about-us\/\",\"name\":\"Acerca de nosotros - Medituner USA\",\"isPartOf\":{\"@id\":\"https:\/\/dev.medituner.com\/es\/#website\"},\"datePublished\":\"2024-02-02T08:29:34+00:00\",\"dateModified\":\"2024-05-20T11:39:35+00:00\",\"breadcrumb\":{\"@id\":\"https:\/\/dev.medituner.com\/es\/home\/about-us\/#breadcrumb\"},\"inLanguage\":\"es\",\"potentialAction\":[{\"@type\":\"ReadAction\",\"target\":[\"https:\/\/dev.medituner.com\/es\/home\/about-us\/\"]}]},{\"@type\":\"BreadcrumbList\",\"@id\":\"https:\/\/dev.medituner.com\/es\/home\/about-us\/#breadcrumb\",\"itemListElement\":[{\"@type\":\"ListItem\",\"position\":1,\"name\":\"Home\",\"item\":\"https:\/\/dev.medituner.com\/es\/\"},{\"@type\":\"ListItem\",\"position\":2,\"name\":\"Inicio\",\"item\":\"https:\/\/dev.medituner.com\/es\/\"},{\"@type\":\"ListItem\",\"position\":3,\"name\":\"Acerca de nosotros\"}]},{\"@type\":\"WebSite\",\"@id\":\"https:\/\/dev.medituner.com\/es\/#website\",\"url\":\"https:\/\/dev.medituner.com\/es\/\",\"name\":\"Medituner USA\",\"description\":\"\",\"potentialAction\":[{\"@type\":\"SearchAction\",\"target\":{\"@type\":\"EntryPoint\",\"urlTemplate\":\"https:\/\/dev.medituner.com\/es\/?s={search_term_string}\"},\"query-input\":{\"@type\":\"PropertyValueSpecification\",\"valueRequired\":true,\"valueName\":\"search_term_string\"}}],\"inLanguage\":\"es\"}]}<\/script>\n<!-- \/ Yoast SEO plugin. -->","yoast_head_json":{"title":"Acerca de nosotros - Medituner USA","robots":{"index":"noindex","follow":"follow","max-snippet":"max-snippet:-1","max-image-preview":"max-image-preview:large","max-video-preview":"max-video-preview:-1"},"og_locale":"es_ES","og_type":"article","og_title":"Acerca de nosotros - Medituner USA","og_url":"https:\/\/dev.medituner.com\/es\/home\/about-us\/","og_site_name":"Medituner USA","article_modified_time":"2024-05-20T11:39:35+00:00","twitter_card":"summary_large_image","schema":{"@context":"https:\/\/schema.org","@graph":[{"@type":"WebPage","@id":"https:\/\/dev.medituner.com\/es\/home\/about-us\/","url":"https:\/\/dev.medituner.com\/es\/home\/about-us\/","name":"Acerca de nosotros - Medituner USA","isPartOf":{"@id":"https:\/\/dev.medituner.com\/es\/#website"},"datePublished":"2024-02-02T08:29:34+00:00","dateModified":"2024-05-20T11:39:35+00:00","breadcrumb":{"@id":"https:\/\/dev.medituner.com\/es\/home\/about-us\/#breadcrumb"},"inLanguage":"es","potentialAction":[{"@type":"ReadAction","target":["https:\/\/dev.medituner.com\/es\/home\/about-us\/"]}]},{"@type":"BreadcrumbList","@id":"https:\/\/dev.medituner.com\/es\/home\/about-us\/#breadcrumb","itemListElement":[{"@type":"ListItem","position":1,"name":"Home","item":"https:\/\/dev.medituner.com\/es\/"},{"@type":"ListItem","position":2,"name":"Inicio","item":"https:\/\/dev.medituner.com\/es\/"},{"@type":"ListItem","position":3,"name":"Acerca de nosotros"}]},{"@type":"WebSite","@id":"https:\/\/dev.medituner.com\/es\/#website","url":"https:\/\/dev.medituner.com\/es\/","name":"Medituner USA","description":"","potentialAction":[{"@type":"SearchAction","target":{"@type":"EntryPoint","urlTemplate":"https:\/\/dev.medituner.com\/es\/?s={search_term_string}"},"query-input":{"@type":"PropertyValueSpecification","valueRequired":true,"valueName":"search_term_string"}}],"inLanguage":"es"}]}},"_links":{"self":[{"href":"https:\/\/dev.medituner.com\/es\/wp-json\/wp\/v2\/pages\/704","targetHints":{"allow":["GET"]}}],"collection":[{"href":"https:\/\/dev.medituner.com\/es\/wp-json\/wp\/v2\/pages"}],"about":[{"href":"https:\/\/dev.medituner.com\/es\/wp-json\/wp\/v2\/types\/page"}],"author":[{"embeddable":true,"href":"https:\/\/dev.medituner.com\/es\/wp-json\/wp\/v2\/users\/1"}],"replies":[{"embeddable":true,"href":"https:\/\/dev.medituner.com\/es\/wp-json\/wp\/v2\/comments?post=704"}],"version-history":[{"count":9,"href":"https:\/\/dev.medituner.com\/es\/wp-json\/wp\/v2\/pages\/704\/revisions"}],"predecessor-version":[{"id":1270,"href":"https:\/\/dev.medituner.com\/es\/wp-json\/wp\/v2\/pages\/704\/revisions\/1270"}],"up":[{"embeddable":true,"href":"https:\/\/dev.medituner.com\/es\/wp-json\/wp\/v2\/pages\/625"}],"wp:attachment":[{"href":"https:\/\/dev.medituner.com\/es\/wp-json\/wp\/v2\/media?parent=704"}],"curies":[{"name":"wp","href":"https:\/\/api.w.org\/{rel}","templated":true}]}}