{"id":1034,"date":"2024-02-20T16:36:48","date_gmt":"2024-02-20T16:36:48","guid":{"rendered":"https:\/\/dev.medituner.com\/no\/evidence\/"},"modified":"2024-03-19T10:01:57","modified_gmt":"2024-03-19T10:01:57","slug":"evidence","status":"publish","type":"page","link":"https:\/\/dev.medituner.com\/no\/evidence\/","title":{"rendered":"Forskning og artikler"},"content":{"rendered":"<section class=\"section-content section-hero-image\">\r\n    <div class=\"container\">\r\n        <div class=\"content\">\r\n            <h1>La oss se p\u00e5 kunnskapsgrunnlaget<\/h1>\r\n            <p>Grav i forskningen bak v\u00e5re verkt\u00f8y Utforsk vitenskapen som driver verkt\u00f8yene v\u00e5re! Studiene nedenfor viser effekten av v\u00e5re l\u00f8sninger og digital hjemmeoppf\u00f8lging.<\/p>\r\n            <div class=\"button-container\">\r\n                            <\/div>\r\n        <\/div>\r\n                    <div class=\"background\">\r\n                <img decoding=\"async\" src=\"https:\/\/dev.medituner.com\/no\/wp-content\/uploads\/sites\/3\/2024\/03\/Image-768x576.png\" alt=\"\">\r\n            <\/div>\r\n            <\/div>\r\n<\/section>\n\n\r\n<section class=\"section-linkbox \">\r\n    <div class=\"container\">\r\n        <h2>Studier p\u00e5 MediTuner-l\u00f8sninger<\/h2>\r\n        <div class=\"linkbox-wrapper\">\r\n                            <a class=\"item \" href=\"https:\/\/bmjopensem.bmj.com\/content\/9\/3\/e001680\" target=\"_blank\">\r\n                    <p>Publikasjon\u2022Anstrengelsestest<\/p>\r\n                    <h3>Les mer hvordan app-basert spirometri styrker idrettsut\u00f8vere med anstrengelsesutl\u00f8ste symptomer gjennom feltbaserte provokasjonstester uten tilsyn.<\/h3>\r\n                    <div class=\"arrow\"><\/div>\r\n                <\/a>\r\n                            <a class=\"item \" href=\"https:\/\/openres.ersjournals.com\/content\/6\/3\/00259-2020\" target=\"_blank\">\r\n                    <p>Publikasjon\u2022Utredningstest<\/p>\r\n                    <h3>Sammenlignet med standardmetoder, var AsthmaTuner signifikant mer tidseffektiv for \u00e5 samle inn og analysere seriell PEF ved arbeidsrelatert astma.<\/h3>\r\n                    <div class=\"arrow\"><\/div>\r\n                <\/a>\r\n                            <a class=\"item \" href=\"https:\/\/www.ncbi.nlm.nih.gov\/pmc\/articles\/PMC9008850\/\" target=\"_blank\">\r\n                    <p>Publikasjons\u2022Behandlingstest<\/p>\r\n                    <h3>Bruk av AsthmaTuner gj\u00f8r sykepleiernes arbeid mer effektivt og pasientene blir mer involvert i deres behandling.<\/h3>\r\n                    <div class=\"arrow\"><\/div>\r\n                <\/a>\r\n                            <a class=\"item fullwidth\" href=\"https:\/\/erj.ersjournals.com\/content\/54\/5\/1900983\" target=\"_blank\">\r\n                    <p>Publikasjon\u2022Behandlingstest<\/p>\r\n                    <h3>AsthmaTuner forbedret symptomkontroll hos pasienter med ukontrollert astma sammenlignet med konvensjonell behandling.<\/h3>\r\n                    <div class=\"arrow\"><\/div>\r\n                <\/a>\r\n                    <\/div>\r\n    <\/div>\r\n<\/section>\n\n\r\n<section class=\"section-linkbox section-linkbox-white\">\r\n    <div class=\"container\">\r\n        <h2>Andre publikasjoner<\/h2>\r\n        <div class=\"linkbox-wrapper\">\r\n                            <a class=\"item \" href=\"https:\/\/spirometry.com\/media\/documents\/2020\/05\/Comparison-of-a-portable-smart-spirometer.pdf\" target=\"_blank\">\r\n                    <p>Publikasjon\u2022Spirometer<\/p>\r\n                    <h3>Spirobank\u00ae smart spirometer er en p\u00e5litelig enhet n\u00e5r den brukes med FlowMIR engangsturbiner<\/h3>\r\n                    <div class=\"arrow\"><\/div>\r\n                <\/a>\r\n                            <a class=\"item \" href=\"https:\/\/www.atsjournals.org\/doi\/abs\/10.1164\/ajrccm-conference.2021.203.1_MeetingAbstracts.A2020\" target=\"_blank\">\r\n                    <p>Publikasjon\u2022Spirometer<\/p>\r\n                    <h3>Hjemmespirometri er en p\u00e5litelig enhet for overv\u00e5king av CF-pasienter<\/h3>\r\n                    <div class=\"arrow\"><\/div>\r\n                <\/a>\r\n                            <a class=\"item \" href=\"https:\/\/www.minimetodevurdering.no\/minimetodevurdering\/?id=121033\" target=\"_blank\">\r\n                    <p>Publikasjon\u2022Hjemmeoppf\u00f8lging<\/p>\r\n                    <h3>Mini-metodevurdering: Spart arbeidstid, \u00f8kt livskvalitet og riktigere behandling ved hjemmeoppf\u00f8lging av luftveissykdommer<\/h3>\r\n                    <div class=\"arrow\"><\/div>\r\n                <\/a>\r\n                    <\/div>\r\n    <\/div>\r\n<\/section>","protected":false},"excerpt":{"rendered":"","protected":false},"author":4,"featured_media":0,"parent":0,"menu_order":0,"comment_status":"closed","ping_status":"closed","template":"","meta":{"_acf_changed":false,"footnotes":""},"class_list":["post-1034","page","type-page","status-publish","hentry"],"acf":[],"yoast_head":"<!-- This site is optimized with the Yoast SEO plugin v27.2 - https:\/\/yoast.com\/product\/yoast-seo-wordpress\/ -->\n<title>Forskning og artikler - Medituner Norway<\/title>\n<meta name=\"robots\" content=\"noindex, follow, max-snippet:-1, max-image-preview:large, max-video-preview:-1\" \/>\n<meta property=\"og:locale\" content=\"nb_NO\" \/>\n<meta property=\"og:type\" content=\"article\" \/>\n<meta property=\"og:title\" content=\"Forskning og artikler - Medituner Norway\" \/>\n<meta property=\"og:url\" content=\"https:\/\/dev.medituner.com\/no\/evidence\/\" \/>\n<meta property=\"og:site_name\" content=\"Medituner Norway\" \/>\n<meta property=\"article:modified_time\" content=\"2024-03-19T10:01:57+00:00\" \/>\n<meta name=\"twitter:card\" content=\"summary_large_image\" \/>\n<script type=\"application\/ld+json\" class=\"yoast-schema-graph\">{\"@context\":\"https:\/\/schema.org\",\"@graph\":[{\"@type\":\"WebPage\",\"@id\":\"https:\/\/dev.medituner.com\/no\/evidence\/\",\"url\":\"https:\/\/dev.medituner.com\/no\/evidence\/\",\"name\":\"Forskning og artikler - Medituner Norway\",\"isPartOf\":{\"@id\":\"https:\/\/dev.medituner.com\/no\/#website\"},\"datePublished\":\"2024-02-20T16:36:48+00:00\",\"dateModified\":\"2024-03-19T10:01:57+00:00\",\"breadcrumb\":{\"@id\":\"https:\/\/dev.medituner.com\/no\/evidence\/#breadcrumb\"},\"inLanguage\":\"nb-NO\",\"potentialAction\":[{\"@type\":\"ReadAction\",\"target\":[\"https:\/\/dev.medituner.com\/no\/evidence\/\"]}]},{\"@type\":\"BreadcrumbList\",\"@id\":\"https:\/\/dev.medituner.com\/no\/evidence\/#breadcrumb\",\"itemListElement\":[{\"@type\":\"ListItem\",\"position\":1,\"name\":\"Home\",\"item\":\"https:\/\/dev.medituner.com\/no\/\"},{\"@type\":\"ListItem\",\"position\":2,\"name\":\"Forskning og artikler\"}]},{\"@type\":\"WebSite\",\"@id\":\"https:\/\/dev.medituner.com\/no\/#website\",\"url\":\"https:\/\/dev.medituner.com\/no\/\",\"name\":\"Medituner Norway\",\"description\":\"\",\"potentialAction\":[{\"@type\":\"SearchAction\",\"target\":{\"@type\":\"EntryPoint\",\"urlTemplate\":\"https:\/\/dev.medituner.com\/no\/?s={search_term_string}\"},\"query-input\":{\"@type\":\"PropertyValueSpecification\",\"valueRequired\":true,\"valueName\":\"search_term_string\"}}],\"inLanguage\":\"nb-NO\"}]}<\/script>\n<!-- \/ Yoast SEO plugin. -->","yoast_head_json":{"title":"Forskning og artikler - Medituner Norway","robots":{"index":"noindex","follow":"follow","max-snippet":"max-snippet:-1","max-image-preview":"max-image-preview:large","max-video-preview":"max-video-preview:-1"},"og_locale":"nb_NO","og_type":"article","og_title":"Forskning og artikler - Medituner Norway","og_url":"https:\/\/dev.medituner.com\/no\/evidence\/","og_site_name":"Medituner Norway","article_modified_time":"2024-03-19T10:01:57+00:00","twitter_card":"summary_large_image","schema":{"@context":"https:\/\/schema.org","@graph":[{"@type":"WebPage","@id":"https:\/\/dev.medituner.com\/no\/evidence\/","url":"https:\/\/dev.medituner.com\/no\/evidence\/","name":"Forskning og artikler - Medituner Norway","isPartOf":{"@id":"https:\/\/dev.medituner.com\/no\/#website"},"datePublished":"2024-02-20T16:36:48+00:00","dateModified":"2024-03-19T10:01:57+00:00","breadcrumb":{"@id":"https:\/\/dev.medituner.com\/no\/evidence\/#breadcrumb"},"inLanguage":"nb-NO","potentialAction":[{"@type":"ReadAction","target":["https:\/\/dev.medituner.com\/no\/evidence\/"]}]},{"@type":"BreadcrumbList","@id":"https:\/\/dev.medituner.com\/no\/evidence\/#breadcrumb","itemListElement":[{"@type":"ListItem","position":1,"name":"Home","item":"https:\/\/dev.medituner.com\/no\/"},{"@type":"ListItem","position":2,"name":"Forskning og artikler"}]},{"@type":"WebSite","@id":"https:\/\/dev.medituner.com\/no\/#website","url":"https:\/\/dev.medituner.com\/no\/","name":"Medituner Norway","description":"","potentialAction":[{"@type":"SearchAction","target":{"@type":"EntryPoint","urlTemplate":"https:\/\/dev.medituner.com\/no\/?s={search_term_string}"},"query-input":{"@type":"PropertyValueSpecification","valueRequired":true,"valueName":"search_term_string"}}],"inLanguage":"nb-NO"}]}},"_links":{"self":[{"href":"https:\/\/dev.medituner.com\/no\/wp-json\/wp\/v2\/pages\/1034","targetHints":{"allow":["GET"]}}],"collection":[{"href":"https:\/\/dev.medituner.com\/no\/wp-json\/wp\/v2\/pages"}],"about":[{"href":"https:\/\/dev.medituner.com\/no\/wp-json\/wp\/v2\/types\/page"}],"author":[{"embeddable":true,"href":"https:\/\/dev.medituner.com\/no\/wp-json\/wp\/v2\/users\/4"}],"replies":[{"embeddable":true,"href":"https:\/\/dev.medituner.com\/no\/wp-json\/wp\/v2\/comments?post=1034"}],"version-history":[{"count":11,"href":"https:\/\/dev.medituner.com\/no\/wp-json\/wp\/v2\/pages\/1034\/revisions"}],"predecessor-version":[{"id":1353,"href":"https:\/\/dev.medituner.com\/no\/wp-json\/wp\/v2\/pages\/1034\/revisions\/1353"}],"wp:attachment":[{"href":"https:\/\/dev.medituner.com\/no\/wp-json\/wp\/v2\/media?parent=1034"}],"curies":[{"name":"wp","href":"https:\/\/api.w.org\/{rel}","templated":true}]}}