{"id":526,"date":"2023-12-19T10:15:57","date_gmt":"2023-12-19T10:15:57","guid":{"rendered":"https:\/\/dev.medituner.com\/no\/contacts\/"},"modified":"2024-03-05T12:16:20","modified_gmt":"2024-03-05T12:16:20","slug":"contact","status":"publish","type":"page","link":"https:\/\/dev.medituner.com\/no\/contact\/","title":{"rendered":"Kontakt"},"content":{"rendered":"\r\n<section class=\"section-contacts\">\r\n    <div class=\"container\">\r\n        <h1>Kontakt oss<\/h1>\r\n        <p class=\"subtitle\">Vil du starte \u00e5 bruke v\u00e5re l\u00f8sninger selv eller \u00f8nsker du \u00e5 tilby dine pasienter denne plattformen? Vil du h\u00f8re mer om Medituner sine l\u00f8sninger? Har du sp\u00f8rsm\u00e5l om produktene? Legg igjen en beskjed, s\u00e5 kommer vi tilbake til deg s\u00e5 snart vi kan \u2013 vanligvis innen 24 timer!<\/p>\r\n\r\n        <div class=\"contact-wrapper\">\r\n            <div class=\"contacts\">\r\n                <h2>Kontaktinformasjon<\/h2>\r\n                <p class=\"subtitle\">Har du tilbakemeldinger eller vil du komme i gang? Ta kontakt!<\/p>\r\n                <p><a class=\"contact\" target=\"_blank\" href=\"mailto:info@medituner.com\"><img decoding=\"async\" src=\"https:\/\/dev.medituner.com\/no\/wp-content\/uploads\/sites\/3\/2024\/01\/email.svg\" alt=\"\"><span>info@medituner.com<\/span><\/a><\/p>\r\n            <\/div>\r\n\r\n                            <div class=\"info\">\r\n                    <h2>Kundeservice<\/h2>\r\n                    <p>Kontakt v\u00e5r kundeservice hvis du har sp\u00f8rsm\u00e5l om spirometeret, kontoen din eller problemer med \u00e5 bruke appen eller Careportal.<\/p>\r\n\r\n                                            <a class=\"button\" href=\"\/no\/get-support\/\">Kontakt support<\/a>\r\n                                    <\/div>\r\n                            <div class=\"info\">\r\n                    <h2>Veiledninger og brukermanualer<\/h2>\r\n                    <p>Se v\u00e5re guider og manualer for \u00e5 f\u00e5 svar p\u00e5 vanlige sp\u00f8rsm\u00e5l om produktene v\u00e5re og hvordan de fungerer.<\/p>\r\n\r\n                                            <a class=\"button\" href=\"\/no\/help-center\/\">Hjelpesenter<\/a>\r\n                                    <\/div>\r\n                    <\/div>\r\n    <\/div>\r\n<\/section>\n\n<section class=\"section-collaboration\">\r\n    <div class=\"container\">\r\n        <h2>MediTuner\u00ae I samarbeid med Karolinska Institutet<\/h2>\r\n        <div class=\"bg\">\r\n                            <img decoding=\"async\" src=\"https:\/\/dev.medituner.com\/no\/wp-content\/uploads\/sites\/3\/2023\/12\/Karolinska-Institutet-photo.jpg\" alt=\"\">\r\n                    <\/div>\r\n        <p>MediTuner\u00ae ble grunnlagt i 2014 av to spesialister i luftveissykdommer, og er dedikert til banebrytende selvstyringssystemer og hjemmediagnostikk for luftveissykdommer. V\u00e5rt endelige m\u00e5l: gi pasienter mulighet til \u00e5 leve symptomfrie liv.<\/p>\r\n        <a class=\"button\" href=\"\/no\/about\">Om oss<\/a>\r\n    <\/div>\r\n<\/section>\n\n\r\n<section id=\"contact-us\" class=\"section-form background-brand\">\r\n    <div class=\"container\">\r\n        <div class=\"content\">\r\n            <h2>Vil du komme i gang? Kontakt oss!<\/h2>\r\n            <p>Har du sp\u00f8rsm\u00e5l eller \u00f8nsker \u00e5 komme i gang med produktene v\u00e5re, send oss en melding. Vi svarer normalt innen 24 timer.<\/p>\r\n        <\/div>\r\n        <div class=\"form\">\r\n            \n<div class=\"wpcf7 no-js\" id=\"wpcf7-f539-o1\" lang=\"nb-NO\" dir=\"ltr\" data-wpcf7-id=\"539\">\n<div class=\"screen-reader-response\"><p role=\"status\" aria-live=\"polite\" aria-atomic=\"true\"><\/p> <ul><\/ul><\/div>\n<form action=\"\/no\/wp-json\/wp\/v2\/pages\/526#wpcf7-f539-o1\" method=\"post\" class=\"wpcf7-form init\" aria-label=\"Kontaktskjema\" novalidate=\"novalidate\" data-status=\"init\">\n<fieldset class=\"hidden-fields-container\"><input type=\"hidden\" name=\"_wpcf7\" value=\"539\" \/><input type=\"hidden\" name=\"_wpcf7_version\" value=\"6.1.5\" \/><input type=\"hidden\" name=\"_wpcf7_locale\" value=\"nb_NO\" \/><input type=\"hidden\" name=\"_wpcf7_unit_tag\" value=\"wpcf7-f539-o1\" \/><input type=\"hidden\" name=\"_wpcf7_container_post\" value=\"0\" \/><input type=\"hidden\" name=\"_wpcf7_posted_data_hash\" value=\"\" \/>\n<\/fieldset>\n<div class=\"input-w-50\">\n\t<p><label><br \/>\n<span class=\"label\">Navn<\/span><br \/>\n<span class=\"wpcf7-form-control-wrap\" data-name=\"name-512\"><input size=\"40\" maxlength=\"50\" minlength=\"1\" class=\"wpcf7-form-control wpcf7-text wpcf7-validates-as-required\" aria-required=\"true\" aria-invalid=\"false\" value=\"\" type=\"text\" name=\"name-512\" \/><\/span><br \/>\n<\/label><br \/>\n<label><br \/>\n<span class=\"label\">E-post<\/span><br \/>\n<span class=\"wpcf7-form-control-wrap\" data-name=\"email-512\"><input size=\"40\" maxlength=\"50\" minlength=\"5\" class=\"wpcf7-form-control wpcf7-email wpcf7-validates-as-required wpcf7-text wpcf7-validates-as-email\" aria-required=\"true\" aria-invalid=\"false\" value=\"\" type=\"email\" name=\"email-512\" \/><\/span><br \/>\n<\/label>\n\t<\/p>\n<\/div>\n<p><label class=\"label-textarea\"><br \/>\n<span class=\"label\">Melding (ikke glem \u00e5 informere oss hvilken klinikk du jobber p\u00e5)<\/span><br \/>\n<span class=\"wpcf7-form-control-wrap\" data-name=\"message-512\"><textarea cols=\"40\" rows=\"10\" maxlength=\"500\" class=\"wpcf7-form-control wpcf7-textarea\" aria-invalid=\"false\" name=\"message-512\"><\/textarea><\/span><br \/>\n<\/label>\n<\/p>\n<div class=\"spamoff\">\n\t<p><span class=\"wpcf7-form-control-wrap\" data-name=\"acceptance-587\"><span class=\"wpcf7-form-control wpcf7-acceptance invert\"><span class=\"wpcf7-list-item\"><input type=\"checkbox\" name=\"acceptance-587\" value=\"1\" checked=\"checked\" class=\"spamoff\" id=\"spamoff\" aria-invalid=\"false\" \/><\/span><\/span><\/span>\n\t<\/p>\n<\/div>\n<div class=\"button-submit\">\n\t<p><input class=\"wpcf7-form-control wpcf7-submit has-spinner\" type=\"submit\" value=\"Send\" \/>\n\t<\/p>\n<\/div><div class=\"wpcf7-response-output\" aria-hidden=\"true\"><\/div>\n<\/form>\n<\/div>\n        <\/div>\r\n        <div class=\"success\">\r\n            <h2>Takk for at du tok kontakt!<\/h2>\r\n            <p>Vi kommer tilbake til deg innen 24 timer.<\/p>\r\n        <\/div>\r\n    <\/div>\r\n<\/section>","protected":false},"excerpt":{"rendered":"","protected":false},"author":1,"featured_media":0,"parent":0,"menu_order":0,"comment_status":"closed","ping_status":"closed","template":"","meta":{"_acf_changed":false,"footnotes":""},"class_list":["post-526","page","type-page","status-publish","hentry"],"acf":[],"yoast_head":"<!-- This site is optimized with the Yoast SEO plugin v27.2 - https:\/\/yoast.com\/product\/yoast-seo-wordpress\/ -->\n<title>Kontakt - Medituner Norway<\/title>\n<meta name=\"robots\" content=\"noindex, follow, max-snippet:-1, max-image-preview:large, max-video-preview:-1\" \/>\n<meta property=\"og:locale\" content=\"nb_NO\" \/>\n<meta property=\"og:type\" content=\"article\" \/>\n<meta property=\"og:title\" content=\"Kontakt - Medituner Norway\" \/>\n<meta property=\"og:url\" content=\"https:\/\/dev.medituner.com\/no\/contact\/\" \/>\n<meta property=\"og:site_name\" content=\"Medituner Norway\" \/>\n<meta property=\"article:modified_time\" content=\"2024-03-05T12:16:20+00:00\" \/>\n<meta name=\"twitter:card\" content=\"summary_large_image\" \/>\n<script type=\"application\/ld+json\" class=\"yoast-schema-graph\">{\"@context\":\"https:\/\/schema.org\",\"@graph\":[{\"@type\":\"WebPage\",\"@id\":\"https:\/\/dev.medituner.com\/no\/contact\/\",\"url\":\"https:\/\/dev.medituner.com\/no\/contact\/\",\"name\":\"Kontakt - Medituner Norway\",\"isPartOf\":{\"@id\":\"https:\/\/dev.medituner.com\/no\/#website\"},\"datePublished\":\"2023-12-19T10:15:57+00:00\",\"dateModified\":\"2024-03-05T12:16:20+00:00\",\"breadcrumb\":{\"@id\":\"https:\/\/dev.medituner.com\/no\/contact\/#breadcrumb\"},\"inLanguage\":\"nb-NO\",\"potentialAction\":[{\"@type\":\"ReadAction\",\"target\":[\"https:\/\/dev.medituner.com\/no\/contact\/\"]}]},{\"@type\":\"BreadcrumbList\",\"@id\":\"https:\/\/dev.medituner.com\/no\/contact\/#breadcrumb\",\"itemListElement\":[{\"@type\":\"ListItem\",\"position\":1,\"name\":\"Home\",\"item\":\"https:\/\/dev.medituner.com\/no\/\"},{\"@type\":\"ListItem\",\"position\":2,\"name\":\"Kontakt\"}]},{\"@type\":\"WebSite\",\"@id\":\"https:\/\/dev.medituner.com\/no\/#website\",\"url\":\"https:\/\/dev.medituner.com\/no\/\",\"name\":\"Medituner Norway\",\"description\":\"\",\"potentialAction\":[{\"@type\":\"SearchAction\",\"target\":{\"@type\":\"EntryPoint\",\"urlTemplate\":\"https:\/\/dev.medituner.com\/no\/?s={search_term_string}\"},\"query-input\":{\"@type\":\"PropertyValueSpecification\",\"valueRequired\":true,\"valueName\":\"search_term_string\"}}],\"inLanguage\":\"nb-NO\"}]}<\/script>\n<!-- \/ Yoast SEO plugin. -->","yoast_head_json":{"title":"Kontakt - Medituner Norway","robots":{"index":"noindex","follow":"follow","max-snippet":"max-snippet:-1","max-image-preview":"max-image-preview:large","max-video-preview":"max-video-preview:-1"},"og_locale":"nb_NO","og_type":"article","og_title":"Kontakt - Medituner Norway","og_url":"https:\/\/dev.medituner.com\/no\/contact\/","og_site_name":"Medituner Norway","article_modified_time":"2024-03-05T12:16:20+00:00","twitter_card":"summary_large_image","schema":{"@context":"https:\/\/schema.org","@graph":[{"@type":"WebPage","@id":"https:\/\/dev.medituner.com\/no\/contact\/","url":"https:\/\/dev.medituner.com\/no\/contact\/","name":"Kontakt - Medituner Norway","isPartOf":{"@id":"https:\/\/dev.medituner.com\/no\/#website"},"datePublished":"2023-12-19T10:15:57+00:00","dateModified":"2024-03-05T12:16:20+00:00","breadcrumb":{"@id":"https:\/\/dev.medituner.com\/no\/contact\/#breadcrumb"},"inLanguage":"nb-NO","potentialAction":[{"@type":"ReadAction","target":["https:\/\/dev.medituner.com\/no\/contact\/"]}]},{"@type":"BreadcrumbList","@id":"https:\/\/dev.medituner.com\/no\/contact\/#breadcrumb","itemListElement":[{"@type":"ListItem","position":1,"name":"Home","item":"https:\/\/dev.medituner.com\/no\/"},{"@type":"ListItem","position":2,"name":"Kontakt"}]},{"@type":"WebSite","@id":"https:\/\/dev.medituner.com\/no\/#website","url":"https:\/\/dev.medituner.com\/no\/","name":"Medituner Norway","description":"","potentialAction":[{"@type":"SearchAction","target":{"@type":"EntryPoint","urlTemplate":"https:\/\/dev.medituner.com\/no\/?s={search_term_string}"},"query-input":{"@type":"PropertyValueSpecification","valueRequired":true,"valueName":"search_term_string"}}],"inLanguage":"nb-NO"}]}},"_links":{"self":[{"href":"https:\/\/dev.medituner.com\/no\/wp-json\/wp\/v2\/pages\/526","targetHints":{"allow":["GET"]}}],"collection":[{"href":"https:\/\/dev.medituner.com\/no\/wp-json\/wp\/v2\/pages"}],"about":[{"href":"https:\/\/dev.medituner.com\/no\/wp-json\/wp\/v2\/types\/page"}],"author":[{"embeddable":true,"href":"https:\/\/dev.medituner.com\/no\/wp-json\/wp\/v2\/users\/1"}],"replies":[{"embeddable":true,"href":"https:\/\/dev.medituner.com\/no\/wp-json\/wp\/v2\/comments?post=526"}],"version-history":[{"count":13,"href":"https:\/\/dev.medituner.com\/no\/wp-json\/wp\/v2\/pages\/526\/revisions"}],"predecessor-version":[{"id":1279,"href":"https:\/\/dev.medituner.com\/no\/wp-json\/wp\/v2\/pages\/526\/revisions\/1279"}],"wp:attachment":[{"href":"https:\/\/dev.medituner.com\/no\/wp-json\/wp\/v2\/media?parent=526"}],"curies":[{"name":"wp","href":"https:\/\/api.w.org\/{rel}","templated":true}]}}