{"id":529,"date":"2023-12-12T19:12:48","date_gmt":"2023-12-12T19:12:48","guid":{"rendered":"https:\/\/dev.medituner.com\/no\/home\/"},"modified":"2024-02-28T13:30:00","modified_gmt":"2024-02-28T13:30:00","slug":"home","status":"publish","type":"page","link":"https:\/\/dev.medituner.com\/no\/","title":{"rendered":"Hjem"},"content":{"rendered":"<section class=\"section-hero\">\r\n    <div class=\"background\" style=\"background-image: url('https:\/\/dev.medituner.com\/no\/wp-content\/uploads\/sites\/3\/2023\/12\/MediTuner-main-page-hero-8-8-23.jpg');\"><\/div>\r\n    <div class=\"content\">\r\n        <h1>Framtidens lungeoppf\u00f8lging<\/h1>\r\n        <p>Med MediTuners verkt\u00f8y har det aldri v\u00e6rt enklere for helsepersonell og pasienter \u00e5 jobbe sammen mot et liv uten symptomer.<\/p>\r\n        <div class=\"button-container\">\r\n                            <a class=\"button\" href=\"\/no\/patients\"> Pasienter<\/a>\r\n                            <a class=\"button button-white\" href=\"\/no\/clinicians\">Helsepersonell<\/a>\r\n                    <\/div>\r\n    <\/div>\r\n<\/section>\n\n    <section class=\"section-counter\">\r\n        <div class=\"counter-container\">\r\n                            <h2 class=\"counter-wrapper\">\r\n                    <span class=\"counter-number-wrapper\">\r\n                        <span class=\"counter-number\" data-duration=\"2000\" data-to-value=\"5000\" data-from-value=\"0\">5000<\/span>\r\n                        <span class=\"counter-suffix\">+<\/span>\r\n                    <\/span>\r\n                    <span class=\"counter-title\">Pasienter<\/span>\r\n                <\/h2>\r\n                            <h2 class=\"counter-wrapper\">\r\n                    <span class=\"counter-number-wrapper\">\r\n                        <span class=\"counter-number\" data-duration=\"2000\" data-to-value=\"150\" data-from-value=\"0\">150<\/span>\r\n                        <span class=\"counter-suffix\">+<\/span>\r\n                    <\/span>\r\n                    <span class=\"counter-title\">Partner klinikker<\/span>\r\n                <\/h2>\r\n                            <h2 class=\"counter-wrapper\">\r\n                    <span class=\"counter-number-wrapper\">\r\n                        <span class=\"counter-number\" data-duration=\"2000\" data-to-value=\"1000\" data-from-value=\"0\">1000<\/span>\r\n                        <span class=\"counter-suffix\">+<\/span>\r\n                    <\/span>\r\n                    <span class=\"counter-title\">Behandlere<\/span>\r\n                <\/h2>\r\n                    <\/div>\r\n    <\/section>\r\n\n\n\r\n<section class=\"section-providers\">\r\n    <div class=\"container\">\r\n                    <div class=\"img-wrapper\">\r\n                <img decoding=\"async\" src=\"https:\/\/dev.medituner.com\/no\/wp-content\/uploads\/sites\/3\/2023\/12\/MediTuner-our-products-healthcare-2-768x1149.jpg\" alt=\"\">\r\n            <\/div>\r\n                <div class=\"content\">\r\n            <h2>N\u00e5 kan jeg enkelt f\u00f8lge og hjelpe pasienter uten at de trenger \u00e5 forlate hjemmet<\/h2>\r\n            <p>V\u00e5re velpr\u00f8vde metoder, enkle tester, personlige planer, effektive oppf\u00f8lginger og pasientoppl\u00e6ring samarbeider for \u00e5 hjelpe deg med \u00e5 gi den beste behandlingen.<\/p>\r\n\r\n                            <ul>\r\n                                            <li>\r\n                            <img decoding=\"async\" src=\"https:\/\/dev.medituner.com\/no\/wp-content\/themes\/medituner\/img\/icon-check.svg\" alt=\"Icon check\">\r\n                            <span class=\"elementor-icon-list-text\">P\u00e5viste helsegevinster<\/span>\r\n                        <\/li>\r\n                                            <li>\r\n                            <img decoding=\"async\" src=\"https:\/\/dev.medituner.com\/no\/wp-content\/themes\/medituner\/img\/icon-check.svg\" alt=\"Icon check\">\r\n                            <span class=\"elementor-icon-list-text\">Skreddersydde behandlingsplaner<\/span>\r\n                        <\/li>\r\n                                            <li>\r\n                            <img decoding=\"async\" src=\"https:\/\/dev.medituner.com\/no\/wp-content\/themes\/medituner\/img\/icon-check.svg\" alt=\"Icon check\">\r\n                            <span class=\"elementor-icon-list-text\">Enkel testing<\/span>\r\n                        <\/li>\r\n                                            <li>\r\n                            <img decoding=\"async\" src=\"https:\/\/dev.medituner.com\/no\/wp-content\/themes\/medituner\/img\/icon-check.svg\" alt=\"Icon check\">\r\n                            <span class=\"elementor-icon-list-text\">Effektiv oppf\u00f8lging<\/span>\r\n                        <\/li>\r\n                                            <li>\r\n                            <img decoding=\"async\" src=\"https:\/\/dev.medituner.com\/no\/wp-content\/themes\/medituner\/img\/icon-check.svg\" alt=\"Icon check\">\r\n                            <span class=\"elementor-icon-list-text\">Forbedret pasientoppl\u00e6ring<\/span>\r\n                        <\/li>\r\n                                    <\/ul>\r\n            \r\n                            <a class=\"button\" href=\"\/no\/clinicians\/\">Se hvordan vi st\u00f8tter helsepersonell<\/a>\r\n            \r\n        <\/div>\r\n    <\/div>\r\n<\/section>\n\n\r\n<section class=\"section-providers section-clinicians background-brand\">\r\n    <div class=\"container\">\r\n        <div class=\"img-wrapper\">\r\n                            <img decoding=\"async\" src=\"https:\/\/dev.medituner.com\/no\/wp-content\/uploads\/sites\/3\/2023\/12\/Home-Page-photo-2-768x768.jpg\" src=\"\">\r\n                    <\/div>\r\n        <div class=\"content\">\r\n            <h2>Jeg burde ikke trenge en doktorgrad for \u00e5 forst\u00e5 hva som skjer i min egen kropp<\/h2>\r\n            <p>V\u00e5re intuitive verkt\u00f8y gir pasienter og deres kj\u00e6re alt de trenger for \u00e5 f\u00f8lge, behandle og forst\u00e5 deres respirasjonstilstand.<\/p>\r\n\r\n                            <ul>\r\n                                            <li>\r\n                            <img decoding=\"async\" src=\"https:\/\/dev.medituner.com\/no\/wp-content\/themes\/medituner\/img\/icon-check.svg\" alt=\"icon check\">\r\n                            <span class=\"elementor-icon-list-text\">Forst\u00e5 triggerne dine<\/span>\r\n                        <\/li>\r\n                                            <li>\r\n                            <img decoding=\"async\" src=\"https:\/\/dev.medituner.com\/no\/wp-content\/themes\/medituner\/img\/icon-check.svg\" alt=\"icon check\">\r\n                            <span class=\"elementor-icon-list-text\">Stoppe symptomene raskere<\/span>\r\n                        <\/li>\r\n                                            <li>\r\n                            <img decoding=\"async\" src=\"https:\/\/dev.medituner.com\/no\/wp-content\/themes\/medituner\/img\/icon-check.svg\" alt=\"icon check\">\r\n                            <span class=\"elementor-icon-list-text\">F\u00e6rre sykedager<\/span>\r\n                        <\/li>\r\n                                            <li>\r\n                            <img decoding=\"async\" src=\"https:\/\/dev.medituner.com\/no\/wp-content\/themes\/medituner\/img\/icon-check.svg\" alt=\"icon check\">\r\n                            <span class=\"elementor-icon-list-text\">Fred i sinnet for p\u00e5r\u00f8rende<\/span>\r\n                        <\/li>\r\n                                    <\/ul>\r\n            \r\n                            <a class=\"button\" href=\"\/no\/patients\/\">Se hvordan vi hjelper pasienter<\/a>\r\n            \r\n        <\/div>\r\n    <\/div>\r\n<\/section>\n\n<section class=\"section-collaboration\">\r\n    <div class=\"container\">\r\n        <h2>MediTuner\u00ae I samarbeid med Karolinska Institutet<\/h2>\r\n        <div class=\"bg\">\r\n                            <img decoding=\"async\" src=\"https:\/\/dev.medituner.com\/no\/wp-content\/uploads\/sites\/3\/2023\/12\/Karolinska-Institutet-photo.jpg\" alt=\"\">\r\n                    <\/div>\r\n        <p>MediTuner ble grunnlagt i 2014 av to spesialister i luftveissykdommer, og er dedikert til banebrytende selvstyringssystemer og hjemmediagnostikk for luftveissykdommer. V\u00e5rt endelige m\u00e5l: gi pasienter mulighet til \u00e5 leve symptomfrie liv.<\/p>\r\n        <a class=\"button\" href=\"\/no\/about\">Om oss<\/a>\r\n    <\/div>\r\n<\/section>\n\n\r\n<section id=\"contact-us\" class=\"section-form background-brand\">\r\n    <div class=\"container\">\r\n        <div class=\"content\">\r\n            <h2>Vil du komme i gang? Kontakt oss!<\/h2>\r\n            <p>Har du sp\u00f8rsm\u00e5l eller \u00f8nsker \u00e5 komme i gang med produktene v\u00e5re, send oss en melding. Vi svarer normalt innen 24 timer.<\/p>\r\n        <\/div>\r\n        <div class=\"form\">\r\n            \n<div class=\"wpcf7 no-js\" id=\"wpcf7-f539-o1\" lang=\"nb-NO\" dir=\"ltr\" data-wpcf7-id=\"539\">\n<div class=\"screen-reader-response\"><p role=\"status\" aria-live=\"polite\" aria-atomic=\"true\"><\/p> <ul><\/ul><\/div>\n<form action=\"\/no\/wp-json\/wp\/v2\/pages\/529#wpcf7-f539-o1\" method=\"post\" class=\"wpcf7-form init\" aria-label=\"Kontaktskjema\" novalidate=\"novalidate\" data-status=\"init\">\n<fieldset class=\"hidden-fields-container\"><input type=\"hidden\" name=\"_wpcf7\" value=\"539\" \/><input type=\"hidden\" name=\"_wpcf7_version\" value=\"6.1.5\" \/><input type=\"hidden\" name=\"_wpcf7_locale\" value=\"nb_NO\" \/><input type=\"hidden\" name=\"_wpcf7_unit_tag\" value=\"wpcf7-f539-o1\" \/><input type=\"hidden\" name=\"_wpcf7_container_post\" value=\"0\" \/><input type=\"hidden\" name=\"_wpcf7_posted_data_hash\" value=\"\" \/>\n<\/fieldset>\n<div class=\"input-w-50\">\n\t<p><label><br \/>\n<span class=\"label\">Navn<\/span><br \/>\n<span class=\"wpcf7-form-control-wrap\" data-name=\"name-512\"><input size=\"40\" maxlength=\"50\" minlength=\"1\" class=\"wpcf7-form-control wpcf7-text wpcf7-validates-as-required\" aria-required=\"true\" aria-invalid=\"false\" value=\"\" type=\"text\" name=\"name-512\" \/><\/span><br \/>\n<\/label><br \/>\n<label><br \/>\n<span class=\"label\">E-post<\/span><br \/>\n<span class=\"wpcf7-form-control-wrap\" data-name=\"email-512\"><input size=\"40\" maxlength=\"50\" minlength=\"5\" class=\"wpcf7-form-control wpcf7-email wpcf7-validates-as-required wpcf7-text wpcf7-validates-as-email\" aria-required=\"true\" aria-invalid=\"false\" value=\"\" type=\"email\" name=\"email-512\" \/><\/span><br \/>\n<\/label>\n\t<\/p>\n<\/div>\n<p><label class=\"label-textarea\"><br \/>\n<span class=\"label\">Melding (ikke glem \u00e5 informere oss hvilken klinikk du jobber p\u00e5)<\/span><br \/>\n<span class=\"wpcf7-form-control-wrap\" data-name=\"message-512\"><textarea cols=\"40\" rows=\"10\" maxlength=\"500\" class=\"wpcf7-form-control wpcf7-textarea\" aria-invalid=\"false\" name=\"message-512\"><\/textarea><\/span><br \/>\n<\/label>\n<\/p>\n<div class=\"spamoff\">\n\t<p><span class=\"wpcf7-form-control-wrap\" data-name=\"acceptance-587\"><span class=\"wpcf7-form-control wpcf7-acceptance invert\"><span class=\"wpcf7-list-item\"><input type=\"checkbox\" name=\"acceptance-587\" value=\"1\" checked=\"checked\" class=\"spamoff\" id=\"spamoff\" aria-invalid=\"false\" \/><\/span><\/span><\/span>\n\t<\/p>\n<\/div>\n<div class=\"button-submit\">\n\t<p><input class=\"wpcf7-form-control wpcf7-submit has-spinner\" type=\"submit\" value=\"Send\" \/>\n\t<\/p>\n<\/div><div class=\"wpcf7-response-output\" aria-hidden=\"true\"><\/div>\n<\/form>\n<\/div>\n        <\/div>\r\n        <div class=\"success\">\r\n            <h2>Takk for at du tok kontakt!<\/h2>\r\n            <p>Vi kommer tilbake til deg innen 24 timer.<\/p>\r\n        <\/div>\r\n    <\/div>\r\n<\/section>","protected":false},"excerpt":{"rendered":"","protected":false},"author":1,"featured_media":0,"parent":0,"menu_order":0,"comment_status":"closed","ping_status":"closed","template":"","meta":{"_acf_changed":false,"footnotes":""},"class_list":["post-529","page","type-page","status-publish","hentry"],"acf":[],"yoast_head":"<!-- This site is optimized with the Yoast SEO plugin v27.2 - https:\/\/yoast.com\/product\/yoast-seo-wordpress\/ -->\n<title>Hjem - Medituner Norway<\/title>\n<meta name=\"robots\" content=\"noindex, follow, max-snippet:-1, max-image-preview:large, max-video-preview:-1\" \/>\n<meta property=\"og:locale\" content=\"nb_NO\" \/>\n<meta property=\"og:type\" content=\"article\" \/>\n<meta property=\"og:title\" content=\"Hjem - Medituner Norway\" \/>\n<meta property=\"og:url\" content=\"https:\/\/dev.medituner.com\/no\/\" \/>\n<meta property=\"og:site_name\" content=\"Medituner Norway\" \/>\n<meta property=\"article:modified_time\" content=\"2024-02-28T13:30:00+00:00\" \/>\n<meta name=\"twitter:card\" content=\"summary_large_image\" \/>\n<script type=\"application\/ld+json\" class=\"yoast-schema-graph\">{\"@context\":\"https:\/\/schema.org\",\"@graph\":[{\"@type\":\"WebPage\",\"@id\":\"https:\/\/dev.medituner.com\/no\/\",\"url\":\"https:\/\/dev.medituner.com\/no\/\",\"name\":\"Hjem - Medituner Norway\",\"isPartOf\":{\"@id\":\"https:\/\/dev.medituner.com\/no\/#website\"},\"datePublished\":\"2023-12-12T19:12:48+00:00\",\"dateModified\":\"2024-02-28T13:30:00+00:00\",\"breadcrumb\":{\"@id\":\"https:\/\/dev.medituner.com\/no\/#breadcrumb\"},\"inLanguage\":\"nb-NO\",\"potentialAction\":[{\"@type\":\"ReadAction\",\"target\":[\"https:\/\/dev.medituner.com\/no\/\"]}]},{\"@type\":\"BreadcrumbList\",\"@id\":\"https:\/\/dev.medituner.com\/no\/#breadcrumb\",\"itemListElement\":[{\"@type\":\"ListItem\",\"position\":1,\"name\":\"Home\",\"item\":\"https:\/\/dev.medituner.com\/no\/\"},{\"@type\":\"ListItem\",\"position\":2,\"name\":\"Hjem\"}]},{\"@type\":\"WebSite\",\"@id\":\"https:\/\/dev.medituner.com\/no\/#website\",\"url\":\"https:\/\/dev.medituner.com\/no\/\",\"name\":\"Medituner Norway\",\"description\":\"\",\"potentialAction\":[{\"@type\":\"SearchAction\",\"target\":{\"@type\":\"EntryPoint\",\"urlTemplate\":\"https:\/\/dev.medituner.com\/no\/?s={search_term_string}\"},\"query-input\":{\"@type\":\"PropertyValueSpecification\",\"valueRequired\":true,\"valueName\":\"search_term_string\"}}],\"inLanguage\":\"nb-NO\"}]}<\/script>\n<!-- \/ Yoast SEO plugin. -->","yoast_head_json":{"title":"Hjem - Medituner Norway","robots":{"index":"noindex","follow":"follow","max-snippet":"max-snippet:-1","max-image-preview":"max-image-preview:large","max-video-preview":"max-video-preview:-1"},"og_locale":"nb_NO","og_type":"article","og_title":"Hjem - Medituner Norway","og_url":"https:\/\/dev.medituner.com\/no\/","og_site_name":"Medituner Norway","article_modified_time":"2024-02-28T13:30:00+00:00","twitter_card":"summary_large_image","schema":{"@context":"https:\/\/schema.org","@graph":[{"@type":"WebPage","@id":"https:\/\/dev.medituner.com\/no\/","url":"https:\/\/dev.medituner.com\/no\/","name":"Hjem - Medituner Norway","isPartOf":{"@id":"https:\/\/dev.medituner.com\/no\/#website"},"datePublished":"2023-12-12T19:12:48+00:00","dateModified":"2024-02-28T13:30:00+00:00","breadcrumb":{"@id":"https:\/\/dev.medituner.com\/no\/#breadcrumb"},"inLanguage":"nb-NO","potentialAction":[{"@type":"ReadAction","target":["https:\/\/dev.medituner.com\/no\/"]}]},{"@type":"BreadcrumbList","@id":"https:\/\/dev.medituner.com\/no\/#breadcrumb","itemListElement":[{"@type":"ListItem","position":1,"name":"Home","item":"https:\/\/dev.medituner.com\/no\/"},{"@type":"ListItem","position":2,"name":"Hjem"}]},{"@type":"WebSite","@id":"https:\/\/dev.medituner.com\/no\/#website","url":"https:\/\/dev.medituner.com\/no\/","name":"Medituner Norway","description":"","potentialAction":[{"@type":"SearchAction","target":{"@type":"EntryPoint","urlTemplate":"https:\/\/dev.medituner.com\/no\/?s={search_term_string}"},"query-input":{"@type":"PropertyValueSpecification","valueRequired":true,"valueName":"search_term_string"}}],"inLanguage":"nb-NO"}]}},"_links":{"self":[{"href":"https:\/\/dev.medituner.com\/no\/wp-json\/wp\/v2\/pages\/529","targetHints":{"allow":["GET"]}}],"collection":[{"href":"https:\/\/dev.medituner.com\/no\/wp-json\/wp\/v2\/pages"}],"about":[{"href":"https:\/\/dev.medituner.com\/no\/wp-json\/wp\/v2\/types\/page"}],"author":[{"embeddable":true,"href":"https:\/\/dev.medituner.com\/no\/wp-json\/wp\/v2\/users\/1"}],"replies":[{"embeddable":true,"href":"https:\/\/dev.medituner.com\/no\/wp-json\/wp\/v2\/comments?post=529"}],"version-history":[{"count":23,"href":"https:\/\/dev.medituner.com\/no\/wp-json\/wp\/v2\/pages\/529\/revisions"}],"predecessor-version":[{"id":1163,"href":"https:\/\/dev.medituner.com\/no\/wp-json\/wp\/v2\/pages\/529\/revisions\/1163"}],"wp:attachment":[{"href":"https:\/\/dev.medituner.com\/no\/wp-json\/wp\/v2\/media?parent=529"}],"curies":[{"name":"wp","href":"https:\/\/api.w.org\/{rel}","templated":true}]}}