{"id":533,"date":"2024-01-01T13:36:23","date_gmt":"2024-01-01T13:36:23","guid":{"rendered":"https:\/\/dev.medituner.com\/no\/patients\/asthma\/"},"modified":"2024-02-26T10:21:54","modified_gmt":"2024-02-26T10:21:54","slug":"asthma","status":"publish","type":"page","link":"https:\/\/dev.medituner.com\/no\/patients\/asthma\/","title":{"rendered":"Astma"},"content":{"rendered":"<section class=\"section-content section-hero-image\">\r\n    <div class=\"container\">\r\n        <div class=\"content\">\r\n            <h1>Med riktig behandling kan du leve symptomfritt<\/h1>\r\n            <p>AsthmaTuner gir deg mulighet til \u00e5 ta vare p\u00e5 helsen din og forbedrer livskvaliteten. Den gir deg innsikt og tilpasser behandlingen din med oppdaterte retningslinjer, uansett hvor du bor.<\/p>\r\n            <div class=\"button-container\">\r\n                                    <a class=\"button\" href=\"\/no\/get-started\/\">Kom i gang<\/a>\r\n                            <\/div>\r\n        <\/div>\r\n                    <div class=\"background\">\r\n                <img decoding=\"async\" src=\"https:\/\/dev.medituner.com\/no\/wp-content\/uploads\/sites\/3\/2024\/01\/asthma-1-768x576.png\" alt=\"\">\r\n            <\/div>\r\n            <\/div>\r\n<\/section>        <section class=\"section-content \">\r\n            <div class=\"container\">\r\n                                <div class=\"img-wrapper\">\r\n                    <img decoding=\"async\" src=\"https:\/\/dev.medituner.com\/no\/wp-content\/uploads\/sites\/3\/2024\/01\/asthma2-2-768x615.png\" alt=\"\">\r\n                <\/div>\r\n                                <div class=\"content\">\r\n                    <h2>Bli utredet for astma<\/h2>\r\n                    <div><p>F\u00e5 en personlig utredning som passer for deg. Den bruker data fra appen for \u00e5 sikre at din diagnose og behandlingsplan passer for deg. Ingen sykehusbes\u00f8k er n\u00f8dvendig \u2013 v\u00e5re hjemmem\u00e5linger gir deg p\u00e5litelige r\u00e5d for effektiv astmabehandling.<\/p>\n<\/div>\r\n                <\/div>\r\n            <\/div>\r\n        <\/section>\r\n        <section class=\"section-content section-content-revert\">\r\n            <div class=\"container\">\r\n                                <div class=\"img-wrapper\">\r\n                    <img decoding=\"async\" src=\"https:\/\/dev.medituner.com\/no\/wp-content\/uploads\/sites\/3\/2024\/01\/asthma3-1-768x615.png\" alt=\"\">\r\n                <\/div>\r\n                                <div class=\"content\">\r\n                    <h2>Optimaliser behandlingen din fra dag til dag<\/h2>\r\n                    <div><p>Juster medisiner n\u00e5r det er n\u00f8dvendig \u2013 vi hjelper deg \u00e5 vite n\u00e5r du skal \u00f8ke eller redusere medisinering basert p\u00e5 lungehelsen og symptomene. Appen v\u00e5r knytter deg til helsepersonell, og lager en personlig behandlingsplan som er optimalisert for din tilstand.<\/p>\n<\/div>\r\n                <\/div>\r\n            <\/div>\r\n        <\/section>\r\n        <section class=\"section-content \">\r\n            <div class=\"container\">\r\n                                <div class=\"img-wrapper\">\r\n                    <img decoding=\"async\" src=\"https:\/\/dev.medituner.com\/no\/wp-content\/uploads\/sites\/3\/2024\/01\/asthma4-1-768x615.png\" alt=\"\">\r\n                <\/div>\r\n                                <div class=\"content\">\r\n                    <h2>F\u00e5 et objektivt syn p\u00e5 helsen din<\/h2>\r\n                    <div><p>V\u00e5re verkt\u00f8y gj\u00f8r m\u00f8tene dine med helsepersonell bedre og hjelper deg \u00e5 forst\u00e5 helsen din mer. De gir deg klare fakta \u00e5 diskutere, noe som gj\u00f8r samtalene dine med behandleren mer nyttige. Med solid innsikt l\u00e6rer dere mer om helsen din og jobber sammen for en bedre behandlingsplan.<\/p>\n<\/div>\r\n                <\/div>\r\n            <\/div>\r\n        <\/section>\r\n        <section class=\"section-content section-content-revert\">\r\n            <div class=\"container\">\r\n                                <div class=\"img-wrapper\">\r\n                    <img decoding=\"async\" src=\"https:\/\/dev.medituner.com\/no\/wp-content\/uploads\/sites\/3\/2024\/01\/asthma5-1-768x615.png\" alt=\"\">\r\n                <\/div>\r\n                                <div class=\"content\">\r\n                    <h2>Se hvordan dine kj\u00e6re har det<\/h2>\r\n                    <div><p>Hold kontakten og f\u00f8lg barnet ditt eller en eldre gjennom appen. F\u00e5 fred i sinnet med sanntidsinnsikt i deres lungehelse, medisinske etterlevelse og symptomer. Ved \u00e5 f\u00f8lge helsen deres i appen kan du gi st\u00f8tte og sikre at de f\u00e5r best mulig omsorg og behandling.<\/p>\n<\/div>\r\n                <\/div>\r\n            <\/div>\r\n        <\/section>\r\n\r\n<section class=\"section-form-testing\">\r\n    <div class=\"container\">\r\n        <div class=\"content\">\r\n            <h2>Hjelp med \u00e5 forme verkt\u00f8yene v\u00e5re! Registrer deg for testing<\/h2>\r\n            <p>Bli med oss og utvikler morgendagens l\u00f8sninger. Registrer deg for \u00e5 bli med i testpoolen v\u00e5r og p\u00e5virke neste generasjon av pustehelseverkt\u00f8y. Innspillet ditt betyr noe!<\/p>\r\n        <\/div>\r\n        <div class=\"form\">\r\n            \n<div class=\"wpcf7 no-js\" id=\"wpcf7-f540-o1\" lang=\"nb-NO\" dir=\"ltr\" data-wpcf7-id=\"540\">\n<div class=\"screen-reader-response\"><p role=\"status\" aria-live=\"polite\" aria-atomic=\"true\"><\/p> <ul><\/ul><\/div>\n<form action=\"\/no\/wp-json\/wp\/v2\/pages\/533#wpcf7-f540-o1\" method=\"post\" class=\"wpcf7-form init\" aria-label=\"Kontaktskjema\" novalidate=\"novalidate\" data-status=\"init\">\n<fieldset class=\"hidden-fields-container\"><input type=\"hidden\" name=\"_wpcf7\" value=\"540\" \/><input type=\"hidden\" name=\"_wpcf7_version\" value=\"6.1.5\" \/><input type=\"hidden\" name=\"_wpcf7_locale\" value=\"nb_NO\" \/><input type=\"hidden\" name=\"_wpcf7_unit_tag\" value=\"wpcf7-f540-o1\" \/><input type=\"hidden\" name=\"_wpcf7_container_post\" value=\"0\" \/><input type=\"hidden\" name=\"_wpcf7_posted_data_hash\" value=\"\" \/>\n<\/fieldset>\n<p><span class=\"wpcf7-form-control-wrap\" data-name=\"your-role\"><select class=\"wpcf7-form-control wpcf7-select wpcf7-validates-as-required\" aria-required=\"true\" aria-invalid=\"false\" name=\"your-role\"><option value=\"\">Jeg er&#8230;<\/option><option value=\"Pasient\">Pasient<\/option><option value=\"Helsepersonell\">Helsepersonell<\/option><\/select><\/span><br \/>\n<label><br \/>\n<span class=\"label\">E-post<\/span><br \/>\n<span class=\"wpcf7-form-control-wrap\" data-name=\"your-email\"><input size=\"40\" maxlength=\"50\" minlength=\"5\" class=\"wpcf7-form-control wpcf7-email wpcf7-validates-as-required wpcf7-text wpcf7-validates-as-email\" aria-required=\"true\" aria-invalid=\"false\" value=\"\" type=\"email\" name=\"your-email\" \/><\/span><br \/>\n<\/label>\n<\/p>\n<div class=\"spamoff\">\n\t<p><span class=\"wpcf7-form-control-wrap\" data-name=\"acceptance-587\"><span class=\"wpcf7-form-control wpcf7-acceptance invert\"><span class=\"wpcf7-list-item\"><input type=\"checkbox\" name=\"acceptance-587\" value=\"1\" checked=\"checked\" class=\"spamoff\" id=\"spamoff\" aria-invalid=\"false\" \/><\/span><\/span><\/span>\n\t<\/p>\n<\/div>\n<div class=\"button-submit\">\n\t<p><input class=\"wpcf7-form-control wpcf7-submit has-spinner\" type=\"submit\" value=\"\u042b\u0443\u0442\u0432\" \/>\n\t<\/p>\n<\/div><div class=\"wpcf7-response-output\" aria-hidden=\"true\"><\/div>\n<\/form>\n<\/div>\n        <\/div>\r\n        <div class=\"success\">\r\n            <h2>Takk for at du ble med i testgruppen v\u00e5r!<\/h2>\r\n            <p>N\u00e5r vi har noe du kan teste, tar vi kontakt.<\/p>\r\n        <\/div>\r\n    <\/div>\r\n<\/section>    <section class=\"section-faq\">\r\n        <div class=\"container\">\r\n            <h2>Vanlige sp\u00f8rsm\u00e5l<\/h2>\r\n            <div class=\"faq-wrapper\">\r\n                <div class=\"column\">\r\n                                                    <div class=\"faq\" tabindex=\"0\">\r\n                                    <h3 class=\"title\">\r\n                                        <span>Hvilken type astma er l\u00f8sningene deres nyttige for?<\/span>\r\n                                        <svg xmlns=\"http:\/\/www.w3.org\/2000\/svg\" width=\"32\" height=\"38\" viewBox=\"0 0 32 38\" fill=\"none\">\r\n                                            <circle cx=\"16\" cy=\"19\" r=\"16\" fill=\"#EBF1F1\"><\/circle>\r\n                                            <path fill-rule=\"evenodd\" clip-rule=\"evenodd\" d=\"M11.7682 16.3599C11.4147 15.9356 10.7841 15.8783 10.3598 16.2319C9.93556 16.5854 9.87824 17.216 10.2318 17.6403L15.2204 23.6267C15.2393 23.65 15.2593 23.6727 15.2804 23.6946C15.4607 23.8817 15.6994 23.9847 15.9436 23.9985C16.1206 24.0085 16.3005 23.9718 16.4633 23.8865C16.5461 23.8433 16.6238 23.7879 16.6936 23.7206C16.7256 23.6898 16.7551 23.6574 16.7821 23.6236L21.7682 17.6402C22.1218 17.2159 22.0645 16.5854 21.6402 16.2318C21.2159 15.8783 20.5854 15.9356 20.2318 16.3599L16 21.438L11.7682 16.3599Z\" fill=\"#417880\"><\/path>\r\n                                        <\/svg>\r\n                                    <\/h3>\r\n                                    <div class=\"content\"><!-- wp:paragraph -->\n<p>V\u00e5re l\u00f8sninger er designet for \u00e5 v\u00e6re nyttige for ulike typer astma, for eksempel:<\/p>\n<!-- \/wp:paragraph -->\n\n<!-- wp:list {\"ordered\":true,\"start\":1} -->\n<ol start=\"1\"><!-- wp:list-item -->\n<li><strong>Mild&nbsp; vedvarende astma: <\/strong>Pasienter med mild vedvarende astma kan dra nytte av v\u00e5re verkt\u00f8y for \u00e5 overv\u00e5ke lungefunksjon, symptomer og spore behandlingsfremgang.<\/li>\n<!-- \/wp:list-item -->\n\n<!-- wp:list-item -->\n<li><strong>Moderat&nbsp; vedvarende astma: <\/strong>V\u00e5re l\u00f8sninger er verdifulle for personer med moderat vedvarende astma for \u00e5 hjelpe dem med \u00e5 h\u00e5ndtere og kontrollere symptomene sine effektivt.<\/li>\n<!-- \/wp:list-item -->\n\n<!-- wp:list-item -->\n<li><strong>Alvorlig vedvarende astma: <\/strong>Selv for de med alvorlig vedvarende astma, gir verkt\u00f8yene v\u00e5re viktig st\u00f8tte for overv\u00e5king av lungefunksjon, symptomer og evaluering av behandlingsplanen.<\/li>\n<!-- \/wp:list-item -->\n\n<!-- wp:list-item -->\n<li><strong>Treningsindusert bronkokonstriksjon (EIB): <\/strong>Pasienter som opplever treningsindusert bronkokonstriksjon kan bruke verkt\u00f8yene v\u00e5re til \u00e5 evaluere lungefunksjonen f\u00f8r og etter fysisk aktivitet<strong>. <\/strong>&nbsp;&nbsp;<\/li>\n<!-- \/wp:list-item -->\n\n<!-- wp:list-item -->\n<li><strong>Allergisk astma: <\/strong>Personer med allergisk astma kan dra nytte av verkt\u00f8yene v\u00e5re for \u00e5 overv\u00e5ke tilstanden deres og finne utl\u00f8sere som kan forverre symptomene.<\/li>\n<!-- \/wp:list-item -->\n\n<!-- wp:list-item -->\n<li><strong>Ikke-allergisk astma: <\/strong>V\u00e5re l\u00f8sninger er ogs\u00e5 egnet for pasienter med ikke-allergisk astma, og hjelper dem med \u00e5 h\u00e5ndtere symptomene og optimalisere behandlingsplanen.&nbsp;&nbsp;<\/li>\n<!-- \/wp:list-item --><\/ol>\n<!-- \/wp:list --><\/div>\r\n                                <\/div>\r\n                                                    <div class=\"faq\" tabindex=\"0\">\r\n                                    <h3 class=\"title\">\r\n                                        <span>How do I get started?<\/span>\r\n                                        <svg xmlns=\"http:\/\/www.w3.org\/2000\/svg\" width=\"32\" height=\"38\" viewBox=\"0 0 32 38\" fill=\"none\">\r\n                                            <circle cx=\"16\" cy=\"19\" r=\"16\" fill=\"#EBF1F1\"><\/circle>\r\n                                            <path fill-rule=\"evenodd\" clip-rule=\"evenodd\" d=\"M11.7682 16.3599C11.4147 15.9356 10.7841 15.8783 10.3598 16.2319C9.93556 16.5854 9.87824 17.216 10.2318 17.6403L15.2204 23.6267C15.2393 23.65 15.2593 23.6727 15.2804 23.6946C15.4607 23.8817 15.6994 23.9847 15.9436 23.9985C16.1206 24.0085 16.3005 23.9718 16.4633 23.8865C16.5461 23.8433 16.6238 23.7879 16.6936 23.7206C16.7256 23.6898 16.7551 23.6574 16.7821 23.6236L21.7682 17.6402C22.1218 17.2159 22.0645 16.5854 21.6402 16.2318C21.2159 15.8783 20.5854 15.9356 20.2318 16.3599L16 21.438L11.7682 16.3599Z\" fill=\"#417880\"><\/path>\r\n                                        <\/svg>\r\n                                    <\/h3>\r\n                                    <div class=\"content\"><!-- wp:paragraph -->\n<p>It&#8217;s easy to get started with our services, read more about how it works on our <a href=\"\/no\/get-started\/\" data-type=\"page\" data-id=\"301546\">get started<\/a> page. <\/p>\n<!-- \/wp:paragraph --><\/div>\r\n                                <\/div>\r\n                                                    <div class=\"faq\" tabindex=\"0\">\r\n                                    <h3 class=\"title\">\r\n                                        <span>Hva koster det?<\/span>\r\n                                        <svg xmlns=\"http:\/\/www.w3.org\/2000\/svg\" width=\"32\" height=\"38\" viewBox=\"0 0 32 38\" fill=\"none\">\r\n                                            <circle cx=\"16\" cy=\"19\" r=\"16\" fill=\"#EBF1F1\"><\/circle>\r\n                                            <path fill-rule=\"evenodd\" clip-rule=\"evenodd\" d=\"M11.7682 16.3599C11.4147 15.9356 10.7841 15.8783 10.3598 16.2319C9.93556 16.5854 9.87824 17.216 10.2318 17.6403L15.2204 23.6267C15.2393 23.65 15.2593 23.6727 15.2804 23.6946C15.4607 23.8817 15.6994 23.9847 15.9436 23.9985C16.1206 24.0085 16.3005 23.9718 16.4633 23.8865C16.5461 23.8433 16.6238 23.7879 16.6936 23.7206C16.7256 23.6898 16.7551 23.6574 16.7821 23.6236L21.7682 17.6402C22.1218 17.2159 22.0645 16.5854 21.6402 16.2318C21.2159 15.8783 20.5854 15.9356 20.2318 16.3599L16 21.438L11.7682 16.3599Z\" fill=\"#417880\"><\/path>\r\n                                        <\/svg>\r\n                                    <\/h3>\r\n                                    <div class=\"content\"><!-- wp:paragraph -->\n<p>For \u00e5 ta i bruk AsthmaTuner i Norge m\u00e5 du ha en behandler som bruker systemet, og kostnad er avhengig av hvor du behandles. Ved de fleste sykehus dekkes kostnaden for spirometeret av helseforetaket, mens hos noen behandlere betaler du selv for spirometeret. <\/p>\n<!-- \/wp:paragraph --><\/div>\r\n                                <\/div>\r\n                    <\/div><div class=\"column\">                                <div class=\"faq\" tabindex=\"0\">\r\n                                    <h3 class=\"title\">\r\n                                        <span>Do all clinics provide your solutions?<\/span>\r\n                                        <svg xmlns=\"http:\/\/www.w3.org\/2000\/svg\" width=\"32\" height=\"38\" viewBox=\"0 0 32 38\" fill=\"none\">\r\n                                            <circle cx=\"16\" cy=\"19\" r=\"16\" fill=\"#EBF1F1\"><\/circle>\r\n                                            <path fill-rule=\"evenodd\" clip-rule=\"evenodd\" d=\"M11.7682 16.3599C11.4147 15.9356 10.7841 15.8783 10.3598 16.2319C9.93556 16.5854 9.87824 17.216 10.2318 17.6403L15.2204 23.6267C15.2393 23.65 15.2593 23.6727 15.2804 23.6946C15.4607 23.8817 15.6994 23.9847 15.9436 23.9985C16.1206 24.0085 16.3005 23.9718 16.4633 23.8865C16.5461 23.8433 16.6238 23.7879 16.6936 23.7206C16.7256 23.6898 16.7551 23.6574 16.7821 23.6236L21.7682 17.6402C22.1218 17.2159 22.0645 16.5854 21.6402 16.2318C21.2159 15.8783 20.5854 15.9356 20.2318 16.3599L16 21.438L11.7682 16.3599Z\" fill=\"#417880\"><\/path>\r\n                                        <\/svg>\r\n                                    <\/h3>\r\n                                    <div class=\"content\"><!-- wp:paragraph -->\n<p>We have many partner clinics, but unfortunately not all clinics are able to offer our services. Read more here about which clinics offer AsthmaTuner here: <a href=\"\/no\/get-started\/\">get started<\/a><\/p>\n<!-- \/wp:paragraph --><\/div>\r\n                                <\/div>\r\n                                                    <div class=\"faq\" tabindex=\"0\">\r\n                                    <h3 class=\"title\">\r\n                                        <span>Kan jeg bruke dette p\u00e5 egenh\u00e5nd uten en behandler?<\/span>\r\n                                        <svg xmlns=\"http:\/\/www.w3.org\/2000\/svg\" width=\"32\" height=\"38\" viewBox=\"0 0 32 38\" fill=\"none\">\r\n                                            <circle cx=\"16\" cy=\"19\" r=\"16\" fill=\"#EBF1F1\"><\/circle>\r\n                                            <path fill-rule=\"evenodd\" clip-rule=\"evenodd\" d=\"M11.7682 16.3599C11.4147 15.9356 10.7841 15.8783 10.3598 16.2319C9.93556 16.5854 9.87824 17.216 10.2318 17.6403L15.2204 23.6267C15.2393 23.65 15.2593 23.6727 15.2804 23.6946C15.4607 23.8817 15.6994 23.9847 15.9436 23.9985C16.1206 24.0085 16.3005 23.9718 16.4633 23.8865C16.5461 23.8433 16.6238 23.7879 16.6936 23.7206C16.7256 23.6898 16.7551 23.6574 16.7821 23.6236L21.7682 17.6402C22.1218 17.2159 22.0645 16.5854 21.6402 16.2318C21.2159 15.8783 20.5854 15.9356 20.2318 16.3599L16 21.438L11.7682 16.3599Z\" fill=\"#417880\"><\/path>\r\n                                        <\/svg>\r\n                                    <\/h3>\r\n                                    <div class=\"content\"><!-- wp:paragraph -->\n<p>V\u00e5re l\u00f8sninger er prim\u00e6rt ment \u00e5 brukes sammen med helsepersonell for \u00e5 sikre at du f\u00e5r riktig diagnose og behandling. Selv om noen funksjoner er nyttige for \u00e5 holde oversikt over helsen din p\u00e5 egenh\u00e5nd, anbefaler vi at du r\u00e5df\u00f8rer deg med helsepersonell for optimal omsorg og behandling.<\/p>\n<!-- \/wp:paragraph --><\/div>\r\n                                <\/div>\r\n                                                    <div class=\"faq\" tabindex=\"0\">\r\n                                    <h3 class=\"title\">\r\n                                        <span>Er det trygt \u00e5 bruke l\u00f8sningene deres?<\/span>\r\n                                        <svg xmlns=\"http:\/\/www.w3.org\/2000\/svg\" width=\"32\" height=\"38\" viewBox=\"0 0 32 38\" fill=\"none\">\r\n                                            <circle cx=\"16\" cy=\"19\" r=\"16\" fill=\"#EBF1F1\"><\/circle>\r\n                                            <path fill-rule=\"evenodd\" clip-rule=\"evenodd\" d=\"M11.7682 16.3599C11.4147 15.9356 10.7841 15.8783 10.3598 16.2319C9.93556 16.5854 9.87824 17.216 10.2318 17.6403L15.2204 23.6267C15.2393 23.65 15.2593 23.6727 15.2804 23.6946C15.4607 23.8817 15.6994 23.9847 15.9436 23.9985C16.1206 24.0085 16.3005 23.9718 16.4633 23.8865C16.5461 23.8433 16.6238 23.7879 16.6936 23.7206C16.7256 23.6898 16.7551 23.6574 16.7821 23.6236L21.7682 17.6402C22.1218 17.2159 22.0645 16.5854 21.6402 16.2318C21.2159 15.8783 20.5854 15.9356 20.2318 16.3599L16 21.438L11.7682 16.3599Z\" fill=\"#417880\"><\/path>\r\n                                        <\/svg>\r\n                                    <\/h3>\r\n                                    <div class=\"content\"><!-- wp:paragraph -->\n<p>Ja, sikkerheten til verkt\u00f8yene v\u00e5re st\u00f8ttes av kliniske studier og CE-merking.<\/p>\n<!-- \/wp:paragraph --><\/div>\r\n                                <\/div>\r\n                                                    <div class=\"faq\" tabindex=\"0\">\r\n                                    <h3 class=\"title\">\r\n                                        <span>Hvilket spirometer kan jeg bruke?<\/span>\r\n                                        <svg xmlns=\"http:\/\/www.w3.org\/2000\/svg\" width=\"32\" height=\"38\" viewBox=\"0 0 32 38\" fill=\"none\">\r\n                                            <circle cx=\"16\" cy=\"19\" r=\"16\" fill=\"#EBF1F1\"><\/circle>\r\n                                            <path fill-rule=\"evenodd\" clip-rule=\"evenodd\" d=\"M11.7682 16.3599C11.4147 15.9356 10.7841 15.8783 10.3598 16.2319C9.93556 16.5854 9.87824 17.216 10.2318 17.6403L15.2204 23.6267C15.2393 23.65 15.2593 23.6727 15.2804 23.6946C15.4607 23.8817 15.6994 23.9847 15.9436 23.9985C16.1206 24.0085 16.3005 23.9718 16.4633 23.8865C16.5461 23.8433 16.6238 23.7879 16.6936 23.7206C16.7256 23.6898 16.7551 23.6574 16.7821 23.6236L21.7682 17.6402C22.1218 17.2159 22.0645 16.5854 21.6402 16.2318C21.2159 15.8783 20.5854 15.9356 20.2318 16.3599L16 21.438L11.7682 16.3599Z\" fill=\"#417880\"><\/path>\r\n                                        <\/svg>\r\n                                    <\/h3>\r\n                                    <div class=\"content\"><!-- wp:paragraph -->\n<p>Du kan bruke v\u00e5rt dedikerte spirometer, som er spesielt utviklet for \u00e5 fungere med v\u00e5re digitale l\u00f8sninger. Ved \u00e5 bruke spirometeret v\u00e5rt sikrer du n\u00f8yaktige og p\u00e5litelige lungefunksjonsm\u00e5linger, noe som gir deg de beste forutsetningene for \u00e5 h\u00e5ndtere helsen din.<\/p>\n<!-- \/wp:paragraph --><\/div>\r\n                                <\/div>\r\n                                    <\/div>\r\n            <\/div>\r\n        <\/div>\r\n    <\/section>\r\n\r\n","protected":false},"excerpt":{"rendered":"","protected":false},"author":1,"featured_media":0,"parent":531,"menu_order":0,"comment_status":"closed","ping_status":"closed","template":"","meta":{"_acf_changed":false,"footnotes":""},"class_list":["post-533","page","type-page","status-publish","hentry"],"acf":[],"yoast_head":"<!-- This site is optimized with the Yoast SEO plugin v27.2 - https:\/\/yoast.com\/product\/yoast-seo-wordpress\/ -->\n<title>Astma - Medituner Norway<\/title>\n<meta name=\"robots\" content=\"noindex, follow, max-snippet:-1, max-image-preview:large, max-video-preview:-1\" \/>\n<meta property=\"og:locale\" content=\"nb_NO\" \/>\n<meta property=\"og:type\" content=\"article\" \/>\n<meta property=\"og:title\" content=\"Astma - Medituner Norway\" \/>\n<meta property=\"og:url\" content=\"https:\/\/dev.medituner.com\/no\/patients\/asthma\/\" \/>\n<meta property=\"og:site_name\" content=\"Medituner Norway\" \/>\n<meta property=\"article:modified_time\" content=\"2024-02-26T10:21:54+00:00\" \/>\n<meta name=\"twitter:card\" content=\"summary_large_image\" \/>\n<script type=\"application\/ld+json\" class=\"yoast-schema-graph\">{\"@context\":\"https:\/\/schema.org\",\"@graph\":[{\"@type\":\"WebPage\",\"@id\":\"https:\/\/dev.medituner.com\/no\/patients\/asthma\/\",\"url\":\"https:\/\/dev.medituner.com\/no\/patients\/asthma\/\",\"name\":\"Astma - Medituner Norway\",\"isPartOf\":{\"@id\":\"https:\/\/dev.medituner.com\/no\/#website\"},\"datePublished\":\"2024-01-01T13:36:23+00:00\",\"dateModified\":\"2024-02-26T10:21:54+00:00\",\"breadcrumb\":{\"@id\":\"https:\/\/dev.medituner.com\/no\/patients\/asthma\/#breadcrumb\"},\"inLanguage\":\"nb-NO\",\"potentialAction\":[{\"@type\":\"ReadAction\",\"target\":[\"https:\/\/dev.medituner.com\/no\/patients\/asthma\/\"]}]},{\"@type\":\"BreadcrumbList\",\"@id\":\"https:\/\/dev.medituner.com\/no\/patients\/asthma\/#breadcrumb\",\"itemListElement\":[{\"@type\":\"ListItem\",\"position\":1,\"name\":\"Home\",\"item\":\"https:\/\/dev.medituner.com\/no\/\"},{\"@type\":\"ListItem\",\"position\":2,\"name\":\"Pasienter\",\"item\":\"https:\/\/dev.medituner.com\/no\/patients\/\"},{\"@type\":\"ListItem\",\"position\":3,\"name\":\"Astma\"}]},{\"@type\":\"WebSite\",\"@id\":\"https:\/\/dev.medituner.com\/no\/#website\",\"url\":\"https:\/\/dev.medituner.com\/no\/\",\"name\":\"Medituner Norway\",\"description\":\"\",\"potentialAction\":[{\"@type\":\"SearchAction\",\"target\":{\"@type\":\"EntryPoint\",\"urlTemplate\":\"https:\/\/dev.medituner.com\/no\/?s={search_term_string}\"},\"query-input\":{\"@type\":\"PropertyValueSpecification\",\"valueRequired\":true,\"valueName\":\"search_term_string\"}}],\"inLanguage\":\"nb-NO\"}]}<\/script>\n<!-- \/ Yoast SEO plugin. -->","yoast_head_json":{"title":"Astma - Medituner Norway","robots":{"index":"noindex","follow":"follow","max-snippet":"max-snippet:-1","max-image-preview":"max-image-preview:large","max-video-preview":"max-video-preview:-1"},"og_locale":"nb_NO","og_type":"article","og_title":"Astma - Medituner Norway","og_url":"https:\/\/dev.medituner.com\/no\/patients\/asthma\/","og_site_name":"Medituner Norway","article_modified_time":"2024-02-26T10:21:54+00:00","twitter_card":"summary_large_image","schema":{"@context":"https:\/\/schema.org","@graph":[{"@type":"WebPage","@id":"https:\/\/dev.medituner.com\/no\/patients\/asthma\/","url":"https:\/\/dev.medituner.com\/no\/patients\/asthma\/","name":"Astma - Medituner Norway","isPartOf":{"@id":"https:\/\/dev.medituner.com\/no\/#website"},"datePublished":"2024-01-01T13:36:23+00:00","dateModified":"2024-02-26T10:21:54+00:00","breadcrumb":{"@id":"https:\/\/dev.medituner.com\/no\/patients\/asthma\/#breadcrumb"},"inLanguage":"nb-NO","potentialAction":[{"@type":"ReadAction","target":["https:\/\/dev.medituner.com\/no\/patients\/asthma\/"]}]},{"@type":"BreadcrumbList","@id":"https:\/\/dev.medituner.com\/no\/patients\/asthma\/#breadcrumb","itemListElement":[{"@type":"ListItem","position":1,"name":"Home","item":"https:\/\/dev.medituner.com\/no\/"},{"@type":"ListItem","position":2,"name":"Pasienter","item":"https:\/\/dev.medituner.com\/no\/patients\/"},{"@type":"ListItem","position":3,"name":"Astma"}]},{"@type":"WebSite","@id":"https:\/\/dev.medituner.com\/no\/#website","url":"https:\/\/dev.medituner.com\/no\/","name":"Medituner Norway","description":"","potentialAction":[{"@type":"SearchAction","target":{"@type":"EntryPoint","urlTemplate":"https:\/\/dev.medituner.com\/no\/?s={search_term_string}"},"query-input":{"@type":"PropertyValueSpecification","valueRequired":true,"valueName":"search_term_string"}}],"inLanguage":"nb-NO"}]}},"_links":{"self":[{"href":"https:\/\/dev.medituner.com\/no\/wp-json\/wp\/v2\/pages\/533","targetHints":{"allow":["GET"]}}],"collection":[{"href":"https:\/\/dev.medituner.com\/no\/wp-json\/wp\/v2\/pages"}],"about":[{"href":"https:\/\/dev.medituner.com\/no\/wp-json\/wp\/v2\/types\/page"}],"author":[{"embeddable":true,"href":"https:\/\/dev.medituner.com\/no\/wp-json\/wp\/v2\/users\/1"}],"replies":[{"embeddable":true,"href":"https:\/\/dev.medituner.com\/no\/wp-json\/wp\/v2\/comments?post=533"}],"version-history":[{"count":3,"href":"https:\/\/dev.medituner.com\/no\/wp-json\/wp\/v2\/pages\/533\/revisions"}],"predecessor-version":[{"id":1060,"href":"https:\/\/dev.medituner.com\/no\/wp-json\/wp\/v2\/pages\/533\/revisions\/1060"}],"up":[{"embeddable":true,"href":"https:\/\/dev.medituner.com\/no\/wp-json\/wp\/v2\/pages\/531"}],"wp:attachment":[{"href":"https:\/\/dev.medituner.com\/no\/wp-json\/wp\/v2\/media?parent=533"}],"curies":[{"name":"wp","href":"https:\/\/api.w.org\/{rel}","templated":true}]}}