{"id":537,"date":"2024-01-01T13:37:21","date_gmt":"2024-01-01T13:37:21","guid":{"rendered":"https:\/\/dev.medituner.com\/no\/patients\/supporting-a-loved-one\/"},"modified":"2024-02-28T13:41:58","modified_gmt":"2024-02-28T13:41:58","slug":"supporting-a-loved-one","status":"publish","type":"page","link":"https:\/\/dev.medituner.com\/no\/patients\/supporting-a-loved-one\/","title":{"rendered":"St\u00f8tt en p\u00e5r\u00f8rende"},"content":{"rendered":"<section class=\"section-content section-hero-image\">\r\n    <div class=\"container\">\r\n        <div class=\"content\">\r\n            <h1>\u00abN\u00e5 m\u00e5 vi kanskje aldri g\u00e5 til legevakten med datteren v\u00e5r igjen\u00bb<\/h1>\r\n            <p>\u2013 Mamma til Anna, 9 \u00e5r\n\nHold kontakten og gi omsorg gjennom appen v\u00e5r, og f\u00f8lg din p\u00e5r\u00f8rendes helse med sanntidsoppdateringer, behandlingsoppf\u00f8lging og symptomoverv\u00e5king.<\/p>\r\n            <div class=\"button-container\">\r\n                                    <a class=\"button\" href=\"\/no\/get-started\">Kom i gang<\/a>\r\n                            <\/div>\r\n        <\/div>\r\n                    <div class=\"background\">\r\n                <img decoding=\"async\" src=\"https:\/\/dev.medituner.com\/no\/wp-content\/uploads\/sites\/3\/2024\/01\/support1-1-768x576.png\" alt=\"\">\r\n            <\/div>\r\n            <\/div>\r\n<\/section>\n\n        <section class=\"section-content \">\r\n            <div class=\"container\">\r\n                                <div class=\"img-wrapper\">\r\n                    <img decoding=\"async\" src=\"https:\/\/dev.medituner.com\/no\/wp-content\/uploads\/sites\/3\/2024\/01\/support-2-1-768x615.png\" alt=\"\">\r\n                <\/div>\r\n                                <div class=\"content\">\r\n                    <h2>Astma p\u00e5virker livskvalitet og skoleresultater negativt<\/h2>\r\n                    <div><p>Forskning viser hvordan astma kan ha en negativ innvirkning p\u00e5 livet og akademiske prestasjoner. Barn med astma kan kanskje ikke delta i sport eller fysiske aktiviteter, og det kan gj\u00f8re skolearbeid vanskeligere.<\/p>\n<\/div>\r\n                <\/div>\r\n            <\/div>\r\n        <\/section>\r\n        <section class=\"section-content section-content-revert\">\r\n            <div class=\"container\">\r\n                                <div class=\"img-wrapper\">\r\n                    <img decoding=\"async\" src=\"https:\/\/dev.medituner.com\/no\/wp-content\/uploads\/sites\/3\/2024\/01\/asthma3-1-768x615.png\" alt=\"\">\r\n                <\/div>\r\n                                <div class=\"content\">\r\n                    <h2>Optimalisert behandling fra dag til dag<\/h2>\r\n                    <div><p>\u00c5 ta for mye medisin er ikke bra, og \u00e5 ta for lite kan resultere i lange perioder med sykdom og kroniske effekter. F\u00e5 behandlingsanbefalinger basert p\u00e5 objektive data.<\/p>\n<\/div>\r\n                <\/div>\r\n            <\/div>\r\n        <\/section>\r\n        <section class=\"section-content \">\r\n            <div class=\"container\">\r\n                                <div class=\"img-wrapper\">\r\n                    <img decoding=\"async\" src=\"https:\/\/dev.medituner.com\/no\/wp-content\/uploads\/sites\/3\/2024\/01\/support3-1-768x615.png\" alt=\"\">\r\n                <\/div>\r\n                                <div class=\"content\">\r\n                    <h2>F\u00e5 varsler<\/h2>\r\n                    <div><p>\u00c5 holde et \u00f8ye med din p\u00e5r\u00f8rende i AsthmaTuner gir deg oversikt over deres lungefunksjon og symptomer. Du kan til og med f\u00e5 varsler om astmaens kontrollniv\u00e5. Denne informasjonen hjelper deg \u00e5 holde deg informert.<\/p>\n<\/div>\r\n                <\/div>\r\n            <\/div>\r\n        <\/section>\r\n        <section class=\"section-content section-content-revert\">\r\n            <div class=\"container\">\r\n                                <div class=\"img-wrapper\">\r\n                    <img decoding=\"async\" src=\"https:\/\/dev.medituner.com\/no\/wp-content\/uploads\/sites\/3\/2024\/01\/support4-1-768x615.png\" alt=\"\">\r\n                <\/div>\r\n                                <div class=\"content\">\r\n                    <h2>Forenkler kommunikasjonen<\/h2>\r\n                    <div><p>\u00c5 forklare symptomene til dine p\u00e5r\u00f8rende til helsepersonell kan v\u00e6re vanskelig. AsthmaTuner endrer det ved \u00e5 vise helsepersonell all informasjon om deres luftveissykdom. N\u00e5 blir til og med telefon- eller videokonsultasjoner mer effektive.<\/p>\n<\/div>\r\n                <\/div>\r\n            <\/div>\r\n        <\/section>\r\n\n\n    <section class=\"section-faq\">\r\n        <div class=\"container\">\r\n            <h2>Vanlige sp\u00f8rsm\u00e5l<\/h2>\r\n            <div class=\"faq-wrapper\">\r\n                <div class=\"column\">\r\n                                                    <div class=\"faq\" tabindex=\"0\">\r\n                                    <h3 class=\"title\">\r\n                                        <span>Can children use your tools?<\/span>\r\n                                        <svg xmlns=\"http:\/\/www.w3.org\/2000\/svg\" width=\"32\" height=\"38\" viewBox=\"0 0 32 38\" fill=\"none\">\r\n                                            <circle cx=\"16\" cy=\"19\" r=\"16\" fill=\"#EBF1F1\"><\/circle>\r\n                                            <path fill-rule=\"evenodd\" clip-rule=\"evenodd\" d=\"M11.7682 16.3599C11.4147 15.9356 10.7841 15.8783 10.3598 16.2319C9.93556 16.5854 9.87824 17.216 10.2318 17.6403L15.2204 23.6267C15.2393 23.65 15.2593 23.6727 15.2804 23.6946C15.4607 23.8817 15.6994 23.9847 15.9436 23.9985C16.1206 24.0085 16.3005 23.9718 16.4633 23.8865C16.5461 23.8433 16.6238 23.7879 16.6936 23.7206C16.7256 23.6898 16.7551 23.6574 16.7821 23.6236L21.7682 17.6402C22.1218 17.2159 22.0645 16.5854 21.6402 16.2318C21.2159 15.8783 20.5854 15.9356 20.2318 16.3599L16 21.438L11.7682 16.3599Z\" fill=\"#417880\"><\/path>\r\n                                        <\/svg>\r\n                                    <\/h3>\r\n                                    <div class=\"content\"><!-- wp:paragraph -->\n<p>Our asthma tools\u00a0are suitable for children aged 6 and older.\u00a0Remember that for children, especially those under 10, parental supervision and\u00a0assistance\u00a0may be necessary, especially\u00a0during\u00a0initial\u00a0use, to ensure they perform the test correctly. Over time, your child may become more independent in using\u00a0the tools.\u00a0<\/p>\n<!-- \/wp:paragraph --><\/div>\r\n                                <\/div>\r\n                                                    <div class=\"faq\" tabindex=\"0\">\r\n                                    <h3 class=\"title\">\r\n                                        <span>How do I get started?<\/span>\r\n                                        <svg xmlns=\"http:\/\/www.w3.org\/2000\/svg\" width=\"32\" height=\"38\" viewBox=\"0 0 32 38\" fill=\"none\">\r\n                                            <circle cx=\"16\" cy=\"19\" r=\"16\" fill=\"#EBF1F1\"><\/circle>\r\n                                            <path fill-rule=\"evenodd\" clip-rule=\"evenodd\" d=\"M11.7682 16.3599C11.4147 15.9356 10.7841 15.8783 10.3598 16.2319C9.93556 16.5854 9.87824 17.216 10.2318 17.6403L15.2204 23.6267C15.2393 23.65 15.2593 23.6727 15.2804 23.6946C15.4607 23.8817 15.6994 23.9847 15.9436 23.9985C16.1206 24.0085 16.3005 23.9718 16.4633 23.8865C16.5461 23.8433 16.6238 23.7879 16.6936 23.7206C16.7256 23.6898 16.7551 23.6574 16.7821 23.6236L21.7682 17.6402C22.1218 17.2159 22.0645 16.5854 21.6402 16.2318C21.2159 15.8783 20.5854 15.9356 20.2318 16.3599L16 21.438L11.7682 16.3599Z\" fill=\"#417880\"><\/path>\r\n                                        <\/svg>\r\n                                    <\/h3>\r\n                                    <div class=\"content\"><!-- wp:paragraph -->\n<p>It&#8217;s easy to get started with our services, read more about how it works on our <a href=\"\/no\/get-started\/\" data-type=\"page\" data-id=\"301546\">get started<\/a> page. <\/p>\n<!-- \/wp:paragraph --><\/div>\r\n                                <\/div>\r\n                                                    <div class=\"faq\" tabindex=\"0\">\r\n                                    <h3 class=\"title\">\r\n                                        <span>Hva koster det?<\/span>\r\n                                        <svg xmlns=\"http:\/\/www.w3.org\/2000\/svg\" width=\"32\" height=\"38\" viewBox=\"0 0 32 38\" fill=\"none\">\r\n                                            <circle cx=\"16\" cy=\"19\" r=\"16\" fill=\"#EBF1F1\"><\/circle>\r\n                                            <path fill-rule=\"evenodd\" clip-rule=\"evenodd\" d=\"M11.7682 16.3599C11.4147 15.9356 10.7841 15.8783 10.3598 16.2319C9.93556 16.5854 9.87824 17.216 10.2318 17.6403L15.2204 23.6267C15.2393 23.65 15.2593 23.6727 15.2804 23.6946C15.4607 23.8817 15.6994 23.9847 15.9436 23.9985C16.1206 24.0085 16.3005 23.9718 16.4633 23.8865C16.5461 23.8433 16.6238 23.7879 16.6936 23.7206C16.7256 23.6898 16.7551 23.6574 16.7821 23.6236L21.7682 17.6402C22.1218 17.2159 22.0645 16.5854 21.6402 16.2318C21.2159 15.8783 20.5854 15.9356 20.2318 16.3599L16 21.438L11.7682 16.3599Z\" fill=\"#417880\"><\/path>\r\n                                        <\/svg>\r\n                                    <\/h3>\r\n                                    <div class=\"content\"><!-- wp:paragraph -->\n<p>For \u00e5 ta i bruk AsthmaTuner i Norge m\u00e5 du ha en behandler som bruker systemet, og kostnad er avhengig av hvor du behandles. Ved de fleste sykehus dekkes kostnaden for spirometeret av helseforetaket, mens hos noen behandlere betaler du selv for spirometeret. <\/p>\n<!-- \/wp:paragraph --><\/div>\r\n                                <\/div>\r\n                    <\/div><div class=\"column\">                                <div class=\"faq\" tabindex=\"0\">\r\n                                    <h3 class=\"title\">\r\n                                        <span>Do all clinics provide your solutions?<\/span>\r\n                                        <svg xmlns=\"http:\/\/www.w3.org\/2000\/svg\" width=\"32\" height=\"38\" viewBox=\"0 0 32 38\" fill=\"none\">\r\n                                            <circle cx=\"16\" cy=\"19\" r=\"16\" fill=\"#EBF1F1\"><\/circle>\r\n                                            <path fill-rule=\"evenodd\" clip-rule=\"evenodd\" d=\"M11.7682 16.3599C11.4147 15.9356 10.7841 15.8783 10.3598 16.2319C9.93556 16.5854 9.87824 17.216 10.2318 17.6403L15.2204 23.6267C15.2393 23.65 15.2593 23.6727 15.2804 23.6946C15.4607 23.8817 15.6994 23.9847 15.9436 23.9985C16.1206 24.0085 16.3005 23.9718 16.4633 23.8865C16.5461 23.8433 16.6238 23.7879 16.6936 23.7206C16.7256 23.6898 16.7551 23.6574 16.7821 23.6236L21.7682 17.6402C22.1218 17.2159 22.0645 16.5854 21.6402 16.2318C21.2159 15.8783 20.5854 15.9356 20.2318 16.3599L16 21.438L11.7682 16.3599Z\" fill=\"#417880\"><\/path>\r\n                                        <\/svg>\r\n                                    <\/h3>\r\n                                    <div class=\"content\"><!-- wp:paragraph -->\n<p>We have many partner clinics, but unfortunately not all clinics are able to offer our services. Read more here about which clinics offer AsthmaTuner here: <a href=\"\/no\/get-started\/\">get started<\/a><\/p>\n<!-- \/wp:paragraph --><\/div>\r\n                                <\/div>\r\n                                                    <div class=\"faq\" tabindex=\"0\">\r\n                                    <h3 class=\"title\">\r\n                                        <span>Kan jeg bruke dette p\u00e5 egenh\u00e5nd uten en behandler?<\/span>\r\n                                        <svg xmlns=\"http:\/\/www.w3.org\/2000\/svg\" width=\"32\" height=\"38\" viewBox=\"0 0 32 38\" fill=\"none\">\r\n                                            <circle cx=\"16\" cy=\"19\" r=\"16\" fill=\"#EBF1F1\"><\/circle>\r\n                                            <path fill-rule=\"evenodd\" clip-rule=\"evenodd\" d=\"M11.7682 16.3599C11.4147 15.9356 10.7841 15.8783 10.3598 16.2319C9.93556 16.5854 9.87824 17.216 10.2318 17.6403L15.2204 23.6267C15.2393 23.65 15.2593 23.6727 15.2804 23.6946C15.4607 23.8817 15.6994 23.9847 15.9436 23.9985C16.1206 24.0085 16.3005 23.9718 16.4633 23.8865C16.5461 23.8433 16.6238 23.7879 16.6936 23.7206C16.7256 23.6898 16.7551 23.6574 16.7821 23.6236L21.7682 17.6402C22.1218 17.2159 22.0645 16.5854 21.6402 16.2318C21.2159 15.8783 20.5854 15.9356 20.2318 16.3599L16 21.438L11.7682 16.3599Z\" fill=\"#417880\"><\/path>\r\n                                        <\/svg>\r\n                                    <\/h3>\r\n                                    <div class=\"content\"><!-- wp:paragraph -->\n<p>V\u00e5re l\u00f8sninger er prim\u00e6rt ment \u00e5 brukes sammen med helsepersonell for \u00e5 sikre at du f\u00e5r riktig diagnose og behandling. Selv om noen funksjoner er nyttige for \u00e5 holde oversikt over helsen din p\u00e5 egenh\u00e5nd, anbefaler vi at du r\u00e5df\u00f8rer deg med helsepersonell for optimal omsorg og behandling.<\/p>\n<!-- \/wp:paragraph --><\/div>\r\n                                <\/div>\r\n                                                    <div class=\"faq\" tabindex=\"0\">\r\n                                    <h3 class=\"title\">\r\n                                        <span>Er det trygt \u00e5 bruke l\u00f8sningene deres?<\/span>\r\n                                        <svg xmlns=\"http:\/\/www.w3.org\/2000\/svg\" width=\"32\" height=\"38\" viewBox=\"0 0 32 38\" fill=\"none\">\r\n                                            <circle cx=\"16\" cy=\"19\" r=\"16\" fill=\"#EBF1F1\"><\/circle>\r\n                                            <path fill-rule=\"evenodd\" clip-rule=\"evenodd\" d=\"M11.7682 16.3599C11.4147 15.9356 10.7841 15.8783 10.3598 16.2319C9.93556 16.5854 9.87824 17.216 10.2318 17.6403L15.2204 23.6267C15.2393 23.65 15.2593 23.6727 15.2804 23.6946C15.4607 23.8817 15.6994 23.9847 15.9436 23.9985C16.1206 24.0085 16.3005 23.9718 16.4633 23.8865C16.5461 23.8433 16.6238 23.7879 16.6936 23.7206C16.7256 23.6898 16.7551 23.6574 16.7821 23.6236L21.7682 17.6402C22.1218 17.2159 22.0645 16.5854 21.6402 16.2318C21.2159 15.8783 20.5854 15.9356 20.2318 16.3599L16 21.438L11.7682 16.3599Z\" fill=\"#417880\"><\/path>\r\n                                        <\/svg>\r\n                                    <\/h3>\r\n                                    <div class=\"content\"><!-- wp:paragraph -->\n<p>Ja, sikkerheten til verkt\u00f8yene v\u00e5re st\u00f8ttes av kliniske studier og CE-merking.<\/p>\n<!-- \/wp:paragraph --><\/div>\r\n                                <\/div>\r\n                                                    <div class=\"faq\" tabindex=\"0\">\r\n                                    <h3 class=\"title\">\r\n                                        <span>Hvilket spirometer kan jeg bruke?<\/span>\r\n                                        <svg xmlns=\"http:\/\/www.w3.org\/2000\/svg\" width=\"32\" height=\"38\" viewBox=\"0 0 32 38\" fill=\"none\">\r\n                                            <circle cx=\"16\" cy=\"19\" r=\"16\" fill=\"#EBF1F1\"><\/circle>\r\n                                            <path fill-rule=\"evenodd\" clip-rule=\"evenodd\" d=\"M11.7682 16.3599C11.4147 15.9356 10.7841 15.8783 10.3598 16.2319C9.93556 16.5854 9.87824 17.216 10.2318 17.6403L15.2204 23.6267C15.2393 23.65 15.2593 23.6727 15.2804 23.6946C15.4607 23.8817 15.6994 23.9847 15.9436 23.9985C16.1206 24.0085 16.3005 23.9718 16.4633 23.8865C16.5461 23.8433 16.6238 23.7879 16.6936 23.7206C16.7256 23.6898 16.7551 23.6574 16.7821 23.6236L21.7682 17.6402C22.1218 17.2159 22.0645 16.5854 21.6402 16.2318C21.2159 15.8783 20.5854 15.9356 20.2318 16.3599L16 21.438L11.7682 16.3599Z\" fill=\"#417880\"><\/path>\r\n                                        <\/svg>\r\n                                    <\/h3>\r\n                                    <div class=\"content\"><!-- wp:paragraph -->\n<p>Du kan bruke v\u00e5rt dedikerte spirometer, som er spesielt utviklet for \u00e5 fungere med v\u00e5re digitale l\u00f8sninger. Ved \u00e5 bruke spirometeret v\u00e5rt sikrer du n\u00f8yaktige og p\u00e5litelige lungefunksjonsm\u00e5linger, noe som gir deg de beste forutsetningene for \u00e5 h\u00e5ndtere helsen din.<\/p>\n<!-- \/wp:paragraph --><\/div>\r\n                                <\/div>\r\n                                    <\/div>\r\n            <\/div>\r\n        <\/div>\r\n    <\/section>\r\n\r\n","protected":false},"excerpt":{"rendered":"","protected":false},"author":1,"featured_media":0,"parent":531,"menu_order":0,"comment_status":"closed","ping_status":"closed","template":"","meta":{"_acf_changed":false,"footnotes":""},"class_list":["post-537","page","type-page","status-publish","hentry"],"acf":[],"yoast_head":"<!-- This site is optimized with the Yoast SEO plugin v27.2 - https:\/\/yoast.com\/product\/yoast-seo-wordpress\/ -->\n<title>St\u00f8tt en p\u00e5r\u00f8rende - Medituner Norway<\/title>\n<meta name=\"robots\" content=\"noindex, follow, max-snippet:-1, max-image-preview:large, max-video-preview:-1\" \/>\n<meta property=\"og:locale\" content=\"nb_NO\" \/>\n<meta property=\"og:type\" content=\"article\" \/>\n<meta property=\"og:title\" content=\"St\u00f8tt en p\u00e5r\u00f8rende - Medituner Norway\" \/>\n<meta property=\"og:url\" content=\"https:\/\/dev.medituner.com\/no\/patients\/supporting-a-loved-one\/\" \/>\n<meta property=\"og:site_name\" content=\"Medituner Norway\" \/>\n<meta property=\"article:modified_time\" content=\"2024-02-28T13:41:58+00:00\" \/>\n<meta name=\"twitter:card\" content=\"summary_large_image\" \/>\n<script type=\"application\/ld+json\" class=\"yoast-schema-graph\">{\"@context\":\"https:\/\/schema.org\",\"@graph\":[{\"@type\":\"WebPage\",\"@id\":\"https:\/\/dev.medituner.com\/no\/patients\/supporting-a-loved-one\/\",\"url\":\"https:\/\/dev.medituner.com\/no\/patients\/supporting-a-loved-one\/\",\"name\":\"St\u00f8tt en p\u00e5r\u00f8rende - Medituner Norway\",\"isPartOf\":{\"@id\":\"https:\/\/dev.medituner.com\/no\/#website\"},\"datePublished\":\"2024-01-01T13:37:21+00:00\",\"dateModified\":\"2024-02-28T13:41:58+00:00\",\"breadcrumb\":{\"@id\":\"https:\/\/dev.medituner.com\/no\/patients\/supporting-a-loved-one\/#breadcrumb\"},\"inLanguage\":\"nb-NO\",\"potentialAction\":[{\"@type\":\"ReadAction\",\"target\":[\"https:\/\/dev.medituner.com\/no\/patients\/supporting-a-loved-one\/\"]}]},{\"@type\":\"BreadcrumbList\",\"@id\":\"https:\/\/dev.medituner.com\/no\/patients\/supporting-a-loved-one\/#breadcrumb\",\"itemListElement\":[{\"@type\":\"ListItem\",\"position\":1,\"name\":\"Home\",\"item\":\"https:\/\/dev.medituner.com\/no\/\"},{\"@type\":\"ListItem\",\"position\":2,\"name\":\"Pasienter\",\"item\":\"https:\/\/dev.medituner.com\/no\/patients\/\"},{\"@type\":\"ListItem\",\"position\":3,\"name\":\"St\u00f8tt en p\u00e5r\u00f8rende\"}]},{\"@type\":\"WebSite\",\"@id\":\"https:\/\/dev.medituner.com\/no\/#website\",\"url\":\"https:\/\/dev.medituner.com\/no\/\",\"name\":\"Medituner Norway\",\"description\":\"\",\"potentialAction\":[{\"@type\":\"SearchAction\",\"target\":{\"@type\":\"EntryPoint\",\"urlTemplate\":\"https:\/\/dev.medituner.com\/no\/?s={search_term_string}\"},\"query-input\":{\"@type\":\"PropertyValueSpecification\",\"valueRequired\":true,\"valueName\":\"search_term_string\"}}],\"inLanguage\":\"nb-NO\"}]}<\/script>\n<!-- \/ Yoast SEO plugin. -->","yoast_head_json":{"title":"St\u00f8tt en p\u00e5r\u00f8rende - Medituner Norway","robots":{"index":"noindex","follow":"follow","max-snippet":"max-snippet:-1","max-image-preview":"max-image-preview:large","max-video-preview":"max-video-preview:-1"},"og_locale":"nb_NO","og_type":"article","og_title":"St\u00f8tt en p\u00e5r\u00f8rende - Medituner Norway","og_url":"https:\/\/dev.medituner.com\/no\/patients\/supporting-a-loved-one\/","og_site_name":"Medituner Norway","article_modified_time":"2024-02-28T13:41:58+00:00","twitter_card":"summary_large_image","schema":{"@context":"https:\/\/schema.org","@graph":[{"@type":"WebPage","@id":"https:\/\/dev.medituner.com\/no\/patients\/supporting-a-loved-one\/","url":"https:\/\/dev.medituner.com\/no\/patients\/supporting-a-loved-one\/","name":"St\u00f8tt en p\u00e5r\u00f8rende - Medituner Norway","isPartOf":{"@id":"https:\/\/dev.medituner.com\/no\/#website"},"datePublished":"2024-01-01T13:37:21+00:00","dateModified":"2024-02-28T13:41:58+00:00","breadcrumb":{"@id":"https:\/\/dev.medituner.com\/no\/patients\/supporting-a-loved-one\/#breadcrumb"},"inLanguage":"nb-NO","potentialAction":[{"@type":"ReadAction","target":["https:\/\/dev.medituner.com\/no\/patients\/supporting-a-loved-one\/"]}]},{"@type":"BreadcrumbList","@id":"https:\/\/dev.medituner.com\/no\/patients\/supporting-a-loved-one\/#breadcrumb","itemListElement":[{"@type":"ListItem","position":1,"name":"Home","item":"https:\/\/dev.medituner.com\/no\/"},{"@type":"ListItem","position":2,"name":"Pasienter","item":"https:\/\/dev.medituner.com\/no\/patients\/"},{"@type":"ListItem","position":3,"name":"St\u00f8tt en p\u00e5r\u00f8rende"}]},{"@type":"WebSite","@id":"https:\/\/dev.medituner.com\/no\/#website","url":"https:\/\/dev.medituner.com\/no\/","name":"Medituner Norway","description":"","potentialAction":[{"@type":"SearchAction","target":{"@type":"EntryPoint","urlTemplate":"https:\/\/dev.medituner.com\/no\/?s={search_term_string}"},"query-input":{"@type":"PropertyValueSpecification","valueRequired":true,"valueName":"search_term_string"}}],"inLanguage":"nb-NO"}]}},"_links":{"self":[{"href":"https:\/\/dev.medituner.com\/no\/wp-json\/wp\/v2\/pages\/537","targetHints":{"allow":["GET"]}}],"collection":[{"href":"https:\/\/dev.medituner.com\/no\/wp-json\/wp\/v2\/pages"}],"about":[{"href":"https:\/\/dev.medituner.com\/no\/wp-json\/wp\/v2\/types\/page"}],"author":[{"embeddable":true,"href":"https:\/\/dev.medituner.com\/no\/wp-json\/wp\/v2\/users\/1"}],"replies":[{"embeddable":true,"href":"https:\/\/dev.medituner.com\/no\/wp-json\/wp\/v2\/comments?post=537"}],"version-history":[{"count":20,"href":"https:\/\/dev.medituner.com\/no\/wp-json\/wp\/v2\/pages\/537\/revisions"}],"predecessor-version":[{"id":1183,"href":"https:\/\/dev.medituner.com\/no\/wp-json\/wp\/v2\/pages\/537\/revisions\/1183"}],"up":[{"embeddable":true,"href":"https:\/\/dev.medituner.com\/no\/wp-json\/wp\/v2\/pages\/531"}],"wp:attachment":[{"href":"https:\/\/dev.medituner.com\/no\/wp-json\/wp\/v2\/media?parent=537"}],"curies":[{"name":"wp","href":"https:\/\/api.w.org\/{rel}","templated":true}]}}