{"id":578,"date":"2024-02-02T09:08:32","date_gmt":"2024-02-02T09:08:32","guid":{"rendered":"https:\/\/dev.medituner.com\/no\/?page_id=578"},"modified":"2024-03-19T10:44:44","modified_gmt":"2024-03-19T10:44:44","slug":"about","status":"publish","type":"page","link":"https:\/\/dev.medituner.com\/no\/home\/about\/","title":{"rendered":"About"},"content":{"rendered":"<section class=\"section-content section-hero-image\">\r\n    <div class=\"container\">\r\n        <div class=\"content\">\r\n            <h1>Vi \u00f8nsker \u00e5 gi pasientene muligheten til \u00e5 ta vare p\u00e5 helsen og f\u00f8le seg bedre<\/h1>\r\n            <p>Reisen v\u00e5r begynte i 2014, startet av to eksperter p\u00e5 luftveissykdommer. V\u00e5rt fokus? Lage enkle egenoppf\u00f8lgingsverkt\u00f8y og hjemmetester for folk med lungetilstander. Vi er p\u00e5 en spennende reise, og vil gjerne at du blir med oss.<\/p>\r\n            <div class=\"button-container\">\r\n                            <\/div>\r\n        <\/div>\r\n                    <div class=\"background\">\r\n                <img decoding=\"async\" src=\"https:\/\/dev.medituner.com\/no\/wp-content\/uploads\/sites\/3\/2024\/02\/about1-768x576.png\" alt=\"\">\r\n            <\/div>\r\n            <\/div>\r\n<\/section>\n\n        <section class=\"section-content \">\r\n            <div class=\"container\">\r\n                                <div class=\"img-wrapper\">\r\n                    <img decoding=\"async\" src=\"https:\/\/dev.medituner.com\/no\/wp-content\/uploads\/sites\/3\/2024\/02\/about2-768x615.png\" alt=\"\">\r\n                <\/div>\r\n                                <div class=\"content\">\r\n                    <h2>MediTuners historie<\/h2>\r\n                    <div><p>Historien v\u00e5r begynte gjennom et partnerskap mellom Bj\u00f6rn Nordlund, en dedikert forskningssykepleier, og Henrik Ljungberg, en respektert pediatrisk lungelege ved Astrid Lindgrens barnesykehus.<\/p>\n<p>&nbsp;<\/p>\n<p>Mens de jobbet tett med pasienter, oppdaget de et tilbakevendende behov blant de som lever med astma \u2013 et behov for l\u00f8pende veiledning utover sporadiske sykehusbes\u00f8k. Den repeterende naturen til r\u00e5d gitt under avtaler avsl\u00f8rte en sjanse til \u00e5 forenkle prosessen og tilby konsekvent st\u00f8tte utenfor planlagte m\u00f8ter.<\/p>\n<p>&nbsp;<\/p>\n<p>Denne erfaringen ledet til AsthmaTuner. Et verkt\u00f8y som ville styrke individer med astma, og sikre at viktig informasjon alltid var innen rekkevidde.<\/p>\n<\/div>\r\n                <\/div>\r\n            <\/div>\r\n        <\/section>\r\n        <section class=\"section-content section-content-revert\">\r\n            <div class=\"container\">\r\n                                <div class=\"img-wrapper\">\r\n                    <img decoding=\"async\" src=\"https:\/\/dev.medituner.com\/no\/wp-content\/uploads\/sites\/3\/2024\/02\/about3-768x615.png\" alt=\"\">\r\n                <\/div>\r\n                                <div class=\"content\">\r\n                    <h2>Hvor vi er n\u00e5<\/h2>\r\n                    <div><p>I dag har MediTuner vokst til \u00e5 bli en ledende akt\u00f8r innen luftveishelse. Vi dekker n\u00e5 et bredere spekter av luftveistilstander. M\u00e5let v\u00e5rt forblir det samme: \u00e5 gj\u00f8re diagnose enklere, lage personlige behandlingsplaner og forbedre oppf\u00f8lgingen. Med denne utvidelsen er vi mer dedikerte enn noensinne til \u00e5 hjelpe b\u00e5de pasienter og helsepersonell. Bli med oss mens vi fortsetter p\u00e5 denne reisen for \u00e5 gj\u00f8re pusten lettere for alle.<\/p>\n<\/div>\r\n                <\/div>\r\n            <\/div>\r\n        <\/section>\r\n\n\n\r\n    <section class=\"section-about background-brand\">\r\n        <div class=\"container\">\r\n            <h2>V\u00e5re l\u00f8sninger er<\/h2>\r\n            <div class=\"info\">\r\n                                    <div class=\"item\">\r\n                        <div class=\"img\">\r\n                                                            <img decoding=\"async\" src=\"https:\/\/dev.medituner.com\/no\/wp-content\/uploads\/sites\/3\/2024\/02\/products1.svg\" alt=\"\">\r\n                                                    <\/div>\r\n                        <h3>Klinisk validert<\/h3>\r\n                        <p>V\u00e5re l\u00f8sninger er st\u00f8ttet av forskning, hvilket sikrer effektivitet og p\u00e5litelighet.<\/p>\r\n                    <\/div>\r\n                                    <div class=\"item\">\r\n                        <div class=\"img\">\r\n                                                            <img decoding=\"async\" src=\"https:\/\/dev.medituner.com\/no\/wp-content\/uploads\/sites\/3\/2024\/02\/products2.svg\" alt=\"\">\r\n                                                    <\/div>\r\n                        <h3>CE-merket og FDA godkjent<\/h3>\r\n                        <p>Dette garanterer sikkerheten, effektiviteten og kvaliteten til v\u00e5re l\u00f8sninger.<\/p>\r\n                    <\/div>\r\n                                    <div class=\"item\">\r\n                        <div class=\"img\">\r\n                                                            <img decoding=\"async\" src=\"https:\/\/dev.medituner.com\/no\/wp-content\/uploads\/sites\/3\/2024\/02\/products3.svg\" alt=\"\">\r\n                                                    <\/div>\r\n                        <h3>Bygget p\u00e5 sterke partnerskap<\/h3>\r\n                        <p>V\u00e5re samarbeid med ledende medisinske institusjoner og organisasjoner understreker v\u00e5r forpliktelse til kvalitet.<\/p>\r\n                    <\/div>\r\n                                    <div class=\"item\">\r\n                        <div class=\"img\">\r\n                                                            <img decoding=\"async\" src=\"https:\/\/dev.medituner.com\/no\/wp-content\/uploads\/sites\/3\/2024\/02\/products4.svg\" alt=\"\">\r\n                                                    <\/div>\r\n                        <h3>Brukervennlig<\/h3>\r\n                        <p>Designet med brukeropplevelse i tankene er produktene v\u00e5re enkle \u00e5 bruke, og fremmer pasientengasjement og etterlevelse.<\/p>\r\n                    <\/div>\r\n                                    <div class=\"item\">\r\n                        <div class=\"img\">\r\n                                                            <img decoding=\"async\" src=\"https:\/\/dev.medituner.com\/no\/wp-content\/uploads\/sites\/3\/2024\/02\/products5.svg\" alt=\"\">\r\n                                                    <\/div>\r\n                        <h3>St\u00f8ttet<\/h3>\r\n                        <p>V\u00e5rt dedikerte team er alltid tilgjengelig for \u00e5 svare p\u00e5 sp\u00f8rsm\u00e5l, og sikrer en god opplevelse for brukerne v\u00e5re.<\/p>\r\n                    <\/div>\r\n                            <\/div>\r\n        <\/div>\r\n    <\/section>\r\n\n\n\r\n<section class=\"section-content section-content-revert\">\r\n    <div class=\"container\">\r\n                    <div class=\"img-wrapper\">\r\n                <img decoding=\"async\" src=\"https:\/\/dev.medituner.com\/no\/wp-content\/uploads\/sites\/3\/2024\/02\/about4-768x615.png\" alt=\"\">\r\n            <\/div>\r\n                <div class=\"content\">\r\n            <h2>Les mer om forskningen bak l\u00f8sningene<\/h2>\r\n            <p>Dykk ned i vitenskapen som driver verkt\u00f8yene v\u00e5re! Utforsk studiene som viser effektiviteten og virkningen av l\u00f8sningene v\u00e5re<\/p>\r\n                            <a class=\"button\" href=\"#\">Les mer<\/a>\r\n            \r\n        <\/div>\r\n    <\/div>\r\n<\/section>\n\n\r\n    <section class=\"section-about section-awards background-brand\">\r\n        <div class=\"container\">\r\n            <h2>Priser og anerkjennelser<\/h2>\r\n            <p>Disse prisene betyr mye for oss. De er som et klapp p\u00e5 skulderen fra helsepersonell og pasienter som har trodd p\u00e5 oss. For oss handler det om bedre brukervennlighet, forbedret lungeoppf\u00f8lging og velv\u00e6re. S\u00e5, bli anerkjent for det? Det er virkelig hjertevarmende.<\/p>\r\n            <div class=\"info\">\r\n                                    <div class=\"item\">\r\n                        <div class=\"img\">\r\n                                                            <img decoding=\"async\" src=\"https:\/\/dev.medituner.com\/no\/wp-content\/uploads\/sites\/3\/2024\/02\/awards1.png\" alt=\"\">\r\n                                                    <\/div>\r\n                        <h3>\u00c5rets Start Up<\/h3>\r\n                        <p>Techarenan 2023<\/h3>\r\n                        <p>Gr\u00fcnderkonkurransen om Nordens beste startup- og vekstbedrifter<\/p>\r\n                    <\/div>\r\n                                    <div class=\"item\">\r\n                        <div class=\"img\">\r\n                                                            <img decoding=\"async\" src=\"https:\/\/dev.medituner.com\/no\/wp-content\/uploads\/sites\/3\/2024\/02\/awards2.png\" alt=\"\">\r\n                                                    <\/div>\r\n                        <h3>Beste teknologi for astma<\/h3>\r\n                        <p>EFA 2023<\/h3>\r\n                        <p>Hedrer digital helseinnsats som fokuserer p\u00e5 pasienter gjennom design, tilgjengelighet og effektivitet.<\/p>\r\n                    <\/div>\r\n                                    <div class=\"item\">\r\n                        <div class=\"img\">\r\n                                                            <img decoding=\"async\" src=\"https:\/\/dev.medituner.com\/no\/wp-content\/uploads\/sites\/3\/2024\/02\/awards3.png\" alt=\"\">\r\n                                                    <\/div>\r\n                        <h3>Athena-prisen<\/h3>\r\n                        <p>2021<\/h3>\r\n                        <p>Sveriges st\u00f8rste pris for forskning og innovasjon.<\/p>\r\n                    <\/div>\r\n                                    <div class=\"item\">\r\n                        <div class=\"img\">\r\n                                                            <img decoding=\"async\" src=\"https:\/\/dev.medituner.com\/no\/wp-content\/uploads\/sites\/3\/2024\/02\/awards4.png\" alt=\"\">\r\n                                                    <\/div>\r\n                        <h3>Brukervennlig<\/h3>\r\n                        <p>2020<\/h3>\r\n                        <p>En designpris for Sveriges beste brukeropplevelse.<\/p>\r\n                    <\/div>\r\n                            <\/div>\r\n        <\/div>\r\n    <\/section>\r\n\n\n<section class=\"section-team\">\r\n    <div class=\"container\">\r\n        <h2>Meet the founders<\/h2>\r\n                    <div class=\"team\">\r\n                                    <div class=\"item\">\r\n                        <div class=\"img\">\r\n                                                            <img decoding=\"async\" src=\"https:\/\/dev.medituner.com\/no\/wp-content\/uploads\/sites\/3\/2024\/02\/team1.png\" alt=\"\">\r\n                                                    <\/div>\r\n                        <h3>Henrik Ljungberg<\/h3>\r\n                        <p>Grunnlegger og lege<\/p>\r\n                    <\/div>\r\n                                    <div class=\"item\">\r\n                        <div class=\"img\">\r\n                                                            <img decoding=\"async\" src=\"https:\/\/dev.medituner.com\/no\/wp-content\/uploads\/sites\/3\/2024\/02\/team2.png\" alt=\"\">\r\n                                                    <\/div>\r\n                        <h3>Bj\u00f6rn Nordlund<\/h3>\r\n                        <p>Grunnlegger og forsker<\/p>\r\n                    <\/div>\r\n                            <\/div>\r\n            <\/div>\r\n<\/section>\n\n<section class=\"section-team\">\r\n    <div class=\"container\">\r\n        <h2>M\u00f8t teamet<\/h2>\r\n                    <div class=\"team\">\r\n                                    <div class=\"item\">\r\n                        <div class=\"img\">\r\n                                                            <img decoding=\"async\" src=\"https:\/\/dev.medituner.com\/no\/wp-content\/uploads\/sites\/3\/2024\/02\/team3.png\" alt=\"\">\r\n                                                    <\/div>\r\n                        <h3>Eric Alhanko<\/h3>\r\n                        <p>CEO<\/p>\r\n                    <\/div>\r\n                                    <div class=\"item\">\r\n                        <div class=\"img\">\r\n                                                            <img decoding=\"async\" src=\"https:\/\/dev.medituner.com\/no\/wp-content\/uploads\/sites\/3\/2024\/02\/team5.png\" alt=\"\">\r\n                                                    <\/div>\r\n                        <h3>Emma L\u00e5ngstr\u00f6m<\/h3>\r\n                        <p>Chief Product Officer<\/p>\r\n                    <\/div>\r\n                                    <div class=\"item\">\r\n                        <div class=\"img\">\r\n                                                            <img decoding=\"async\" src=\"https:\/\/dev.medituner.com\/no\/wp-content\/uploads\/sites\/3\/2024\/02\/team6.png\" alt=\"\">\r\n                                                    <\/div>\r\n                        <h3>Marcus Dahn<\/h3>\r\n                        <p>Back End Developer<\/p>\r\n                    <\/div>\r\n                                    <div class=\"item\">\r\n                        <div class=\"img\">\r\n                                                            <img decoding=\"async\" src=\"https:\/\/dev.medituner.com\/no\/wp-content\/uploads\/sites\/3\/2024\/02\/team7.png\" alt=\"\">\r\n                                                    <\/div>\r\n                        <h3>Jalle Lhotsky<\/h3>\r\n                        <p>Customer Success og Support<\/p>\r\n                    <\/div>\r\n                                    <div class=\"item\">\r\n                        <div class=\"img\">\r\n                                                            <img decoding=\"async\" src=\"https:\/\/dev.medituner.com\/no\/wp-content\/uploads\/sites\/3\/2024\/02\/team8.png\" alt=\"\">\r\n                                                    <\/div>\r\n                        <h3>Dmitriy Mankov<\/h3>\r\n                        <p>Front End Developer<\/p>\r\n                    <\/div>\r\n                                    <div class=\"item\">\r\n                        <div class=\"img\">\r\n                                                            <img decoding=\"async\" src=\"https:\/\/dev.medituner.com\/no\/wp-content\/uploads\/sites\/3\/2024\/02\/team9.png\" alt=\"\">\r\n                                                    <\/div>\r\n                        <h3>Karlijn Van Herpen<\/h3>\r\n                        <p>Head of QA\/RA<\/p>\r\n                    <\/div>\r\n                                    <div class=\"item\">\r\n                        <div class=\"img\">\r\n                                                            <img decoding=\"async\" src=\"https:\/\/dev.medituner.com\/no\/wp-content\/uploads\/sites\/3\/2024\/02\/team10.png\" alt=\"\">\r\n                                                    <\/div>\r\n                        <h3>Johanna Edoff<\/h3>\r\n                        <p>Study and Implementation Manager<\/p>\r\n                    <\/div>\r\n                                    <div class=\"item\">\r\n                        <div class=\"img\">\r\n                                                            <img decoding=\"async\" src=\"https:\/\/dev.medituner.com\/no\/wp-content\/uploads\/sites\/3\/2024\/02\/team11.png\" alt=\"\">\r\n                                                    <\/div>\r\n                        <h3>Elias Kronberg<\/h3>\r\n                        <p>Back End Lead<\/p>\r\n                    <\/div>\r\n                                    <div class=\"item\">\r\n                        <div class=\"img\">\r\n                                                            <img decoding=\"async\" src=\"https:\/\/dev.medituner.com\/no\/wp-content\/uploads\/sites\/3\/2024\/02\/team12.png\" alt=\"\">\r\n                                                    <\/div>\r\n                        <h3>Isabella Smolarski<\/h3>\r\n                        <p>UX Design Lead<\/p>\r\n                    <\/div>\r\n                                    <div class=\"item\">\r\n                        <div class=\"img\">\r\n                                                            <img decoding=\"async\" src=\"https:\/\/dev.medituner.com\/no\/wp-content\/uploads\/sites\/3\/2024\/02\/team13.png\" alt=\"\">\r\n                                                    <\/div>\r\n                        <h3>Joakim Bauman<\/h3>\r\n                        <p>Chief Technical Officer<\/p>\r\n                    <\/div>\r\n                                    <div class=\"item\">\r\n                        <div class=\"img\">\r\n                                                            <img decoding=\"async\" src=\"https:\/\/dev.medituner.com\/no\/wp-content\/uploads\/sites\/3\/2024\/02\/team14.png\" alt=\"\">\r\n                                                    <\/div>\r\n                        <h3>Martine S\u00f8berg Isachsen<\/h3>\r\n                        <p>Study and Implementation Lead<\/p>\r\n                    <\/div>\r\n                                    <div class=\"item\">\r\n                        <div class=\"img\">\r\n                                                            <img decoding=\"async\" src=\"https:\/\/dev.medituner.com\/no\/wp-content\/uploads\/sites\/3\/2024\/02\/team15.png\" alt=\"\">\r\n                                                    <\/div>\r\n                        <h3>Anna Carleborg<\/h3>\r\n                        <p>Chief Commercial Officer<\/p>\r\n                    <\/div>\r\n                                    <div class=\"item\">\r\n                        <div class=\"img\">\r\n                                                            <img decoding=\"async\" src=\"https:\/\/dev.medituner.com\/no\/wp-content\/uploads\/sites\/3\/2024\/02\/team16.png\" alt=\"\">\r\n                                                    <\/div>\r\n                        <h3>Nick Fomin<\/h3>\r\n                        <p>iOS Lead<\/p>\r\n                    <\/div>\r\n                                    <div class=\"item\">\r\n                        <div class=\"img\">\r\n                                                            <img decoding=\"async\" src=\"https:\/\/dev.medituner.com\/no\/wp-content\/uploads\/sites\/3\/2024\/02\/team17.png\" alt=\"\">\r\n                                                    <\/div>\r\n                        <h3>Nicklas Oxhammar<\/h3>\r\n                        <p>Android Developer<\/p>\r\n                    <\/div>\r\n                            <\/div>\r\n            <\/div>\r\n<\/section>","protected":false},"excerpt":{"rendered":"","protected":false},"author":1,"featured_media":0,"parent":529,"menu_order":0,"comment_status":"closed","ping_status":"closed","template":"","meta":{"_acf_changed":false,"footnotes":""},"class_list":["post-578","page","type-page","status-publish","hentry"],"acf":[],"yoast_head":"<!-- This site is optimized with the Yoast SEO plugin v27.2 - https:\/\/yoast.com\/product\/yoast-seo-wordpress\/ -->\n<title>About - Medituner Norway<\/title>\n<meta name=\"robots\" content=\"noindex, follow, max-snippet:-1, max-image-preview:large, max-video-preview:-1\" \/>\n<meta property=\"og:locale\" content=\"nb_NO\" \/>\n<meta property=\"og:type\" content=\"article\" \/>\n<meta property=\"og:title\" content=\"About - Medituner Norway\" \/>\n<meta property=\"og:url\" content=\"https:\/\/dev.medituner.com\/no\/home\/about\/\" \/>\n<meta property=\"og:site_name\" content=\"Medituner Norway\" \/>\n<meta property=\"article:modified_time\" content=\"2024-03-19T10:44:44+00:00\" \/>\n<meta name=\"twitter:card\" content=\"summary_large_image\" \/>\n<script type=\"application\/ld+json\" class=\"yoast-schema-graph\">{\"@context\":\"https:\/\/schema.org\",\"@graph\":[{\"@type\":\"WebPage\",\"@id\":\"https:\/\/dev.medituner.com\/no\/home\/about\/\",\"url\":\"https:\/\/dev.medituner.com\/no\/home\/about\/\",\"name\":\"About - Medituner Norway\",\"isPartOf\":{\"@id\":\"https:\/\/dev.medituner.com\/no\/#website\"},\"datePublished\":\"2024-02-02T09:08:32+00:00\",\"dateModified\":\"2024-03-19T10:44:44+00:00\",\"breadcrumb\":{\"@id\":\"https:\/\/dev.medituner.com\/no\/home\/about\/#breadcrumb\"},\"inLanguage\":\"nb-NO\",\"potentialAction\":[{\"@type\":\"ReadAction\",\"target\":[\"https:\/\/dev.medituner.com\/no\/home\/about\/\"]}]},{\"@type\":\"BreadcrumbList\",\"@id\":\"https:\/\/dev.medituner.com\/no\/home\/about\/#breadcrumb\",\"itemListElement\":[{\"@type\":\"ListItem\",\"position\":1,\"name\":\"Home\",\"item\":\"https:\/\/dev.medituner.com\/no\/\"},{\"@type\":\"ListItem\",\"position\":2,\"name\":\"Hjem\",\"item\":\"https:\/\/dev.medituner.com\/no\/\"},{\"@type\":\"ListItem\",\"position\":3,\"name\":\"About\"}]},{\"@type\":\"WebSite\",\"@id\":\"https:\/\/dev.medituner.com\/no\/#website\",\"url\":\"https:\/\/dev.medituner.com\/no\/\",\"name\":\"Medituner Norway\",\"description\":\"\",\"potentialAction\":[{\"@type\":\"SearchAction\",\"target\":{\"@type\":\"EntryPoint\",\"urlTemplate\":\"https:\/\/dev.medituner.com\/no\/?s={search_term_string}\"},\"query-input\":{\"@type\":\"PropertyValueSpecification\",\"valueRequired\":true,\"valueName\":\"search_term_string\"}}],\"inLanguage\":\"nb-NO\"}]}<\/script>\n<!-- \/ Yoast SEO plugin. -->","yoast_head_json":{"title":"About - Medituner Norway","robots":{"index":"noindex","follow":"follow","max-snippet":"max-snippet:-1","max-image-preview":"max-image-preview:large","max-video-preview":"max-video-preview:-1"},"og_locale":"nb_NO","og_type":"article","og_title":"About - Medituner Norway","og_url":"https:\/\/dev.medituner.com\/no\/home\/about\/","og_site_name":"Medituner Norway","article_modified_time":"2024-03-19T10:44:44+00:00","twitter_card":"summary_large_image","schema":{"@context":"https:\/\/schema.org","@graph":[{"@type":"WebPage","@id":"https:\/\/dev.medituner.com\/no\/home\/about\/","url":"https:\/\/dev.medituner.com\/no\/home\/about\/","name":"About - Medituner Norway","isPartOf":{"@id":"https:\/\/dev.medituner.com\/no\/#website"},"datePublished":"2024-02-02T09:08:32+00:00","dateModified":"2024-03-19T10:44:44+00:00","breadcrumb":{"@id":"https:\/\/dev.medituner.com\/no\/home\/about\/#breadcrumb"},"inLanguage":"nb-NO","potentialAction":[{"@type":"ReadAction","target":["https:\/\/dev.medituner.com\/no\/home\/about\/"]}]},{"@type":"BreadcrumbList","@id":"https:\/\/dev.medituner.com\/no\/home\/about\/#breadcrumb","itemListElement":[{"@type":"ListItem","position":1,"name":"Home","item":"https:\/\/dev.medituner.com\/no\/"},{"@type":"ListItem","position":2,"name":"Hjem","item":"https:\/\/dev.medituner.com\/no\/"},{"@type":"ListItem","position":3,"name":"About"}]},{"@type":"WebSite","@id":"https:\/\/dev.medituner.com\/no\/#website","url":"https:\/\/dev.medituner.com\/no\/","name":"Medituner Norway","description":"","potentialAction":[{"@type":"SearchAction","target":{"@type":"EntryPoint","urlTemplate":"https:\/\/dev.medituner.com\/no\/?s={search_term_string}"},"query-input":{"@type":"PropertyValueSpecification","valueRequired":true,"valueName":"search_term_string"}}],"inLanguage":"nb-NO"}]}},"_links":{"self":[{"href":"https:\/\/dev.medituner.com\/no\/wp-json\/wp\/v2\/pages\/578","targetHints":{"allow":["GET"]}}],"collection":[{"href":"https:\/\/dev.medituner.com\/no\/wp-json\/wp\/v2\/pages"}],"about":[{"href":"https:\/\/dev.medituner.com\/no\/wp-json\/wp\/v2\/types\/page"}],"author":[{"embeddable":true,"href":"https:\/\/dev.medituner.com\/no\/wp-json\/wp\/v2\/users\/1"}],"replies":[{"embeddable":true,"href":"https:\/\/dev.medituner.com\/no\/wp-json\/wp\/v2\/comments?post=578"}],"version-history":[{"count":8,"href":"https:\/\/dev.medituner.com\/no\/wp-json\/wp\/v2\/pages\/578\/revisions"}],"predecessor-version":[{"id":1357,"href":"https:\/\/dev.medituner.com\/no\/wp-json\/wp\/v2\/pages\/578\/revisions\/1357"}],"up":[{"embeddable":true,"href":"https:\/\/dev.medituner.com\/no\/wp-json\/wp\/v2\/pages\/529"}],"wp:attachment":[{"href":"https:\/\/dev.medituner.com\/no\/wp-json\/wp\/v2\/media?parent=578"}],"curies":[{"name":"wp","href":"https:\/\/api.w.org\/{rel}","templated":true}]}}