{"id":269,"date":"2024-01-01T13:37:21","date_gmt":"2024-01-01T13:37:21","guid":{"rendered":"https:\/\/dev.medituner.com\/se\/?page_id=269"},"modified":"2024-02-26T09:55:46","modified_gmt":"2024-02-26T09:55:46","slug":"supporting-a-loved-one","status":"publish","type":"page","link":"https:\/\/dev.medituner.com\/se\/en\/patients\/supporting-a-loved-one\/","title":{"rendered":"Supporting a loved one"},"content":{"rendered":"<section class=\"section-content section-hero-image\">\r\n    <div class=\"container\">\r\n        <div class=\"content\">\r\n            <h1>\u201cNow we may never have to go to the emergency room with our daughter again\u201d<\/h1>\r\n            <p>\u2013 Mom to Anna, 9 years old\r\n<br\/><br\/>\r\nStay connected and provide care through our app, ensuring your loved one&#8217;s well-being with real-time updates, treatment tracking, and symptom monitoring.<\/p>\r\n            <div class=\"button-container\">\r\n                                    <a class=\"button\" href=\"\/en\/patients\/get-started\">Get started<\/a>\r\n                            <\/div>\r\n        <\/div>\r\n                    <div class=\"background\">\r\n                <img decoding=\"async\" src=\"https:\/\/dev.medituner.com\/se\/wp-content\/uploads\/sites\/2\/2024\/01\/support1-1-768x576.png\" alt=\"\">\r\n            <\/div>\r\n            <\/div>\r\n<\/section>\n\n        <section class=\"section-content \">\r\n            <div class=\"container\">\r\n                                <div class=\"img-wrapper\">\r\n                    <img decoding=\"async\" src=\"https:\/\/dev.medituner.com\/se\/wp-content\/uploads\/sites\/2\/2024\/01\/support-2-1-768x615.png\" alt=\"\">\r\n                <\/div>\r\n                                <div class=\"content\">\r\n                    <h2>Asthma affects quality of life and school results negatively<\/h2>\r\n                    <div><p>Research highlights how asthma can have a negative impact on life and academic performance. Kids with asthma might not be able to participate in sports or physical activities, and it could make schoolwork more difficult.<\/p>\n<\/div>\r\n                <\/div>\r\n            <\/div>\r\n        <\/section>\r\n        <section class=\"section-content section-content-revert\">\r\n            <div class=\"container\">\r\n                                <div class=\"img-wrapper\">\r\n                    <img decoding=\"async\" src=\"https:\/\/dev.medituner.com\/se\/wp-content\/uploads\/sites\/2\/2024\/01\/asthma3-1-768x615.png\" alt=\"\">\r\n                <\/div>\r\n                                <div class=\"content\">\r\n                    <h2>Optimized treatment day to day<\/h2>\r\n                    <div><p>Taking too much medication is not good and taking too little can result in long periods of illness och chronic effects. Take the guess work out of treating your loved one and get treatment recommendations based on objective data.<\/p>\n<\/div>\r\n                <\/div>\r\n            <\/div>\r\n        <\/section>\r\n        <section class=\"section-content \">\r\n            <div class=\"container\">\r\n                                <div class=\"img-wrapper\">\r\n                    <img decoding=\"async\" src=\"https:\/\/dev.medituner.com\/se\/wp-content\/uploads\/sites\/2\/2024\/01\/support3-1-768x615.png\" alt=\"\">\r\n                <\/div>\r\n                                <div class=\"content\">\r\n                    <h2>Get real time updates<\/h2>\r\n                    <div><p>Keeping an eye on your loved one in AsthmaTuner gives you real-time updates on their lung function and symptoms. You&#8217;ll even get alerts about their respiratory condition&#8217;s control level. Having this info at hand helps you both stay informed and have meaningful discussions about their health.<\/p>\n<\/div>\r\n                <\/div>\r\n            <\/div>\r\n        <\/section>\r\n        <section class=\"section-content section-content-revert\">\r\n            <div class=\"container\">\r\n                                <div class=\"img-wrapper\">\r\n                    <img decoding=\"async\" src=\"https:\/\/dev.medituner.com\/se\/wp-content\/uploads\/sites\/2\/2024\/01\/support4-1-768x615.png\" alt=\"\">\r\n                <\/div>\r\n                                <div class=\"content\">\r\n                    <h2>Easier healthcare conversations<\/h2>\r\n                    <div><p>Explaining your loved one&#8217;s symptoms to the doctor can be tricky, like a game of telephone. AsthmaTuner changes that. It shows your healthcare provider all the info about their respiratory condition. Now, even phone or video consultations become more effective.<\/p>\n<\/div>\r\n                <\/div>\r\n            <\/div>\r\n        <\/section>\r\n\n\n    <section class=\"section-faq\">\r\n        <div class=\"container\">\r\n            <h2>Commonly asked questions<\/h2>\r\n            <div class=\"faq-wrapper\">\r\n                <div class=\"column\">\r\n                                                    <div class=\"faq\" tabindex=\"0\">\r\n                                    <h3 class=\"title\">\r\n                                        <span>Can children use your tools?<\/span>\r\n                                        <svg xmlns=\"http:\/\/www.w3.org\/2000\/svg\" width=\"32\" height=\"38\" viewBox=\"0 0 32 38\" fill=\"none\">\r\n                                            <circle cx=\"16\" cy=\"19\" r=\"16\" fill=\"#EBF1F1\"><\/circle>\r\n                                            <path fill-rule=\"evenodd\" clip-rule=\"evenodd\" d=\"M11.7682 16.3599C11.4147 15.9356 10.7841 15.8783 10.3598 16.2319C9.93556 16.5854 9.87824 17.216 10.2318 17.6403L15.2204 23.6267C15.2393 23.65 15.2593 23.6727 15.2804 23.6946C15.4607 23.8817 15.6994 23.9847 15.9436 23.9985C16.1206 24.0085 16.3005 23.9718 16.4633 23.8865C16.5461 23.8433 16.6238 23.7879 16.6936 23.7206C16.7256 23.6898 16.7551 23.6574 16.7821 23.6236L21.7682 17.6402C22.1218 17.2159 22.0645 16.5854 21.6402 16.2318C21.2159 15.8783 20.5854 15.9356 20.2318 16.3599L16 21.438L11.7682 16.3599Z\" fill=\"#417880\"><\/path>\r\n                                        <\/svg>\r\n                                    <\/h3>\r\n                                    <div class=\"content\"><!-- wp:paragraph -->\n<p>Our asthma tools\u00a0are suitable for children aged 6 and older.\u00a0Remember that for children, especially those under 10, parental supervision and\u00a0assistance\u00a0may be necessary, especially\u00a0during\u00a0initial\u00a0use, to ensure they perform the test correctly. Over time, your child may become more independent in using\u00a0the tools.\u00a0<\/p>\n<!-- \/wp:paragraph --><\/div>\r\n                                <\/div>\r\n                                                    <div class=\"faq\" tabindex=\"0\">\r\n                                    <h3 class=\"title\">\r\n                                        <span>Hur kommer jag ig\u00e5ng?<\/span>\r\n                                        <svg xmlns=\"http:\/\/www.w3.org\/2000\/svg\" width=\"32\" height=\"38\" viewBox=\"0 0 32 38\" fill=\"none\">\r\n                                            <circle cx=\"16\" cy=\"19\" r=\"16\" fill=\"#EBF1F1\"><\/circle>\r\n                                            <path fill-rule=\"evenodd\" clip-rule=\"evenodd\" d=\"M11.7682 16.3599C11.4147 15.9356 10.7841 15.8783 10.3598 16.2319C9.93556 16.5854 9.87824 17.216 10.2318 17.6403L15.2204 23.6267C15.2393 23.65 15.2593 23.6727 15.2804 23.6946C15.4607 23.8817 15.6994 23.9847 15.9436 23.9985C16.1206 24.0085 16.3005 23.9718 16.4633 23.8865C16.5461 23.8433 16.6238 23.7879 16.6936 23.7206C16.7256 23.6898 16.7551 23.6574 16.7821 23.6236L21.7682 17.6402C22.1218 17.2159 22.0645 16.5854 21.6402 16.2318C21.2159 15.8783 20.5854 15.9356 20.2318 16.3599L16 21.438L11.7682 16.3599Z\" fill=\"#417880\"><\/path>\r\n                                        <\/svg>\r\n                                    <\/h3>\r\n                                    <div class=\"content\"><!-- wp:paragraph -->\n<p>Det \u00e4r enkelt att komma ig\u00e5ng med v\u00e5ra tj\u00e4nster, l\u00e4s mer om hur det fungerar p\u00e5 v\u00e5r <a href=\"\/se\/en\/get-started\/\">kom ig\u00e5ng<\/a>-sida.<\/p>\n<!-- \/wp:paragraph --><\/div>\r\n                                <\/div>\r\n                                                    <div class=\"faq\" tabindex=\"0\">\r\n                                    <h3 class=\"title\">\r\n                                        <span>Vad kostar det?<\/span>\r\n                                        <svg xmlns=\"http:\/\/www.w3.org\/2000\/svg\" width=\"32\" height=\"38\" viewBox=\"0 0 32 38\" fill=\"none\">\r\n                                            <circle cx=\"16\" cy=\"19\" r=\"16\" fill=\"#EBF1F1\"><\/circle>\r\n                                            <path fill-rule=\"evenodd\" clip-rule=\"evenodd\" d=\"M11.7682 16.3599C11.4147 15.9356 10.7841 15.8783 10.3598 16.2319C9.93556 16.5854 9.87824 17.216 10.2318 17.6403L15.2204 23.6267C15.2393 23.65 15.2593 23.6727 15.2804 23.6946C15.4607 23.8817 15.6994 23.9847 15.9436 23.9985C16.1206 24.0085 16.3005 23.9718 16.4633 23.8865C16.5461 23.8433 16.6238 23.7879 16.6936 23.7206C16.7256 23.6898 16.7551 23.6574 16.7821 23.6236L21.7682 17.6402C22.1218 17.2159 22.0645 16.5854 21.6402 16.2318C21.2159 15.8783 20.5854 15.9356 20.2318 16.3599L16 21.438L11.7682 16.3599Z\" fill=\"#417880\"><\/path>\r\n                                        <\/svg>\r\n                                    <\/h3>\r\n                                    <div class=\"content\"><!-- wp:paragraph -->\n<p>Du kan ladda ner och anv\u00e4nda AsthmaTuner appen helt gratis. F\u00f6r att f\u00e5 tillg\u00e5ng till alla funktioner beh\u00f6ver du ansluta appen till en v\u00e5rdgivare. Kostnader kan tillkomma f\u00f6r lungfunktionsm\u00e4taren, bes\u00f6k och uppf\u00f6ljningar hos din anslutna v\u00e5rdgivare \u2013 kontakta n\u00e5gon av v\u00e5ra partnerkliniker f\u00f6r att f\u00e5 veta mer.<\/p>\n<!-- \/wp:paragraph --><\/div>\r\n                                <\/div>\r\n                                                    <div class=\"faq\" tabindex=\"0\">\r\n                                    <h3 class=\"title\">\r\n                                        <span>Which regions are you available in?<\/span>\r\n                                        <svg xmlns=\"http:\/\/www.w3.org\/2000\/svg\" width=\"32\" height=\"38\" viewBox=\"0 0 32 38\" fill=\"none\">\r\n                                            <circle cx=\"16\" cy=\"19\" r=\"16\" fill=\"#EBF1F1\"><\/circle>\r\n                                            <path fill-rule=\"evenodd\" clip-rule=\"evenodd\" d=\"M11.7682 16.3599C11.4147 15.9356 10.7841 15.8783 10.3598 16.2319C9.93556 16.5854 9.87824 17.216 10.2318 17.6403L15.2204 23.6267C15.2393 23.65 15.2593 23.6727 15.2804 23.6946C15.4607 23.8817 15.6994 23.9847 15.9436 23.9985C16.1206 24.0085 16.3005 23.9718 16.4633 23.8865C16.5461 23.8433 16.6238 23.7879 16.6936 23.7206C16.7256 23.6898 16.7551 23.6574 16.7821 23.6236L21.7682 17.6402C22.1218 17.2159 22.0645 16.5854 21.6402 16.2318C21.2159 15.8783 20.5854 15.9356 20.2318 16.3599L16 21.438L11.7682 16.3599Z\" fill=\"#417880\"><\/path>\r\n                                        <\/svg>\r\n                                    <\/h3>\r\n                                    <div class=\"content\"><!-- wp:paragraph -->\n<p>You can use our services no matter what region you live in. If you have asthma and your own health centre does not offer our services, you can always connect to us via Min Doktor, while remaining listed at your current health centre.<\/p>\n<!-- \/wp:paragraph --><\/div>\r\n                                <\/div>\r\n                    <\/div><div class=\"column\">                                <div class=\"faq\" tabindex=\"0\">\r\n                                    <h3 class=\"title\">\r\n                                        <span>Do all clinics offer your solutions?<\/span>\r\n                                        <svg xmlns=\"http:\/\/www.w3.org\/2000\/svg\" width=\"32\" height=\"38\" viewBox=\"0 0 32 38\" fill=\"none\">\r\n                                            <circle cx=\"16\" cy=\"19\" r=\"16\" fill=\"#EBF1F1\"><\/circle>\r\n                                            <path fill-rule=\"evenodd\" clip-rule=\"evenodd\" d=\"M11.7682 16.3599C11.4147 15.9356 10.7841 15.8783 10.3598 16.2319C9.93556 16.5854 9.87824 17.216 10.2318 17.6403L15.2204 23.6267C15.2393 23.65 15.2593 23.6727 15.2804 23.6946C15.4607 23.8817 15.6994 23.9847 15.9436 23.9985C16.1206 24.0085 16.3005 23.9718 16.4633 23.8865C16.5461 23.8433 16.6238 23.7879 16.6936 23.7206C16.7256 23.6898 16.7551 23.6574 16.7821 23.6236L21.7682 17.6402C22.1218 17.2159 22.0645 16.5854 21.6402 16.2318C21.2159 15.8783 20.5854 15.9356 20.2318 16.3599L16 21.438L11.7682 16.3599Z\" fill=\"#417880\"><\/path>\r\n                                        <\/svg>\r\n                                    <\/h3>\r\n                                    <div class=\"content\"><!-- wp:paragraph -->\n<p>We have many partner clinics and hospitals, but unfortunately not all clinics are able to offer our services. If you have asthma and your own clinic does not offer our services, you can always connect to us via Min Doktor, while remaining listed at your current health center. Read more about our partner clinics on our <a href=\"\/se\/en\/get-started\/\">get started-page<\/a>.<\/p>\n<!-- \/wp:paragraph --><\/div>\r\n                                <\/div>\r\n                                                    <div class=\"faq\" tabindex=\"0\">\r\n                                    <h3 class=\"title\">\r\n                                        <span>Kan jag anv\u00e4nda detta p\u00e5 egen hand, utan v\u00e5rdgivare?<\/span>\r\n                                        <svg xmlns=\"http:\/\/www.w3.org\/2000\/svg\" width=\"32\" height=\"38\" viewBox=\"0 0 32 38\" fill=\"none\">\r\n                                            <circle cx=\"16\" cy=\"19\" r=\"16\" fill=\"#EBF1F1\"><\/circle>\r\n                                            <path fill-rule=\"evenodd\" clip-rule=\"evenodd\" d=\"M11.7682 16.3599C11.4147 15.9356 10.7841 15.8783 10.3598 16.2319C9.93556 16.5854 9.87824 17.216 10.2318 17.6403L15.2204 23.6267C15.2393 23.65 15.2593 23.6727 15.2804 23.6946C15.4607 23.8817 15.6994 23.9847 15.9436 23.9985C16.1206 24.0085 16.3005 23.9718 16.4633 23.8865C16.5461 23.8433 16.6238 23.7879 16.6936 23.7206C16.7256 23.6898 16.7551 23.6574 16.7821 23.6236L21.7682 17.6402C22.1218 17.2159 22.0645 16.5854 21.6402 16.2318C21.2159 15.8783 20.5854 15.9356 20.2318 16.3599L16 21.438L11.7682 16.3599Z\" fill=\"#417880\"><\/path>\r\n                                        <\/svg>\r\n                                    <\/h3>\r\n                                    <div class=\"content\"><!-- wp:paragraph -->\n<p>V\u00e5ra l\u00f6sningar \u00e4r i f\u00f6rsta hand avsedda att anv\u00e4ndas tillsammans med en v\u00e5rdgivare f\u00f6r att s\u00e4kerst\u00e4lla att du f\u00e5r r\u00e4tt diagnos och behandling. \u00c4ven om vissa funktioner \u00e4r anv\u00e4ndbara f\u00f6r att h\u00e5lla koll p\u00e5 din h\u00e4lsa p\u00e5 egen hand, rekommenderar vi att du r\u00e5dg\u00f6r med en v\u00e5rdgivare f\u00f6r optimal v\u00e5rd och behandling.<\/p>\n<!-- \/wp:paragraph --><\/div>\r\n                                <\/div>\r\n                                                    <div class=\"faq\" tabindex=\"0\">\r\n                                    <h3 class=\"title\">\r\n                                        <span>\u00c4r det s\u00e4kert att anv\u00e4nda era l\u00f6sningar?<\/span>\r\n                                        <svg xmlns=\"http:\/\/www.w3.org\/2000\/svg\" width=\"32\" height=\"38\" viewBox=\"0 0 32 38\" fill=\"none\">\r\n                                            <circle cx=\"16\" cy=\"19\" r=\"16\" fill=\"#EBF1F1\"><\/circle>\r\n                                            <path fill-rule=\"evenodd\" clip-rule=\"evenodd\" d=\"M11.7682 16.3599C11.4147 15.9356 10.7841 15.8783 10.3598 16.2319C9.93556 16.5854 9.87824 17.216 10.2318 17.6403L15.2204 23.6267C15.2393 23.65 15.2593 23.6727 15.2804 23.6946C15.4607 23.8817 15.6994 23.9847 15.9436 23.9985C16.1206 24.0085 16.3005 23.9718 16.4633 23.8865C16.5461 23.8433 16.6238 23.7879 16.6936 23.7206C16.7256 23.6898 16.7551 23.6574 16.7821 23.6236L21.7682 17.6402C22.1218 17.2159 22.0645 16.5854 21.6402 16.2318C21.2159 15.8783 20.5854 15.9356 20.2318 16.3599L16 21.438L11.7682 16.3599Z\" fill=\"#417880\"><\/path>\r\n                                        <\/svg>\r\n                                    <\/h3>\r\n                                    <div class=\"content\"><!-- wp:paragraph -->\n<p>Ja, v\u00e5ra verktyg st\u00f6ds av klinisk validering och CE-m\u00e4rkning.<\/p>\n<!-- \/wp:paragraph --><\/div>\r\n                                <\/div>\r\n                                                    <div class=\"faq\" tabindex=\"0\">\r\n                                    <h3 class=\"title\">\r\n                                        <span>Vilken spirometer kan jag anv\u00e4nda?<\/span>\r\n                                        <svg xmlns=\"http:\/\/www.w3.org\/2000\/svg\" width=\"32\" height=\"38\" viewBox=\"0 0 32 38\" fill=\"none\">\r\n                                            <circle cx=\"16\" cy=\"19\" r=\"16\" fill=\"#EBF1F1\"><\/circle>\r\n                                            <path fill-rule=\"evenodd\" clip-rule=\"evenodd\" d=\"M11.7682 16.3599C11.4147 15.9356 10.7841 15.8783 10.3598 16.2319C9.93556 16.5854 9.87824 17.216 10.2318 17.6403L15.2204 23.6267C15.2393 23.65 15.2593 23.6727 15.2804 23.6946C15.4607 23.8817 15.6994 23.9847 15.9436 23.9985C16.1206 24.0085 16.3005 23.9718 16.4633 23.8865C16.5461 23.8433 16.6238 23.7879 16.6936 23.7206C16.7256 23.6898 16.7551 23.6574 16.7821 23.6236L21.7682 17.6402C22.1218 17.2159 22.0645 16.5854 21.6402 16.2318C21.2159 15.8783 20.5854 15.9356 20.2318 16.3599L16 21.438L11.7682 16.3599Z\" fill=\"#417880\"><\/path>\r\n                                        <\/svg>\r\n                                    <\/h3>\r\n                                    <div class=\"content\"><!-- wp:paragraph -->\n<p>Du kan anv\u00e4nda v\u00e5r dedikerade spirometer, som \u00e4r s\u00e4rskilt utformad f\u00f6r att fungera med v\u00e5ra digitala l\u00f6sningar. Genom att anv\u00e4nda v\u00e5r spirometer s\u00e4kerst\u00e4ller du noggranna och tillf\u00f6rlitliga lungfunktionsm\u00e4tningar, vilket ger dig de b\u00e4sta f\u00f6ruts\u00e4ttningarna f\u00f6r att hantera din h\u00e4lsa.<\/p>\n<!-- \/wp:paragraph --><\/div>\r\n                                <\/div>\r\n                                    <\/div>\r\n            <\/div>\r\n        <\/div>\r\n    <\/section>\r\n\r\n","protected":false},"excerpt":{"rendered":"","protected":false},"author":1,"featured_media":0,"parent":63,"menu_order":0,"comment_status":"closed","ping_status":"closed","template":"","meta":{"_acf_changed":false,"footnotes":""},"class_list":["post-269","page","type-page","status-publish","hentry"],"acf":[],"yoast_head":"<!-- This site is optimized with the Yoast SEO plugin v27.2 - https:\/\/yoast.com\/product\/yoast-seo-wordpress\/ -->\n<title>Supporting a loved one - Medituner Sweden<\/title>\n<meta name=\"robots\" content=\"noindex, follow, max-snippet:-1, max-image-preview:large, max-video-preview:-1\" \/>\n<meta property=\"og:locale\" content=\"en_US\" \/>\n<meta property=\"og:type\" content=\"article\" \/>\n<meta property=\"og:title\" content=\"Supporting a loved one - Medituner Sweden\" \/>\n<meta property=\"og:url\" content=\"https:\/\/dev.medituner.com\/se\/en\/patients\/supporting-a-loved-one\/\" \/>\n<meta property=\"og:site_name\" content=\"Medituner Sweden\" \/>\n<meta property=\"article:modified_time\" content=\"2024-02-26T09:55:46+00:00\" \/>\n<meta name=\"twitter:card\" content=\"summary_large_image\" \/>\n<script type=\"application\/ld+json\" class=\"yoast-schema-graph\">{\"@context\":\"https:\/\/schema.org\",\"@graph\":[{\"@type\":\"WebPage\",\"@id\":\"https:\/\/dev.medituner.com\/se\/en\/patients\/supporting-a-loved-one\/\",\"url\":\"https:\/\/dev.medituner.com\/se\/en\/patients\/supporting-a-loved-one\/\",\"name\":\"Supporting a loved one - Medituner Sweden\",\"isPartOf\":{\"@id\":\"https:\/\/dev.medituner.com\/se\/en\/#website\"},\"datePublished\":\"2024-01-01T13:37:21+00:00\",\"dateModified\":\"2024-02-26T09:55:46+00:00\",\"breadcrumb\":{\"@id\":\"https:\/\/dev.medituner.com\/se\/en\/patients\/supporting-a-loved-one\/#breadcrumb\"},\"inLanguage\":\"en-US\",\"potentialAction\":[{\"@type\":\"ReadAction\",\"target\":[\"https:\/\/dev.medituner.com\/se\/en\/patients\/supporting-a-loved-one\/\"]}]},{\"@type\":\"BreadcrumbList\",\"@id\":\"https:\/\/dev.medituner.com\/se\/en\/patients\/supporting-a-loved-one\/#breadcrumb\",\"itemListElement\":[{\"@type\":\"ListItem\",\"position\":1,\"name\":\"Home\",\"item\":\"https:\/\/dev.medituner.com\/se\/en\/\"},{\"@type\":\"ListItem\",\"position\":2,\"name\":\"Patients\",\"item\":\"https:\/\/dev.medituner.com\/se\/en\/patients\/\"},{\"@type\":\"ListItem\",\"position\":3,\"name\":\"Supporting a loved one\"}]},{\"@type\":\"WebSite\",\"@id\":\"https:\/\/dev.medituner.com\/se\/en\/#website\",\"url\":\"https:\/\/dev.medituner.com\/se\/en\/\",\"name\":\"Medituner Sweden\",\"description\":\"\",\"potentialAction\":[{\"@type\":\"SearchAction\",\"target\":{\"@type\":\"EntryPoint\",\"urlTemplate\":\"https:\/\/dev.medituner.com\/se\/en\/?s={search_term_string}\"},\"query-input\":{\"@type\":\"PropertyValueSpecification\",\"valueRequired\":true,\"valueName\":\"search_term_string\"}}],\"inLanguage\":\"en-US\"}]}<\/script>\n<!-- \/ Yoast SEO plugin. -->","yoast_head_json":{"title":"Supporting a loved one - Medituner Sweden","robots":{"index":"noindex","follow":"follow","max-snippet":"max-snippet:-1","max-image-preview":"max-image-preview:large","max-video-preview":"max-video-preview:-1"},"og_locale":"en_US","og_type":"article","og_title":"Supporting a loved one - Medituner Sweden","og_url":"https:\/\/dev.medituner.com\/se\/en\/patients\/supporting-a-loved-one\/","og_site_name":"Medituner Sweden","article_modified_time":"2024-02-26T09:55:46+00:00","twitter_card":"summary_large_image","schema":{"@context":"https:\/\/schema.org","@graph":[{"@type":"WebPage","@id":"https:\/\/dev.medituner.com\/se\/en\/patients\/supporting-a-loved-one\/","url":"https:\/\/dev.medituner.com\/se\/en\/patients\/supporting-a-loved-one\/","name":"Supporting a loved one - Medituner Sweden","isPartOf":{"@id":"https:\/\/dev.medituner.com\/se\/en\/#website"},"datePublished":"2024-01-01T13:37:21+00:00","dateModified":"2024-02-26T09:55:46+00:00","breadcrumb":{"@id":"https:\/\/dev.medituner.com\/se\/en\/patients\/supporting-a-loved-one\/#breadcrumb"},"inLanguage":"en-US","potentialAction":[{"@type":"ReadAction","target":["https:\/\/dev.medituner.com\/se\/en\/patients\/supporting-a-loved-one\/"]}]},{"@type":"BreadcrumbList","@id":"https:\/\/dev.medituner.com\/se\/en\/patients\/supporting-a-loved-one\/#breadcrumb","itemListElement":[{"@type":"ListItem","position":1,"name":"Home","item":"https:\/\/dev.medituner.com\/se\/en\/"},{"@type":"ListItem","position":2,"name":"Patients","item":"https:\/\/dev.medituner.com\/se\/en\/patients\/"},{"@type":"ListItem","position":3,"name":"Supporting a loved one"}]},{"@type":"WebSite","@id":"https:\/\/dev.medituner.com\/se\/en\/#website","url":"https:\/\/dev.medituner.com\/se\/en\/","name":"Medituner Sweden","description":"","potentialAction":[{"@type":"SearchAction","target":{"@type":"EntryPoint","urlTemplate":"https:\/\/dev.medituner.com\/se\/en\/?s={search_term_string}"},"query-input":{"@type":"PropertyValueSpecification","valueRequired":true,"valueName":"search_term_string"}}],"inLanguage":"en-US"}]}},"_links":{"self":[{"href":"https:\/\/dev.medituner.com\/se\/en\/wp-json\/wp\/v2\/pages\/269","targetHints":{"allow":["GET"]}}],"collection":[{"href":"https:\/\/dev.medituner.com\/se\/en\/wp-json\/wp\/v2\/pages"}],"about":[{"href":"https:\/\/dev.medituner.com\/se\/en\/wp-json\/wp\/v2\/types\/page"}],"author":[{"embeddable":true,"href":"https:\/\/dev.medituner.com\/se\/en\/wp-json\/wp\/v2\/users\/1"}],"replies":[{"embeddable":true,"href":"https:\/\/dev.medituner.com\/se\/en\/wp-json\/wp\/v2\/comments?post=269"}],"version-history":[{"count":18,"href":"https:\/\/dev.medituner.com\/se\/en\/wp-json\/wp\/v2\/pages\/269\/revisions"}],"predecessor-version":[{"id":1244,"href":"https:\/\/dev.medituner.com\/se\/en\/wp-json\/wp\/v2\/pages\/269\/revisions\/1244"}],"up":[{"embeddable":true,"href":"https:\/\/dev.medituner.com\/se\/en\/wp-json\/wp\/v2\/pages\/63"}],"wp:attachment":[{"href":"https:\/\/dev.medituner.com\/se\/en\/wp-json\/wp\/v2\/media?parent=269"}],"curies":[{"name":"wp","href":"https:\/\/api.w.org\/{rel}","templated":true}]}}