{"id":271,"date":"2024-01-25T13:53:27","date_gmt":"2024-01-25T13:53:27","guid":{"rendered":"https:\/\/dev.medituner.com\/se\/?page_id=271"},"modified":"2024-02-26T09:54:32","modified_gmt":"2024-02-26T09:54:32","slug":"other-respiratory-diseases","status":"publish","type":"page","link":"https:\/\/dev.medituner.com\/se\/en\/patients\/other-respiratory-diseases\/","title":{"rendered":"Other respiratory diseases"},"content":{"rendered":"<section class=\"section-content section-hero-image\">\r\n    <div class=\"container\">\r\n        <div class=\"content\">\r\n            <h1>Support for COPD, Lung Transplants, and Cystic Fibrosis<\/h1>\r\n            <p>We&#8217;re here to make managing your lung health a whole lot easier. Whether it&#8217;s COPD, lung transplant recovery, or cystic fibrosis, we&#8217;re here for you. <\/p>\r\n            <div class=\"button-container\">\r\n                            <\/div>\r\n        <\/div>\r\n                    <div class=\"background\">\r\n                <img decoding=\"async\" src=\"https:\/\/dev.medituner.com\/se\/wp-content\/uploads\/sites\/2\/2024\/01\/other-1-768x576.png\" alt=\"\">\r\n            <\/div>\r\n            <\/div>\r\n<\/section>\n\n\r\n    <section class=\"section-text\">\r\n        <div class=\"container\">\r\n                            <div class=\"content\">\r\n                    <h2>COPD<\/h2>\r\n                    <p>COPD, or Chronic Obstructive Pulmonary Disease, affects millions worldwide. While we currently offer remote home spirometry, we&#8217;re hard at work developing a range of new features tailored to COPD patients. From tracking symptoms to personalized treatment plans, our evolving platform aims to provide you with a comprehensive toolkit for effective COPD management.<\/p>\n<p>Stay tuned for exciting updates as we continue to enhance your respiratory health journey. Want to help us develop new tools? Sign up here.<\/p>\n                <\/div>\r\n                            <div class=\"content\">\r\n                    <h2>Cystic Fibrosis<\/h2>\r\n                    <p>Our home spirometry tool serves as a valuable asset for managing cystic fibrosis. By tracking lung function and respiratory symptoms, our platform aids in monitoring your condition. While we&#8217;re currently focused on spirometry, we&#8217;re diligently working to introduce more features specifically designed for cystic fibrosis patients. This ongoing development aims to provide you with a comprehensive toolkit to better manage your health.<\/p>\n                <\/div>\r\n                            <div class=\"content\">\r\n                    <h2>Lung transplant patients<\/h2>\r\n                    <p>Our home spirometry tool isn&#8217;t just for diagnostics \u2013 it&#8217;s a crucial resource for lung transplanted patients. By regularly tracking your lung function and symptoms, our platform supports your recovery journey. We\u2019re working on more enhancements that aim to provide you with a holistic solution for post-transplant care. Stay tuned for upcoming updates designed to help you achieve the best possible outcome.<\/p>\n                <\/div>\r\n                    <\/div>\r\n    <\/section>\r\n\n\n\r\n<section class=\"section-form-testing\">\r\n    <div class=\"container\">\r\n        <div class=\"content\">\r\n            <h2>Help shape our tools! Sign up for testing<\/h2>\r\n            <p>Join us in developing tomorrow&#8217;s solutions. Sign up to join our testing pool and influence the next generation of respiratory health tools. Your input matters!<\/p>\r\n        <\/div>\r\n        <div class=\"form\">\r\n            \n<div class=\"wpcf7 no-js\" id=\"wpcf7-f256-o1\" lang=\"en-US\" dir=\"ltr\" data-wpcf7-id=\"256\">\n<div class=\"screen-reader-response\"><p role=\"status\" aria-live=\"polite\" aria-atomic=\"true\"><\/p> <ul><\/ul><\/div>\n<form action=\"\/se\/en\/wp-json\/wp\/v2\/pages\/271#wpcf7-f256-o1\" method=\"post\" class=\"wpcf7-form init\" aria-label=\"Contact form\" novalidate=\"novalidate\" data-status=\"init\">\n<fieldset class=\"hidden-fields-container\"><input type=\"hidden\" name=\"_wpcf7\" value=\"256\" \/><input type=\"hidden\" name=\"_wpcf7_version\" value=\"6.1.5\" \/><input type=\"hidden\" name=\"_wpcf7_locale\" value=\"en_US\" \/><input type=\"hidden\" name=\"_wpcf7_unit_tag\" value=\"wpcf7-f256-o1\" \/><input type=\"hidden\" name=\"_wpcf7_container_post\" value=\"0\" \/><input type=\"hidden\" name=\"_wpcf7_posted_data_hash\" value=\"\" \/>\n<\/fieldset>\n<p><span class=\"wpcf7-form-control-wrap\" data-name=\"your-role\"><select class=\"wpcf7-form-control wpcf7-select wpcf7-validates-as-required\" aria-required=\"true\" aria-invalid=\"false\" name=\"your-role\"><option value=\"\">I&#039;m a&#8230;<\/option><option value=\"Patient\">Patient<\/option><option value=\"Healthcare provider\">Healthcare provider<\/option><\/select><\/span>\n<\/p>\n<p><span class=\"wpcf7-form-control-wrap\" data-name=\"your-email\"><input size=\"40\" maxlength=\"50\" minlength=\"5\" class=\"wpcf7-form-control wpcf7-email wpcf7-validates-as-required wpcf7-text wpcf7-validates-as-email\" aria-required=\"true\" aria-invalid=\"false\" placeholder=\"Email\" value=\"\" type=\"email\" name=\"your-email\" \/><\/span>\n<\/p>\n<div class=\"spamoff\">\n\t<p><span class=\"wpcf7-form-control-wrap\" data-name=\"acceptance-587\"><span class=\"wpcf7-form-control wpcf7-acceptance invert\"><span class=\"wpcf7-list-item\"><input type=\"checkbox\" name=\"acceptance-587\" value=\"1\" checked=\"checked\" class=\"spamoff\" id=\"spamoff\" aria-invalid=\"false\" \/><\/span><\/span><\/span>\n\t<\/p>\n<\/div>\n<p><input class=\"wpcf7-form-control wpcf7-submit has-spinner\" type=\"submit\" value=\"Submit\" \/>\n<\/p><div class=\"wpcf7-response-output\" aria-hidden=\"true\"><\/div>\n<\/form>\n<\/div>\n        <\/div>\r\n        <div class=\"success\">\r\n            <h2>Thanks for joining our test pool!<\/h2>\r\n            <p>Once we have something for you to test, we\u2019ll reach out.<\/p>\r\n        <\/div>\r\n    <\/div>\r\n<\/section>\n\n    <section class=\"section-faq\">\r\n        <div class=\"container\">\r\n            <h2>Commonly asked questions<\/h2>\r\n            <div class=\"faq-wrapper\">\r\n                <div class=\"column\">\r\n                                                    <div class=\"faq\" tabindex=\"0\">\r\n                                    <h3 class=\"title\">\r\n                                        <span>Vilka lungsjukdomar \u00e4r era l\u00f6sningar till f\u00f6r?<\/span>\r\n                                        <svg xmlns=\"http:\/\/www.w3.org\/2000\/svg\" width=\"32\" height=\"38\" viewBox=\"0 0 32 38\" fill=\"none\">\r\n                                            <circle cx=\"16\" cy=\"19\" r=\"16\" fill=\"#EBF1F1\"><\/circle>\r\n                                            <path fill-rule=\"evenodd\" clip-rule=\"evenodd\" d=\"M11.7682 16.3599C11.4147 15.9356 10.7841 15.8783 10.3598 16.2319C9.93556 16.5854 9.87824 17.216 10.2318 17.6403L15.2204 23.6267C15.2393 23.65 15.2593 23.6727 15.2804 23.6946C15.4607 23.8817 15.6994 23.9847 15.9436 23.9985C16.1206 24.0085 16.3005 23.9718 16.4633 23.8865C16.5461 23.8433 16.6238 23.7879 16.6936 23.7206C16.7256 23.6898 16.7551 23.6574 16.7821 23.6236L21.7682 17.6402C22.1218 17.2159 22.0645 16.5854 21.6402 16.2318C21.2159 15.8783 20.5854 15.9356 20.2318 16.3599L16 21.438L11.7682 16.3599Z\" fill=\"#417880\"><\/path>\r\n                                        <\/svg>\r\n                                    <\/h3>\r\n                                    <div class=\"content\"><!-- wp:paragraph -->\n<p>V\u00e5ra l\u00f6sningar \u00e4r anv\u00e4ndbara f\u00f6r en rad olika lungsjukdomar, bland annat:<\/p>\n<!-- \/wp:paragraph -->\n\n<!-- wp:list {\"ordered\":true,\"start\":1} -->\n<ol start=\"1\"><!-- wp:list-item -->\n<li><strong>Astma<\/strong>: V\u00e5ra verktyg \u00e4r fr\u00e4mst utvecklade f\u00f6r personer med astma och hj\u00e4lper dem att effektivt \u00f6vervaka sina symtom, lungfunktion och utv\u00e4rdera sin behandling.<\/li>\n<!-- \/wp:list-item -->\n\n<!-- wp:list-item -->\n<li><strong>KOL (kronisk obstruktiv lungsjukdom): <\/strong>\u00c4ven om verktygen utformades f\u00f6r astma \u00e4r vissa av v\u00e5ra verktyg, som spirometri, ocks\u00e5 v\u00e4rdefulla f\u00f6r KOL-patienter. Vi arbetar aktivt med att ut\u00f6ka v\u00e5rt erbjudande f\u00f6r att b\u00e4ttre passa KOL-patienters behov.<\/li>\n<!-- \/wp:list-item -->\n\n<!-- wp:list-item -->\n<li><strong>Cystisk fibros<\/strong>: V\u00e5rt spirometriverktyg \u00e4r anv\u00e4ndbart f\u00f6r personer med cystisk fibros f\u00f6r att \u00f6vervaka deras lungfunktion och allm\u00e4nna andningsh\u00e4lsa.<\/li>\n<!-- \/wp:list-item -->\n\n<!-- wp:list-item -->\n<li><strong>Lungtransplantationspatienter<\/strong>: Lungtransplanterade kan dra nytta av v\u00e5rt spirometriverktyg, som hj\u00e4lper till att \u00f6vervaka deras tillst\u00e5nd efter transplantationen.<\/li>\n<!-- \/wp:list-item --><\/ol>\n<!-- \/wp:list --><\/div>\r\n                                <\/div>\r\n                                                    <div class=\"faq\" tabindex=\"0\">\r\n                                    <h3 class=\"title\">\r\n                                        <span>Hur kommer jag ig\u00e5ng?<\/span>\r\n                                        <svg xmlns=\"http:\/\/www.w3.org\/2000\/svg\" width=\"32\" height=\"38\" viewBox=\"0 0 32 38\" fill=\"none\">\r\n                                            <circle cx=\"16\" cy=\"19\" r=\"16\" fill=\"#EBF1F1\"><\/circle>\r\n                                            <path fill-rule=\"evenodd\" clip-rule=\"evenodd\" d=\"M11.7682 16.3599C11.4147 15.9356 10.7841 15.8783 10.3598 16.2319C9.93556 16.5854 9.87824 17.216 10.2318 17.6403L15.2204 23.6267C15.2393 23.65 15.2593 23.6727 15.2804 23.6946C15.4607 23.8817 15.6994 23.9847 15.9436 23.9985C16.1206 24.0085 16.3005 23.9718 16.4633 23.8865C16.5461 23.8433 16.6238 23.7879 16.6936 23.7206C16.7256 23.6898 16.7551 23.6574 16.7821 23.6236L21.7682 17.6402C22.1218 17.2159 22.0645 16.5854 21.6402 16.2318C21.2159 15.8783 20.5854 15.9356 20.2318 16.3599L16 21.438L11.7682 16.3599Z\" fill=\"#417880\"><\/path>\r\n                                        <\/svg>\r\n                                    <\/h3>\r\n                                    <div class=\"content\"><!-- wp:paragraph -->\n<p>Det \u00e4r enkelt att komma ig\u00e5ng med v\u00e5ra tj\u00e4nster, l\u00e4s mer om hur det fungerar p\u00e5 v\u00e5r <a href=\"\/se\/en\/get-started\/\">kom ig\u00e5ng<\/a>-sida.<\/p>\n<!-- \/wp:paragraph --><\/div>\r\n                                <\/div>\r\n                                                    <div class=\"faq\" tabindex=\"0\">\r\n                                    <h3 class=\"title\">\r\n                                        <span>Vad kostar det?<\/span>\r\n                                        <svg xmlns=\"http:\/\/www.w3.org\/2000\/svg\" width=\"32\" height=\"38\" viewBox=\"0 0 32 38\" fill=\"none\">\r\n                                            <circle cx=\"16\" cy=\"19\" r=\"16\" fill=\"#EBF1F1\"><\/circle>\r\n                                            <path fill-rule=\"evenodd\" clip-rule=\"evenodd\" d=\"M11.7682 16.3599C11.4147 15.9356 10.7841 15.8783 10.3598 16.2319C9.93556 16.5854 9.87824 17.216 10.2318 17.6403L15.2204 23.6267C15.2393 23.65 15.2593 23.6727 15.2804 23.6946C15.4607 23.8817 15.6994 23.9847 15.9436 23.9985C16.1206 24.0085 16.3005 23.9718 16.4633 23.8865C16.5461 23.8433 16.6238 23.7879 16.6936 23.7206C16.7256 23.6898 16.7551 23.6574 16.7821 23.6236L21.7682 17.6402C22.1218 17.2159 22.0645 16.5854 21.6402 16.2318C21.2159 15.8783 20.5854 15.9356 20.2318 16.3599L16 21.438L11.7682 16.3599Z\" fill=\"#417880\"><\/path>\r\n                                        <\/svg>\r\n                                    <\/h3>\r\n                                    <div class=\"content\"><!-- wp:paragraph -->\n<p>Du kan ladda ner och anv\u00e4nda AsthmaTuner appen helt gratis. F\u00f6r att f\u00e5 tillg\u00e5ng till alla funktioner beh\u00f6ver du ansluta appen till en v\u00e5rdgivare. Kostnader kan tillkomma f\u00f6r lungfunktionsm\u00e4taren, bes\u00f6k och uppf\u00f6ljningar hos din anslutna v\u00e5rdgivare \u2013 kontakta n\u00e5gon av v\u00e5ra partnerkliniker f\u00f6r att f\u00e5 veta mer.<\/p>\n<!-- \/wp:paragraph --><\/div>\r\n                                <\/div>\r\n                                                    <div class=\"faq\" tabindex=\"0\">\r\n                                    <h3 class=\"title\">\r\n                                        <span>Which regions are you available in?<\/span>\r\n                                        <svg xmlns=\"http:\/\/www.w3.org\/2000\/svg\" width=\"32\" height=\"38\" viewBox=\"0 0 32 38\" fill=\"none\">\r\n                                            <circle cx=\"16\" cy=\"19\" r=\"16\" fill=\"#EBF1F1\"><\/circle>\r\n                                            <path fill-rule=\"evenodd\" clip-rule=\"evenodd\" d=\"M11.7682 16.3599C11.4147 15.9356 10.7841 15.8783 10.3598 16.2319C9.93556 16.5854 9.87824 17.216 10.2318 17.6403L15.2204 23.6267C15.2393 23.65 15.2593 23.6727 15.2804 23.6946C15.4607 23.8817 15.6994 23.9847 15.9436 23.9985C16.1206 24.0085 16.3005 23.9718 16.4633 23.8865C16.5461 23.8433 16.6238 23.7879 16.6936 23.7206C16.7256 23.6898 16.7551 23.6574 16.7821 23.6236L21.7682 17.6402C22.1218 17.2159 22.0645 16.5854 21.6402 16.2318C21.2159 15.8783 20.5854 15.9356 20.2318 16.3599L16 21.438L11.7682 16.3599Z\" fill=\"#417880\"><\/path>\r\n                                        <\/svg>\r\n                                    <\/h3>\r\n                                    <div class=\"content\"><!-- wp:paragraph -->\n<p>You can use our services no matter what region you live in. If you have asthma and your own health centre does not offer our services, you can always connect to us via Min Doktor, while remaining listed at your current health centre.<\/p>\n<!-- \/wp:paragraph --><\/div>\r\n                                <\/div>\r\n                    <\/div><div class=\"column\">                                <div class=\"faq\" tabindex=\"0\">\r\n                                    <h3 class=\"title\">\r\n                                        <span>Do all clinics offer your solutions?<\/span>\r\n                                        <svg xmlns=\"http:\/\/www.w3.org\/2000\/svg\" width=\"32\" height=\"38\" viewBox=\"0 0 32 38\" fill=\"none\">\r\n                                            <circle cx=\"16\" cy=\"19\" r=\"16\" fill=\"#EBF1F1\"><\/circle>\r\n                                            <path fill-rule=\"evenodd\" clip-rule=\"evenodd\" d=\"M11.7682 16.3599C11.4147 15.9356 10.7841 15.8783 10.3598 16.2319C9.93556 16.5854 9.87824 17.216 10.2318 17.6403L15.2204 23.6267C15.2393 23.65 15.2593 23.6727 15.2804 23.6946C15.4607 23.8817 15.6994 23.9847 15.9436 23.9985C16.1206 24.0085 16.3005 23.9718 16.4633 23.8865C16.5461 23.8433 16.6238 23.7879 16.6936 23.7206C16.7256 23.6898 16.7551 23.6574 16.7821 23.6236L21.7682 17.6402C22.1218 17.2159 22.0645 16.5854 21.6402 16.2318C21.2159 15.8783 20.5854 15.9356 20.2318 16.3599L16 21.438L11.7682 16.3599Z\" fill=\"#417880\"><\/path>\r\n                                        <\/svg>\r\n                                    <\/h3>\r\n                                    <div class=\"content\"><!-- wp:paragraph -->\n<p>We have many partner clinics and hospitals, but unfortunately not all clinics are able to offer our services. If you have asthma and your own clinic does not offer our services, you can always connect to us via Min Doktor, while remaining listed at your current health center. Read more about our partner clinics on our <a href=\"\/se\/en\/get-started\/\">get started-page<\/a>.<\/p>\n<!-- \/wp:paragraph --><\/div>\r\n                                <\/div>\r\n                                                    <div class=\"faq\" tabindex=\"0\">\r\n                                    <h3 class=\"title\">\r\n                                        <span>Kan jag anv\u00e4nda detta p\u00e5 egen hand, utan v\u00e5rdgivare?<\/span>\r\n                                        <svg xmlns=\"http:\/\/www.w3.org\/2000\/svg\" width=\"32\" height=\"38\" viewBox=\"0 0 32 38\" fill=\"none\">\r\n                                            <circle cx=\"16\" cy=\"19\" r=\"16\" fill=\"#EBF1F1\"><\/circle>\r\n                                            <path fill-rule=\"evenodd\" clip-rule=\"evenodd\" d=\"M11.7682 16.3599C11.4147 15.9356 10.7841 15.8783 10.3598 16.2319C9.93556 16.5854 9.87824 17.216 10.2318 17.6403L15.2204 23.6267C15.2393 23.65 15.2593 23.6727 15.2804 23.6946C15.4607 23.8817 15.6994 23.9847 15.9436 23.9985C16.1206 24.0085 16.3005 23.9718 16.4633 23.8865C16.5461 23.8433 16.6238 23.7879 16.6936 23.7206C16.7256 23.6898 16.7551 23.6574 16.7821 23.6236L21.7682 17.6402C22.1218 17.2159 22.0645 16.5854 21.6402 16.2318C21.2159 15.8783 20.5854 15.9356 20.2318 16.3599L16 21.438L11.7682 16.3599Z\" fill=\"#417880\"><\/path>\r\n                                        <\/svg>\r\n                                    <\/h3>\r\n                                    <div class=\"content\"><!-- wp:paragraph -->\n<p>V\u00e5ra l\u00f6sningar \u00e4r i f\u00f6rsta hand avsedda att anv\u00e4ndas tillsammans med en v\u00e5rdgivare f\u00f6r att s\u00e4kerst\u00e4lla att du f\u00e5r r\u00e4tt diagnos och behandling. \u00c4ven om vissa funktioner \u00e4r anv\u00e4ndbara f\u00f6r att h\u00e5lla koll p\u00e5 din h\u00e4lsa p\u00e5 egen hand, rekommenderar vi att du r\u00e5dg\u00f6r med en v\u00e5rdgivare f\u00f6r optimal v\u00e5rd och behandling.<\/p>\n<!-- \/wp:paragraph --><\/div>\r\n                                <\/div>\r\n                                                    <div class=\"faq\" tabindex=\"0\">\r\n                                    <h3 class=\"title\">\r\n                                        <span>\u00c4r det s\u00e4kert att anv\u00e4nda era l\u00f6sningar?<\/span>\r\n                                        <svg xmlns=\"http:\/\/www.w3.org\/2000\/svg\" width=\"32\" height=\"38\" viewBox=\"0 0 32 38\" fill=\"none\">\r\n                                            <circle cx=\"16\" cy=\"19\" r=\"16\" fill=\"#EBF1F1\"><\/circle>\r\n                                            <path fill-rule=\"evenodd\" clip-rule=\"evenodd\" d=\"M11.7682 16.3599C11.4147 15.9356 10.7841 15.8783 10.3598 16.2319C9.93556 16.5854 9.87824 17.216 10.2318 17.6403L15.2204 23.6267C15.2393 23.65 15.2593 23.6727 15.2804 23.6946C15.4607 23.8817 15.6994 23.9847 15.9436 23.9985C16.1206 24.0085 16.3005 23.9718 16.4633 23.8865C16.5461 23.8433 16.6238 23.7879 16.6936 23.7206C16.7256 23.6898 16.7551 23.6574 16.7821 23.6236L21.7682 17.6402C22.1218 17.2159 22.0645 16.5854 21.6402 16.2318C21.2159 15.8783 20.5854 15.9356 20.2318 16.3599L16 21.438L11.7682 16.3599Z\" fill=\"#417880\"><\/path>\r\n                                        <\/svg>\r\n                                    <\/h3>\r\n                                    <div class=\"content\"><!-- wp:paragraph -->\n<p>Ja, v\u00e5ra verktyg st\u00f6ds av klinisk validering och CE-m\u00e4rkning.<\/p>\n<!-- \/wp:paragraph --><\/div>\r\n                                <\/div>\r\n                                                    <div class=\"faq\" tabindex=\"0\">\r\n                                    <h3 class=\"title\">\r\n                                        <span>Vilken spirometer kan jag anv\u00e4nda?<\/span>\r\n                                        <svg xmlns=\"http:\/\/www.w3.org\/2000\/svg\" width=\"32\" height=\"38\" viewBox=\"0 0 32 38\" fill=\"none\">\r\n                                            <circle cx=\"16\" cy=\"19\" r=\"16\" fill=\"#EBF1F1\"><\/circle>\r\n                                            <path fill-rule=\"evenodd\" clip-rule=\"evenodd\" d=\"M11.7682 16.3599C11.4147 15.9356 10.7841 15.8783 10.3598 16.2319C9.93556 16.5854 9.87824 17.216 10.2318 17.6403L15.2204 23.6267C15.2393 23.65 15.2593 23.6727 15.2804 23.6946C15.4607 23.8817 15.6994 23.9847 15.9436 23.9985C16.1206 24.0085 16.3005 23.9718 16.4633 23.8865C16.5461 23.8433 16.6238 23.7879 16.6936 23.7206C16.7256 23.6898 16.7551 23.6574 16.7821 23.6236L21.7682 17.6402C22.1218 17.2159 22.0645 16.5854 21.6402 16.2318C21.2159 15.8783 20.5854 15.9356 20.2318 16.3599L16 21.438L11.7682 16.3599Z\" fill=\"#417880\"><\/path>\r\n                                        <\/svg>\r\n                                    <\/h3>\r\n                                    <div class=\"content\"><!-- wp:paragraph -->\n<p>Du kan anv\u00e4nda v\u00e5r dedikerade spirometer, som \u00e4r s\u00e4rskilt utformad f\u00f6r att fungera med v\u00e5ra digitala l\u00f6sningar. Genom att anv\u00e4nda v\u00e5r spirometer s\u00e4kerst\u00e4ller du noggranna och tillf\u00f6rlitliga lungfunktionsm\u00e4tningar, vilket ger dig de b\u00e4sta f\u00f6ruts\u00e4ttningarna f\u00f6r att hantera din h\u00e4lsa.<\/p>\n<!-- \/wp:paragraph --><\/div>\r\n                                <\/div>\r\n                                    <\/div>\r\n            <\/div>\r\n        <\/div>\r\n    <\/section>\r\n\r\n","protected":false},"excerpt":{"rendered":"","protected":false},"author":1,"featured_media":0,"parent":63,"menu_order":0,"comment_status":"closed","ping_status":"closed","template":"","meta":{"_acf_changed":false,"footnotes":""},"class_list":["post-271","page","type-page","status-publish","hentry"],"acf":[],"yoast_head":"<!-- This site is optimized with the Yoast SEO plugin v27.2 - https:\/\/yoast.com\/product\/yoast-seo-wordpress\/ -->\n<title>Other respiratory diseases - Medituner Sweden<\/title>\n<meta name=\"robots\" content=\"noindex, follow, max-snippet:-1, max-image-preview:large, max-video-preview:-1\" \/>\n<meta property=\"og:locale\" content=\"en_US\" \/>\n<meta property=\"og:type\" content=\"article\" \/>\n<meta property=\"og:title\" content=\"Other respiratory diseases - Medituner Sweden\" \/>\n<meta property=\"og:url\" content=\"https:\/\/dev.medituner.com\/se\/en\/patients\/other-respiratory-diseases\/\" \/>\n<meta property=\"og:site_name\" content=\"Medituner Sweden\" \/>\n<meta property=\"article:modified_time\" content=\"2024-02-26T09:54:32+00:00\" \/>\n<meta name=\"twitter:card\" content=\"summary_large_image\" \/>\n<script type=\"application\/ld+json\" class=\"yoast-schema-graph\">{\"@context\":\"https:\/\/schema.org\",\"@graph\":[{\"@type\":\"WebPage\",\"@id\":\"https:\/\/dev.medituner.com\/se\/en\/patients\/other-respiratory-diseases\/\",\"url\":\"https:\/\/dev.medituner.com\/se\/en\/patients\/other-respiratory-diseases\/\",\"name\":\"Other respiratory diseases - Medituner Sweden\",\"isPartOf\":{\"@id\":\"https:\/\/dev.medituner.com\/se\/en\/#website\"},\"datePublished\":\"2024-01-25T13:53:27+00:00\",\"dateModified\":\"2024-02-26T09:54:32+00:00\",\"breadcrumb\":{\"@id\":\"https:\/\/dev.medituner.com\/se\/en\/patients\/other-respiratory-diseases\/#breadcrumb\"},\"inLanguage\":\"en-US\",\"potentialAction\":[{\"@type\":\"ReadAction\",\"target\":[\"https:\/\/dev.medituner.com\/se\/en\/patients\/other-respiratory-diseases\/\"]}]},{\"@type\":\"BreadcrumbList\",\"@id\":\"https:\/\/dev.medituner.com\/se\/en\/patients\/other-respiratory-diseases\/#breadcrumb\",\"itemListElement\":[{\"@type\":\"ListItem\",\"position\":1,\"name\":\"Home\",\"item\":\"https:\/\/dev.medituner.com\/se\/en\/\"},{\"@type\":\"ListItem\",\"position\":2,\"name\":\"Patients\",\"item\":\"https:\/\/dev.medituner.com\/se\/en\/patients\/\"},{\"@type\":\"ListItem\",\"position\":3,\"name\":\"Other respiratory diseases\"}]},{\"@type\":\"WebSite\",\"@id\":\"https:\/\/dev.medituner.com\/se\/en\/#website\",\"url\":\"https:\/\/dev.medituner.com\/se\/en\/\",\"name\":\"Medituner Sweden\",\"description\":\"\",\"potentialAction\":[{\"@type\":\"SearchAction\",\"target\":{\"@type\":\"EntryPoint\",\"urlTemplate\":\"https:\/\/dev.medituner.com\/se\/en\/?s={search_term_string}\"},\"query-input\":{\"@type\":\"PropertyValueSpecification\",\"valueRequired\":true,\"valueName\":\"search_term_string\"}}],\"inLanguage\":\"en-US\"}]}<\/script>\n<!-- \/ Yoast SEO plugin. -->","yoast_head_json":{"title":"Other respiratory diseases - Medituner Sweden","robots":{"index":"noindex","follow":"follow","max-snippet":"max-snippet:-1","max-image-preview":"max-image-preview:large","max-video-preview":"max-video-preview:-1"},"og_locale":"en_US","og_type":"article","og_title":"Other respiratory diseases - Medituner Sweden","og_url":"https:\/\/dev.medituner.com\/se\/en\/patients\/other-respiratory-diseases\/","og_site_name":"Medituner Sweden","article_modified_time":"2024-02-26T09:54:32+00:00","twitter_card":"summary_large_image","schema":{"@context":"https:\/\/schema.org","@graph":[{"@type":"WebPage","@id":"https:\/\/dev.medituner.com\/se\/en\/patients\/other-respiratory-diseases\/","url":"https:\/\/dev.medituner.com\/se\/en\/patients\/other-respiratory-diseases\/","name":"Other respiratory diseases - Medituner Sweden","isPartOf":{"@id":"https:\/\/dev.medituner.com\/se\/en\/#website"},"datePublished":"2024-01-25T13:53:27+00:00","dateModified":"2024-02-26T09:54:32+00:00","breadcrumb":{"@id":"https:\/\/dev.medituner.com\/se\/en\/patients\/other-respiratory-diseases\/#breadcrumb"},"inLanguage":"en-US","potentialAction":[{"@type":"ReadAction","target":["https:\/\/dev.medituner.com\/se\/en\/patients\/other-respiratory-diseases\/"]}]},{"@type":"BreadcrumbList","@id":"https:\/\/dev.medituner.com\/se\/en\/patients\/other-respiratory-diseases\/#breadcrumb","itemListElement":[{"@type":"ListItem","position":1,"name":"Home","item":"https:\/\/dev.medituner.com\/se\/en\/"},{"@type":"ListItem","position":2,"name":"Patients","item":"https:\/\/dev.medituner.com\/se\/en\/patients\/"},{"@type":"ListItem","position":3,"name":"Other respiratory diseases"}]},{"@type":"WebSite","@id":"https:\/\/dev.medituner.com\/se\/en\/#website","url":"https:\/\/dev.medituner.com\/se\/en\/","name":"Medituner Sweden","description":"","potentialAction":[{"@type":"SearchAction","target":{"@type":"EntryPoint","urlTemplate":"https:\/\/dev.medituner.com\/se\/en\/?s={search_term_string}"},"query-input":{"@type":"PropertyValueSpecification","valueRequired":true,"valueName":"search_term_string"}}],"inLanguage":"en-US"}]}},"_links":{"self":[{"href":"https:\/\/dev.medituner.com\/se\/en\/wp-json\/wp\/v2\/pages\/271","targetHints":{"allow":["GET"]}}],"collection":[{"href":"https:\/\/dev.medituner.com\/se\/en\/wp-json\/wp\/v2\/pages"}],"about":[{"href":"https:\/\/dev.medituner.com\/se\/en\/wp-json\/wp\/v2\/types\/page"}],"author":[{"embeddable":true,"href":"https:\/\/dev.medituner.com\/se\/en\/wp-json\/wp\/v2\/users\/1"}],"replies":[{"embeddable":true,"href":"https:\/\/dev.medituner.com\/se\/en\/wp-json\/wp\/v2\/comments?post=271"}],"version-history":[{"count":12,"href":"https:\/\/dev.medituner.com\/se\/en\/wp-json\/wp\/v2\/pages\/271\/revisions"}],"predecessor-version":[{"id":1242,"href":"https:\/\/dev.medituner.com\/se\/en\/wp-json\/wp\/v2\/pages\/271\/revisions\/1242"}],"up":[{"embeddable":true,"href":"https:\/\/dev.medituner.com\/se\/en\/wp-json\/wp\/v2\/pages\/63"}],"wp:attachment":[{"href":"https:\/\/dev.medituner.com\/se\/en\/wp-json\/wp\/v2\/media?parent=271"}],"curies":[{"name":"wp","href":"https:\/\/api.w.org\/{rel}","templated":true}]}}