{"id":1467,"date":"2024-03-04T12:44:21","date_gmt":"2024-03-04T12:44:21","guid":{"rendered":"https:\/\/dev.medituner.com\/se\/get-support\/"},"modified":"2024-03-04T12:56:01","modified_gmt":"2024-03-04T12:56:01","slug":"get-support","status":"publish","type":"page","link":"https:\/\/dev.medituner.com\/se\/get-support\/","title":{"rendered":"F\u00e5 support"},"content":{"rendered":"<section class=\"section-support\">\r\n    <div class=\"container\">\r\n        <nav class=\"c-breadcrumbs\">\r\n            <a href=\"\/se\/help-center\/\" class=\"c-breadcrumbs__back js-back\">\r\n                <svg width=\"20\" height=\"20\" viewBox=\"0 0 20 20\" fill=\"none\" xmlns=\"http:\/\/www.w3.org\/2000\/svg\">\r\n                    <path fill-rule=\"evenodd\" clip-rule=\"evenodd\" d=\"M8.38651 4.30587C8.00315 3.90831 7.37009 3.8968 6.97253 4.28016L2.30586 8.78016C2.11041 8.96863 2 9.22848 2 9.5C2 9.77152 2.11041 10.0314 2.30586 10.2198L6.97253 14.7198C7.37009 15.1032 8.00315 15.0917 8.38651 14.6941C8.76987 14.2966 8.75836 13.6635 8.3608 13.2802L5.47768 10.5H11.2388H17C17.5523 10.5 18 10.0523 18 9.5C18 8.94772 17.5523 8.5 17 8.5H5.47768L8.3608 5.71985C8.75836 5.33648 8.76987 4.70342 8.38651 4.30587Z\" fill=\"#417880\" \/>\r\n                <\/svg>\r\n            <\/a>\r\n            <a href=\"\/se\/help-center\/\">Hj\u00e4lp<\/a>\r\n            <svg width=\"16\" height=\"16\" viewBox=\"0 0 16 16\" fill=\"none\" xmlns=\"http:\/\/www.w3.org\/2000\/svg\">\r\n                <path fill-rule=\"evenodd\" clip-rule=\"evenodd\" d=\"M5.08705 4.61455C4.74763 4.3317 4.70177 3.82725 4.98462 3.48782C5.26747 3.1484 5.77192 3.10254 6.11135 3.38539L10.9004 7.37631C10.9191 7.39136 10.9373 7.40736 10.9548 7.4243C11.1045 7.56852 11.1868 7.75943 11.1979 7.95484C11.206 8.09643 11.1766 8.24037 11.1083 8.37062C11.0738 8.43684 11.0294 8.49898 10.9756 8.55481C10.951 8.5804 10.9251 8.60402 10.898 8.62566L6.1113 12.6145C5.77188 12.8974 5.26743 12.8515 4.98457 12.5121C4.70172 12.1727 4.74758 11.6682 5.087 11.3854L9.14953 7.99995L5.08705 4.61455Z\" fill=\"black\" fill-opacity=\"0.41\" \/>\r\n            <\/svg>\r\n            <span><\/span>\r\n        <\/nav>\r\n        <div class=\"content\">\r\n            <h1>Skapa ett support\u00e4rende<\/h1>\r\n            <div class=\"text\"><p>Vi kan erbjuda hj\u00e4lp p\u00e5 engelska och svenska. Vi \u00e5terkommer till dig s\u00e5 snart vi kan \u2013 normalt sett inom en dag!<\/p>\n<p>F\u00f6r eventuella medicinska fr\u00e5gor, v\u00e4nd dig till din v\u00e5rdgivare.<\/p>\n<\/div>\r\n            <div class=\"form\">\r\n                \n<div class=\"wpcf7 no-js\" id=\"wpcf7-f1374-o1\" lang=\"sv-SE\" dir=\"ltr\" data-wpcf7-id=\"1374\">\n<div class=\"screen-reader-response\"><p role=\"status\" aria-live=\"polite\" aria-atomic=\"true\"><\/p> <ul><\/ul><\/div>\n<form action=\"\/se\/wp-json\/wp\/v2\/pages\/1467#wpcf7-f1374-o1\" method=\"post\" class=\"wpcf7-form init\" aria-label=\"Kontaktformul\u00e4r\" novalidate=\"novalidate\" data-status=\"init\">\n<fieldset class=\"hidden-fields-container\"><input type=\"hidden\" name=\"_wpcf7\" value=\"1374\" \/><input type=\"hidden\" name=\"_wpcf7_version\" value=\"6.1.5\" \/><input type=\"hidden\" name=\"_wpcf7_locale\" value=\"sv_SE\" \/><input type=\"hidden\" name=\"_wpcf7_unit_tag\" value=\"wpcf7-f1374-o1\" \/><input type=\"hidden\" name=\"_wpcf7_container_post\" value=\"0\" \/><input type=\"hidden\" name=\"_wpcf7_posted_data_hash\" value=\"\" \/>\n<\/fieldset>\n<p><label><br \/>\n<span class=\"label\">Epost<\/span><br \/>\n<span class=\"wpcf7-form-control-wrap\" data-name=\"email-512\"><input size=\"40\" maxlength=\"400\" class=\"wpcf7-form-control wpcf7-email wpcf7-validates-as-required wpcf7-text wpcf7-validates-as-email\" aria-required=\"true\" aria-invalid=\"false\" value=\"\" type=\"email\" name=\"email-512\" \/><\/span><br \/>\n<\/label><br \/>\n<label><br \/>\n<span class=\"label\">\u00c4mne<\/span><br \/>\n<span class=\"wpcf7-form-control-wrap\" data-name=\"subject-512\"><input size=\"40\" maxlength=\"400\" class=\"wpcf7-form-control wpcf7-text wpcf7-validates-as-required\" aria-required=\"true\" aria-invalid=\"false\" value=\"\" type=\"text\" name=\"subject-512\" \/><\/span><br \/>\n<\/label><br \/>\n<label class=\"textarea\"><br \/>\n<span class=\"label\">Beskrivning<\/span><br \/>\n<span class=\"wpcf7-form-control-wrap\" data-name=\"message-512\"><textarea cols=\"40\" rows=\"10\" maxlength=\"2000\" class=\"wpcf7-form-control wpcf7-textarea wpcf7-validates-as-required\" aria-required=\"true\" aria-invalid=\"false\" name=\"message-512\"><\/textarea><\/span><br \/>\n<\/label>\n<\/p>\n<p class=\"attachments-title\">Bifoga filer (valfritt)\n<\/p>\n<p><span class=\"wpcf7-form-control-wrap\" data-name=\"file-512\"><input size=\"40\" class=\"wpcf7-form-control wpcf7-drag-n-drop-file d-none\" aria-invalid=\"false\" type=\"file\" multiple=\"multiple\" data-name=\"file-512\" data-type=\"pdf|doc|docx|png|jpg|jpeg\" data-limit=\"5242880\" data-id=\"1374\" data-version=\"free version 1.3.9.6\" accept=\".pdf, .doc, .docx, .png, .jpg, .jpeg\" \/><\/span>\n<\/p>\n<div class=\"spamoff\">\n\t<p><span class=\"wpcf7-form-control-wrap\" data-name=\"acceptance-587\"><span class=\"wpcf7-form-control wpcf7-acceptance invert\"><span class=\"wpcf7-list-item\"><input type=\"checkbox\" name=\"acceptance-587\" value=\"1\" checked=\"checked\" class=\"spamoff\" id=\"spamoff\" aria-invalid=\"false\" \/><\/span><\/span><\/span>\n\t<\/p>\n<\/div>\n<div class=\"button-submit\">\n\t<p><input class=\"wpcf7-form-control wpcf7-submit has-spinner\" type=\"submit\" value=\"Skicka\" \/>\n\t<\/p>\n<\/div><div class=\"wpcf7-response-output\" aria-hidden=\"true\"><\/div>\n<\/form>\n<\/div>\n            <\/div>\r\n        <\/div>\r\n        <div class=\"success\">\r\n            <h2>Ditt \u00e4rende har skickats<\/h2>\r\n            <p>Vi \u00e5terkommer s\u00e5 snart vi kan \u2013 normalt inom en dag!<\/p>\r\n        <\/div>\r\n    <\/div>\r\n<\/section>","protected":false},"excerpt":{"rendered":"","protected":false},"author":4,"featured_media":0,"parent":0,"menu_order":0,"comment_status":"closed","ping_status":"closed","template":"","meta":{"_acf_changed":false,"footnotes":""},"class_list":["post-1467","page","type-page","status-publish","hentry"],"acf":[],"yoast_head":"<!-- This site is optimized with the Yoast SEO plugin v27.2 - https:\/\/yoast.com\/product\/yoast-seo-wordpress\/ -->\n<title>F\u00e5 support - Medituner Sweden<\/title>\n<meta name=\"robots\" content=\"noindex, follow, max-snippet:-1, max-image-preview:large, max-video-preview:-1\" \/>\n<meta property=\"og:locale\" content=\"sv_SE\" \/>\n<meta property=\"og:type\" content=\"article\" \/>\n<meta property=\"og:title\" content=\"F\u00e5 support - Medituner Sweden\" \/>\n<meta property=\"og:url\" content=\"https:\/\/dev.medituner.com\/se\/get-support\/\" \/>\n<meta property=\"og:site_name\" content=\"Medituner Sweden\" \/>\n<meta property=\"article:modified_time\" content=\"2024-03-04T12:56:01+00:00\" \/>\n<meta name=\"twitter:card\" content=\"summary_large_image\" \/>\n<script type=\"application\/ld+json\" class=\"yoast-schema-graph\">{\"@context\":\"https:\/\/schema.org\",\"@graph\":[{\"@type\":\"WebPage\",\"@id\":\"https:\/\/dev.medituner.com\/se\/get-support\/\",\"url\":\"https:\/\/dev.medituner.com\/se\/get-support\/\",\"name\":\"F\u00e5 support - Medituner Sweden\",\"isPartOf\":{\"@id\":\"https:\/\/dev.medituner.com\/se\/#website\"},\"datePublished\":\"2024-03-04T12:44:21+00:00\",\"dateModified\":\"2024-03-04T12:56:01+00:00\",\"breadcrumb\":{\"@id\":\"https:\/\/dev.medituner.com\/se\/get-support\/#breadcrumb\"},\"inLanguage\":\"sv-SE\",\"potentialAction\":[{\"@type\":\"ReadAction\",\"target\":[\"https:\/\/dev.medituner.com\/se\/get-support\/\"]}]},{\"@type\":\"BreadcrumbList\",\"@id\":\"https:\/\/dev.medituner.com\/se\/get-support\/#breadcrumb\",\"itemListElement\":[{\"@type\":\"ListItem\",\"position\":1,\"name\":\"Home\",\"item\":\"https:\/\/dev.medituner.com\/se\/\"},{\"@type\":\"ListItem\",\"position\":2,\"name\":\"F\u00e5 support\"}]},{\"@type\":\"WebSite\",\"@id\":\"https:\/\/dev.medituner.com\/se\/#website\",\"url\":\"https:\/\/dev.medituner.com\/se\/\",\"name\":\"Medituner Sweden\",\"description\":\"\",\"potentialAction\":[{\"@type\":\"SearchAction\",\"target\":{\"@type\":\"EntryPoint\",\"urlTemplate\":\"https:\/\/dev.medituner.com\/se\/?s={search_term_string}\"},\"query-input\":{\"@type\":\"PropertyValueSpecification\",\"valueRequired\":true,\"valueName\":\"search_term_string\"}}],\"inLanguage\":\"sv-SE\"}]}<\/script>\n<!-- \/ Yoast SEO plugin. -->","yoast_head_json":{"title":"F\u00e5 support - Medituner Sweden","robots":{"index":"noindex","follow":"follow","max-snippet":"max-snippet:-1","max-image-preview":"max-image-preview:large","max-video-preview":"max-video-preview:-1"},"og_locale":"sv_SE","og_type":"article","og_title":"F\u00e5 support - Medituner Sweden","og_url":"https:\/\/dev.medituner.com\/se\/get-support\/","og_site_name":"Medituner Sweden","article_modified_time":"2024-03-04T12:56:01+00:00","twitter_card":"summary_large_image","schema":{"@context":"https:\/\/schema.org","@graph":[{"@type":"WebPage","@id":"https:\/\/dev.medituner.com\/se\/get-support\/","url":"https:\/\/dev.medituner.com\/se\/get-support\/","name":"F\u00e5 support - Medituner Sweden","isPartOf":{"@id":"https:\/\/dev.medituner.com\/se\/#website"},"datePublished":"2024-03-04T12:44:21+00:00","dateModified":"2024-03-04T12:56:01+00:00","breadcrumb":{"@id":"https:\/\/dev.medituner.com\/se\/get-support\/#breadcrumb"},"inLanguage":"sv-SE","potentialAction":[{"@type":"ReadAction","target":["https:\/\/dev.medituner.com\/se\/get-support\/"]}]},{"@type":"BreadcrumbList","@id":"https:\/\/dev.medituner.com\/se\/get-support\/#breadcrumb","itemListElement":[{"@type":"ListItem","position":1,"name":"Home","item":"https:\/\/dev.medituner.com\/se\/"},{"@type":"ListItem","position":2,"name":"F\u00e5 support"}]},{"@type":"WebSite","@id":"https:\/\/dev.medituner.com\/se\/#website","url":"https:\/\/dev.medituner.com\/se\/","name":"Medituner Sweden","description":"","potentialAction":[{"@type":"SearchAction","target":{"@type":"EntryPoint","urlTemplate":"https:\/\/dev.medituner.com\/se\/?s={search_term_string}"},"query-input":{"@type":"PropertyValueSpecification","valueRequired":true,"valueName":"search_term_string"}}],"inLanguage":"sv-SE"}]}},"_links":{"self":[{"href":"https:\/\/dev.medituner.com\/se\/wp-json\/wp\/v2\/pages\/1467","targetHints":{"allow":["GET"]}}],"collection":[{"href":"https:\/\/dev.medituner.com\/se\/wp-json\/wp\/v2\/pages"}],"about":[{"href":"https:\/\/dev.medituner.com\/se\/wp-json\/wp\/v2\/types\/page"}],"author":[{"embeddable":true,"href":"https:\/\/dev.medituner.com\/se\/wp-json\/wp\/v2\/users\/4"}],"replies":[{"embeddable":true,"href":"https:\/\/dev.medituner.com\/se\/wp-json\/wp\/v2\/comments?post=1467"}],"version-history":[{"count":3,"href":"https:\/\/dev.medituner.com\/se\/wp-json\/wp\/v2\/pages\/1467\/revisions"}],"predecessor-version":[{"id":1482,"href":"https:\/\/dev.medituner.com\/se\/wp-json\/wp\/v2\/pages\/1467\/revisions\/1482"}],"wp:attachment":[{"href":"https:\/\/dev.medituner.com\/se\/wp-json\/wp\/v2\/media?parent=1467"}],"curies":[{"name":"wp","href":"https:\/\/api.w.org\/{rel}","templated":true}]}}