{"id":526,"date":"2023-12-19T10:15:57","date_gmt":"2023-12-19T10:15:57","guid":{"rendered":"https:\/\/dev.medituner.com\/se\/contacts\/"},"modified":"2024-03-04T12:46:50","modified_gmt":"2024-03-04T12:46:50","slug":"contact","status":"publish","type":"page","link":"https:\/\/dev.medituner.com\/se\/contact\/","title":{"rendered":"Kontakt"},"content":{"rendered":"\r\n<section class=\"section-contacts\">\r\n    <div class=\"container\">\r\n        <h1>Kontakta oss<\/h1>\r\n        <p class=\"subtitle\">Har du tankar om v\u00e5ra produkter? Vill du b\u00f6rja anv\u00e4nda dem sj\u00e4lv eller samarbeta f\u00f6r att erbjuda patienter v\u00e5r plattform? L\u00e4mna ett meddelande till oss s\u00e5 \u00e5terkommer vi till dig s\u00e5 snart vi kan \u2013 vanligtvis inom 24 timmar!<\/p>\r\n\r\n        <div class=\"contact-wrapper\">\r\n            <div class=\"contacts\">\r\n                <h2>Kontaktinformation<\/h2>\r\n                <p class=\"subtitle\">Har du feedback eller vill komma ig\u00e5ng? H\u00f6r av dig!<\/p>\r\n                <p><a class=\"contact\" target=\"_blank\" href=\"mailto:info@medituner.com\"><img decoding=\"async\" src=\"https:\/\/dev.medituner.com\/se\/wp-content\/uploads\/sites\/2\/2024\/01\/email.svg\" alt=\"\"><span>info@medituner.com<\/span><\/a><\/p>\r\n            <\/div>\r\n\r\n                            <div class=\"info\">\r\n                    <h2>F\u00e5 produkt- eller kontosupport<\/h2>\r\n                    <p>Kontakta v\u00e5r tekniska support om du har fr\u00e5gor om spirometern, ditt konto eller problem med att anv\u00e4nda appen eller Careportalen.<\/p>\r\n\r\n                                            <a class=\"button\" href=\"\/se\/get-support\">Kontakta support<\/a>\r\n                                    <\/div>\r\n                            <div class=\"info\">\r\n                    <h2>Guider och anv\u00e4ndarmanualer<\/h2>\r\n                    <p>Se v\u00e5ra guider och manualer f\u00f6r att f\u00e5 svar p\u00e5 vanliga fr\u00e5gor om v\u00e5ra produkter och hur de fungerar.<\/p>\r\n\r\n                                            <a class=\"button\" href=\"\/se\/help-center\">Hj\u00e4lpcenter<\/a>\r\n                                    <\/div>\r\n                    <\/div>\r\n    <\/div>\r\n<\/section><section class=\"section-collaboration\">\r\n    <div class=\"container\">\r\n        <h2>MediTuner i samarbete med Karolinska Institutet<\/h2>\r\n        <div class=\"bg\">\r\n                            <img decoding=\"async\" src=\"https:\/\/dev.medituner.com\/se\/wp-content\/uploads\/sites\/2\/2023\/12\/Karolinska-Institutet-photo.jpg\" alt=\"\">\r\n                    <\/div>\r\n        <p>MediTuner grundades 2014 av tv\u00e5 specialister p\u00e5 luftv\u00e4gssjukdomar och \u00e4r dedikerat till nyskapande egenv\u00e5rdssystem och hemdiagnostik f\u00f6r lungsjukdomar. V\u00e5rt m\u00e5l: Ge patienter m\u00f6jlighet att leva symtomfria liv.<\/p>\r\n        <a class=\"button\" href=\"\/se\/about\">Om oss<\/a>\r\n    <\/div>\r\n<\/section>","protected":false},"excerpt":{"rendered":"","protected":false},"author":1,"featured_media":0,"parent":0,"menu_order":0,"comment_status":"closed","ping_status":"closed","template":"","meta":{"_acf_changed":false,"footnotes":""},"class_list":["post-526","page","type-page","status-publish","hentry"],"acf":[],"yoast_head":"<!-- This site is optimized with the Yoast SEO plugin v27.2 - https:\/\/yoast.com\/product\/yoast-seo-wordpress\/ -->\n<title>Kontakt - Medituner Sweden<\/title>\n<meta name=\"robots\" content=\"noindex, follow, max-snippet:-1, max-image-preview:large, max-video-preview:-1\" \/>\n<meta property=\"og:locale\" content=\"sv_SE\" \/>\n<meta property=\"og:type\" content=\"article\" \/>\n<meta property=\"og:title\" content=\"Kontakt - Medituner Sweden\" \/>\n<meta property=\"og:url\" content=\"https:\/\/dev.medituner.com\/se\/contact\/\" \/>\n<meta property=\"og:site_name\" content=\"Medituner Sweden\" \/>\n<meta property=\"article:modified_time\" content=\"2024-03-04T12:46:50+00:00\" \/>\n<meta name=\"twitter:card\" content=\"summary_large_image\" \/>\n<script type=\"application\/ld+json\" class=\"yoast-schema-graph\">{\"@context\":\"https:\/\/schema.org\",\"@graph\":[{\"@type\":\"WebPage\",\"@id\":\"https:\/\/dev.medituner.com\/se\/contact\/\",\"url\":\"https:\/\/dev.medituner.com\/se\/contact\/\",\"name\":\"Kontakt - Medituner Sweden\",\"isPartOf\":{\"@id\":\"https:\/\/dev.medituner.com\/se\/#website\"},\"datePublished\":\"2023-12-19T10:15:57+00:00\",\"dateModified\":\"2024-03-04T12:46:50+00:00\",\"breadcrumb\":{\"@id\":\"https:\/\/dev.medituner.com\/se\/contact\/#breadcrumb\"},\"inLanguage\":\"sv-SE\",\"potentialAction\":[{\"@type\":\"ReadAction\",\"target\":[\"https:\/\/dev.medituner.com\/se\/contact\/\"]}]},{\"@type\":\"BreadcrumbList\",\"@id\":\"https:\/\/dev.medituner.com\/se\/contact\/#breadcrumb\",\"itemListElement\":[{\"@type\":\"ListItem\",\"position\":1,\"name\":\"Home\",\"item\":\"https:\/\/dev.medituner.com\/se\/\"},{\"@type\":\"ListItem\",\"position\":2,\"name\":\"Kontakt\"}]},{\"@type\":\"WebSite\",\"@id\":\"https:\/\/dev.medituner.com\/se\/#website\",\"url\":\"https:\/\/dev.medituner.com\/se\/\",\"name\":\"Medituner Sweden\",\"description\":\"\",\"potentialAction\":[{\"@type\":\"SearchAction\",\"target\":{\"@type\":\"EntryPoint\",\"urlTemplate\":\"https:\/\/dev.medituner.com\/se\/?s={search_term_string}\"},\"query-input\":{\"@type\":\"PropertyValueSpecification\",\"valueRequired\":true,\"valueName\":\"search_term_string\"}}],\"inLanguage\":\"sv-SE\"}]}<\/script>\n<!-- \/ Yoast SEO plugin. -->","yoast_head_json":{"title":"Kontakt - Medituner Sweden","robots":{"index":"noindex","follow":"follow","max-snippet":"max-snippet:-1","max-image-preview":"max-image-preview:large","max-video-preview":"max-video-preview:-1"},"og_locale":"sv_SE","og_type":"article","og_title":"Kontakt - Medituner Sweden","og_url":"https:\/\/dev.medituner.com\/se\/contact\/","og_site_name":"Medituner Sweden","article_modified_time":"2024-03-04T12:46:50+00:00","twitter_card":"summary_large_image","schema":{"@context":"https:\/\/schema.org","@graph":[{"@type":"WebPage","@id":"https:\/\/dev.medituner.com\/se\/contact\/","url":"https:\/\/dev.medituner.com\/se\/contact\/","name":"Kontakt - Medituner Sweden","isPartOf":{"@id":"https:\/\/dev.medituner.com\/se\/#website"},"datePublished":"2023-12-19T10:15:57+00:00","dateModified":"2024-03-04T12:46:50+00:00","breadcrumb":{"@id":"https:\/\/dev.medituner.com\/se\/contact\/#breadcrumb"},"inLanguage":"sv-SE","potentialAction":[{"@type":"ReadAction","target":["https:\/\/dev.medituner.com\/se\/contact\/"]}]},{"@type":"BreadcrumbList","@id":"https:\/\/dev.medituner.com\/se\/contact\/#breadcrumb","itemListElement":[{"@type":"ListItem","position":1,"name":"Home","item":"https:\/\/dev.medituner.com\/se\/"},{"@type":"ListItem","position":2,"name":"Kontakt"}]},{"@type":"WebSite","@id":"https:\/\/dev.medituner.com\/se\/#website","url":"https:\/\/dev.medituner.com\/se\/","name":"Medituner Sweden","description":"","potentialAction":[{"@type":"SearchAction","target":{"@type":"EntryPoint","urlTemplate":"https:\/\/dev.medituner.com\/se\/?s={search_term_string}"},"query-input":{"@type":"PropertyValueSpecification","valueRequired":true,"valueName":"search_term_string"}}],"inLanguage":"sv-SE"}]}},"_links":{"self":[{"href":"https:\/\/dev.medituner.com\/se\/wp-json\/wp\/v2\/pages\/526","targetHints":{"allow":["GET"]}}],"collection":[{"href":"https:\/\/dev.medituner.com\/se\/wp-json\/wp\/v2\/pages"}],"about":[{"href":"https:\/\/dev.medituner.com\/se\/wp-json\/wp\/v2\/types\/page"}],"author":[{"embeddable":true,"href":"https:\/\/dev.medituner.com\/se\/wp-json\/wp\/v2\/users\/1"}],"replies":[{"embeddable":true,"href":"https:\/\/dev.medituner.com\/se\/wp-json\/wp\/v2\/comments?post=526"}],"version-history":[{"count":20,"href":"https:\/\/dev.medituner.com\/se\/wp-json\/wp\/v2\/pages\/526\/revisions"}],"predecessor-version":[{"id":1475,"href":"https:\/\/dev.medituner.com\/se\/wp-json\/wp\/v2\/pages\/526\/revisions\/1475"}],"wp:attachment":[{"href":"https:\/\/dev.medituner.com\/se\/wp-json\/wp\/v2\/media?parent=526"}],"curies":[{"name":"wp","href":"https:\/\/api.w.org\/{rel}","templated":true}]}}