{"id":527,"date":"2023-12-12T19:12:48","date_gmt":"2023-12-12T19:12:48","guid":{"rendered":"https:\/\/dev.medituner.com\/se\/home\/"},"modified":"2024-02-21T09:52:26","modified_gmt":"2024-02-21T09:52:26","slug":"home","status":"publish","type":"page","link":"https:\/\/dev.medituner.com\/se\/","title":{"rendered":"Hem"},"content":{"rendered":"<section class=\"section-hero\">\r\n    <div class=\"background\" style=\"background-image: url('https:\/\/dev.medituner.com\/se\/wp-content\/uploads\/sites\/2\/2023\/12\/MediTuner-main-page-hero-8-8-23.jpg');\"><\/div>\r\n    <div class=\"content\">\r\n        <h1>Framtidens lungv\u00e5rd<\/h1>\r\n        <p>Med v\u00e5ra verktyg \u00e4r det l\u00e4ttare \u00e4n n\u00e5gonsin f\u00f6r v\u00e5rdgivare och patienter att samarbeta mot en livsstil d\u00e4r symtomen inte st\u00e5r i v\u00e4gen.<\/p>\r\n        <div class=\"button-container\">\r\n                            <a class=\"button\" href=\"\/se\/patients\"> Patienter<\/a>\r\n                            <a class=\"button button-white\" href=\"\/se\/clinicians\">V\u00e5rdgivare<\/a>\r\n                    <\/div>\r\n    <\/div>\r\n<\/section>\n\n    <section class=\"section-counter\">\r\n        <div class=\"counter-container\">\r\n                            <h2 class=\"counter-wrapper\">\r\n                    <span class=\"counter-number-wrapper\">\r\n                        <span class=\"counter-number\" data-duration=\"2000\" data-to-value=\"5000\" data-from-value=\"0\">5000<\/span>\r\n                        <span class=\"counter-suffix\">+<\/span>\r\n                    <\/span>\r\n                    <span class=\"counter-title\">Patienter<\/span>\r\n                <\/h2>\r\n                            <h2 class=\"counter-wrapper\">\r\n                    <span class=\"counter-number-wrapper\">\r\n                        <span class=\"counter-number\" data-duration=\"2000\" data-to-value=\"150\" data-from-value=\"0\">150<\/span>\r\n                        <span class=\"counter-suffix\">+<\/span>\r\n                    <\/span>\r\n                    <span class=\"counter-title\">Partnerkliniker<\/span>\r\n                <\/h2>\r\n                            <h2 class=\"counter-wrapper\">\r\n                    <span class=\"counter-number-wrapper\">\r\n                        <span class=\"counter-number\" data-duration=\"2000\" data-to-value=\"1000\" data-from-value=\"0\">1000<\/span>\r\n                        <span class=\"counter-suffix\">+<\/span>\r\n                    <\/span>\r\n                    <span class=\"counter-title\">V\u00e5rdgivare<\/span>\r\n                <\/h2>\r\n                    <\/div>\r\n    <\/section>\r\n\n\n\r\n<section class=\"section-providers\">\r\n    <div class=\"container\">\r\n                    <div class=\"img-wrapper\">\r\n                <img decoding=\"async\" src=\"https:\/\/dev.medituner.com\/se\/wp-content\/uploads\/sites\/2\/2023\/12\/MediTuner-our-products-healthcare-2-768x1149.jpg\" alt=\"\">\r\n            <\/div>\r\n                <div class=\"content\">\r\n            <h2>Nu kan jag enkelt hj\u00e4lpa och f\u00f6lja patienter utan att de beh\u00f6ver l\u00e4mna hemmet<\/h2>\r\n            <p>V\u00e5ra bepr\u00f6vade metoder, enkla tester, personliga v\u00e5rdplaner, effektiva uppf\u00f6ljningar och patientutbildning samverkar f\u00f6r att hj\u00e4lpa dig att ge exceptionell v\u00e5rd.<\/p>\r\n\r\n                            <ul>\r\n                                            <li>\r\n                            <img decoding=\"async\" src=\"https:\/\/dev.medituner.com\/se\/wp-content\/themes\/medituner\/img\/icon-check.svg\" alt=\"Icon check\">\r\n                            <span class=\"elementor-icon-list-text\">Bevisade h\u00e4lsovinster<\/span>\r\n                        <\/li>\r\n                                            <li>\r\n                            <img decoding=\"async\" src=\"https:\/\/dev.medituner.com\/se\/wp-content\/themes\/medituner\/img\/icon-check.svg\" alt=\"Icon check\">\r\n                            <span class=\"elementor-icon-list-text\">Personliga behandlingsplaner<\/span>\r\n                        <\/li>\r\n                                            <li>\r\n                            <img decoding=\"async\" src=\"https:\/\/dev.medituner.com\/se\/wp-content\/themes\/medituner\/img\/icon-check.svg\" alt=\"Icon check\">\r\n                            <span class=\"elementor-icon-list-text\">Enkel testning<\/span>\r\n                        <\/li>\r\n                                            <li>\r\n                            <img decoding=\"async\" src=\"https:\/\/dev.medituner.com\/se\/wp-content\/themes\/medituner\/img\/icon-check.svg\" alt=\"Icon check\">\r\n                            <span class=\"elementor-icon-list-text\">Effektiva uppf\u00f6ljningar<\/span>\r\n                        <\/li>\r\n                                            <li>\r\n                            <img decoding=\"async\" src=\"https:\/\/dev.medituner.com\/se\/wp-content\/themes\/medituner\/img\/icon-check.svg\" alt=\"Icon check\">\r\n                            <span class=\"elementor-icon-list-text\">F\u00f6rb\u00e4ttrad patientutbildning<\/span>\r\n                        <\/li>\r\n                                    <\/ul>\r\n            \r\n                            <a class=\"button\" href=\"\/se\/clinicians\">Se hur vi st\u00f6djer v\u00e5rdgivare<\/a>\r\n            \r\n        <\/div>\r\n    <\/div>\r\n<\/section>\n\n\r\n<section class=\"section-providers section-clinicians background-brand\">\r\n    <div class=\"container\">\r\n        <div class=\"img-wrapper\">\r\n                            <img decoding=\"async\" src=\"https:\/\/dev.medituner.com\/se\/wp-content\/uploads\/sites\/2\/2023\/12\/Home-Page-photo-2-768x768.jpg\" src=\"\">\r\n                    <\/div>\r\n        <div class=\"content\">\r\n            <h2>Jag borde inte beh\u00f6va en doktorsexamen f\u00f6r att f\u00f6rst\u00e5 vad som h\u00e4nder i min egen kropp<\/h2>\r\n            <p>V\u00e5ra intuitiva verktyg ger patienter och deras n\u00e4ra och k\u00e4ra allt de beh\u00f6ver f\u00f6r att f\u00f6lja, behandla och f\u00f6rst\u00e5 deras lungsjukdom.<\/p>\r\n\r\n                            <ul>\r\n                                            <li>\r\n                            <img decoding=\"async\" src=\"https:\/\/dev.medituner.com\/se\/wp-content\/themes\/medituner\/img\/icon-check.svg\" alt=\"icon check\">\r\n                            <span class=\"elementor-icon-list-text\">F\u00f6rst\u00e5 dina triggers<\/span>\r\n                        <\/li>\r\n                                            <li>\r\n                            <img decoding=\"async\" src=\"https:\/\/dev.medituner.com\/se\/wp-content\/themes\/medituner\/img\/icon-check.svg\" alt=\"icon check\">\r\n                            <span class=\"elementor-icon-list-text\">Stoppa symptom snabbare<\/span>\r\n                        <\/li>\r\n                                            <li>\r\n                            <img decoding=\"async\" src=\"https:\/\/dev.medituner.com\/se\/wp-content\/themes\/medituner\/img\/icon-check.svg\" alt=\"icon check\">\r\n                            <span class=\"elementor-icon-list-text\">Mindre sjukdagar<\/span>\r\n                        <\/li>\r\n                                            <li>\r\n                            <img decoding=\"async\" src=\"https:\/\/dev.medituner.com\/se\/wp-content\/themes\/medituner\/img\/icon-check.svg\" alt=\"icon check\">\r\n                            <span class=\"elementor-icon-list-text\">Sinnesro f\u00f6r n\u00e4ra och k\u00e4ra<\/span>\r\n                        <\/li>\r\n                                    <\/ul>\r\n            \r\n                            <a class=\"button\" href=\"\/se\/patients\">Se hur vi hj\u00e4lper patienter<\/a>\r\n            \r\n        <\/div>\r\n    <\/div>\r\n<\/section>\n\n<section class=\"section-collaboration\">\r\n    <div class=\"container\">\r\n        <h2>MediTuner i samarbete med Karolinska Institutet<\/h2>\r\n        <div class=\"bg\">\r\n                            <img decoding=\"async\" src=\"https:\/\/dev.medituner.com\/se\/wp-content\/uploads\/sites\/2\/2023\/12\/Karolinska-Institutet-photo.jpg\" alt=\"\">\r\n                    <\/div>\r\n        <p>MediTuner grundades 2014 av tv\u00e5 specialister p\u00e5 luftv\u00e4gssjukdomar och \u00e4r dedikerat till att skapa banbrytande egenv\u00e5rdssystem och hemdiagnostik f\u00f6r lungsjukdomar. V\u00e5rt m\u00e5l: Ge patienter m\u00f6jlighet att leva symtomfria liv.<\/p>\r\n        <a class=\"button\" href=\"\/se\/about\">Om oss<\/a>\r\n    <\/div>\r\n<\/section>","protected":false},"excerpt":{"rendered":"","protected":false},"author":1,"featured_media":0,"parent":0,"menu_order":0,"comment_status":"closed","ping_status":"closed","template":"","meta":{"_acf_changed":false,"footnotes":""},"class_list":["post-527","page","type-page","status-publish","hentry"],"acf":[],"yoast_head":"<!-- This site is optimized with the Yoast SEO plugin v27.2 - https:\/\/yoast.com\/product\/yoast-seo-wordpress\/ -->\n<title>Hem - Medituner Sweden<\/title>\n<meta name=\"robots\" content=\"noindex, follow, max-snippet:-1, max-image-preview:large, max-video-preview:-1\" \/>\n<meta property=\"og:locale\" content=\"sv_SE\" \/>\n<meta property=\"og:type\" content=\"article\" \/>\n<meta property=\"og:title\" content=\"Hem - Medituner Sweden\" \/>\n<meta property=\"og:url\" content=\"https:\/\/dev.medituner.com\/se\/\" \/>\n<meta property=\"og:site_name\" content=\"Medituner Sweden\" \/>\n<meta property=\"article:modified_time\" content=\"2024-02-21T09:52:26+00:00\" \/>\n<meta name=\"twitter:card\" content=\"summary_large_image\" \/>\n<script type=\"application\/ld+json\" class=\"yoast-schema-graph\">{\"@context\":\"https:\/\/schema.org\",\"@graph\":[{\"@type\":\"WebPage\",\"@id\":\"https:\/\/dev.medituner.com\/se\/\",\"url\":\"https:\/\/dev.medituner.com\/se\/\",\"name\":\"Hem - Medituner Sweden\",\"isPartOf\":{\"@id\":\"https:\/\/dev.medituner.com\/se\/#website\"},\"datePublished\":\"2023-12-12T19:12:48+00:00\",\"dateModified\":\"2024-02-21T09:52:26+00:00\",\"breadcrumb\":{\"@id\":\"https:\/\/dev.medituner.com\/se\/#breadcrumb\"},\"inLanguage\":\"sv-SE\",\"potentialAction\":[{\"@type\":\"ReadAction\",\"target\":[\"https:\/\/dev.medituner.com\/se\/\"]}]},{\"@type\":\"BreadcrumbList\",\"@id\":\"https:\/\/dev.medituner.com\/se\/#breadcrumb\",\"itemListElement\":[{\"@type\":\"ListItem\",\"position\":1,\"name\":\"Home\",\"item\":\"https:\/\/dev.medituner.com\/se\/\"},{\"@type\":\"ListItem\",\"position\":2,\"name\":\"Hem\"}]},{\"@type\":\"WebSite\",\"@id\":\"https:\/\/dev.medituner.com\/se\/#website\",\"url\":\"https:\/\/dev.medituner.com\/se\/\",\"name\":\"Medituner Sweden\",\"description\":\"\",\"potentialAction\":[{\"@type\":\"SearchAction\",\"target\":{\"@type\":\"EntryPoint\",\"urlTemplate\":\"https:\/\/dev.medituner.com\/se\/?s={search_term_string}\"},\"query-input\":{\"@type\":\"PropertyValueSpecification\",\"valueRequired\":true,\"valueName\":\"search_term_string\"}}],\"inLanguage\":\"sv-SE\"}]}<\/script>\n<!-- \/ Yoast SEO plugin. -->","yoast_head_json":{"title":"Hem - Medituner Sweden","robots":{"index":"noindex","follow":"follow","max-snippet":"max-snippet:-1","max-image-preview":"max-image-preview:large","max-video-preview":"max-video-preview:-1"},"og_locale":"sv_SE","og_type":"article","og_title":"Hem - Medituner Sweden","og_url":"https:\/\/dev.medituner.com\/se\/","og_site_name":"Medituner Sweden","article_modified_time":"2024-02-21T09:52:26+00:00","twitter_card":"summary_large_image","schema":{"@context":"https:\/\/schema.org","@graph":[{"@type":"WebPage","@id":"https:\/\/dev.medituner.com\/se\/","url":"https:\/\/dev.medituner.com\/se\/","name":"Hem - Medituner Sweden","isPartOf":{"@id":"https:\/\/dev.medituner.com\/se\/#website"},"datePublished":"2023-12-12T19:12:48+00:00","dateModified":"2024-02-21T09:52:26+00:00","breadcrumb":{"@id":"https:\/\/dev.medituner.com\/se\/#breadcrumb"},"inLanguage":"sv-SE","potentialAction":[{"@type":"ReadAction","target":["https:\/\/dev.medituner.com\/se\/"]}]},{"@type":"BreadcrumbList","@id":"https:\/\/dev.medituner.com\/se\/#breadcrumb","itemListElement":[{"@type":"ListItem","position":1,"name":"Home","item":"https:\/\/dev.medituner.com\/se\/"},{"@type":"ListItem","position":2,"name":"Hem"}]},{"@type":"WebSite","@id":"https:\/\/dev.medituner.com\/se\/#website","url":"https:\/\/dev.medituner.com\/se\/","name":"Medituner Sweden","description":"","potentialAction":[{"@type":"SearchAction","target":{"@type":"EntryPoint","urlTemplate":"https:\/\/dev.medituner.com\/se\/?s={search_term_string}"},"query-input":{"@type":"PropertyValueSpecification","valueRequired":true,"valueName":"search_term_string"}}],"inLanguage":"sv-SE"}]}},"_links":{"self":[{"href":"https:\/\/dev.medituner.com\/se\/wp-json\/wp\/v2\/pages\/527","targetHints":{"allow":["GET"]}}],"collection":[{"href":"https:\/\/dev.medituner.com\/se\/wp-json\/wp\/v2\/pages"}],"about":[{"href":"https:\/\/dev.medituner.com\/se\/wp-json\/wp\/v2\/types\/page"}],"author":[{"embeddable":true,"href":"https:\/\/dev.medituner.com\/se\/wp-json\/wp\/v2\/users\/1"}],"replies":[{"embeddable":true,"href":"https:\/\/dev.medituner.com\/se\/wp-json\/wp\/v2\/comments?post=527"}],"version-history":[{"count":17,"href":"https:\/\/dev.medituner.com\/se\/wp-json\/wp\/v2\/pages\/527\/revisions"}],"predecessor-version":[{"id":1238,"href":"https:\/\/dev.medituner.com\/se\/wp-json\/wp\/v2\/pages\/527\/revisions\/1238"}],"wp:attachment":[{"href":"https:\/\/dev.medituner.com\/se\/wp-json\/wp\/v2\/media?parent=527"}],"curies":[{"name":"wp","href":"https:\/\/api.w.org\/{rel}","templated":true}]}}