{"id":641,"date":"2024-02-02T08:54:50","date_gmt":"2024-02-02T08:54:50","guid":{"rendered":"https:\/\/dev.medituner.com\/se\/home\/about\/"},"modified":"2024-05-20T11:56:58","modified_gmt":"2024-05-20T11:56:58","slug":"about","status":"publish","type":"page","link":"https:\/\/dev.medituner.com\/se\/home\/about\/","title":{"rendered":"About"},"content":{"rendered":"<section class=\"section-content section-hero-image\">\r\n    <div class=\"container\">\r\n        <div class=\"content\">\r\n            <h1>Vi vill ge patienter m\u00f6jligheten att ta hand om sin h\u00e4lsa och m\u00e5 b\u00e4ttre<\/h1>\r\n            <p>V\u00e5r resa b\u00f6rjade 2014, med tv\u00e5 experter p\u00e5 luftv\u00e4gssjukdomar. V\u00e5rt fokus? Skapa enkla egenv\u00e5rdsverktyg och hemtester f\u00f6r olika lungtillst\u00e5nd. Det \u00e4r en sp\u00e4nnande resa vi \u00e4r p\u00e5, och vi vill g\u00e4rna att du \u00e4r med.<\/p>\r\n            <div class=\"button-container\">\r\n                            <\/div>\r\n        <\/div>\r\n                    <div class=\"background\">\r\n                <img decoding=\"async\" src=\"https:\/\/dev.medituner.com\/se\/wp-content\/uploads\/sites\/2\/2024\/02\/about1-768x576.png\" alt=\"\">\r\n            <\/div>\r\n            <\/div>\r\n<\/section>\n\n        <section class=\"section-content \">\r\n            <div class=\"container\">\r\n                                <div class=\"img-wrapper\">\r\n                    <img decoding=\"async\" src=\"https:\/\/dev.medituner.com\/se\/wp-content\/uploads\/sites\/2\/2024\/02\/about2-768x615.png\" alt=\"\">\r\n                <\/div>\r\n                                <div class=\"content\">\r\n                    <h2>MediTuners historia<\/h2>\r\n                    <div><p>V\u00e5r historia b\u00f6rjade genom ett samarbete mellan Bj\u00f6rn Nordlund, en engagerad forskningssjuksk\u00f6terska, och Henrik Ljungberg, en respekterad pediatrisk lungl\u00e4kare vid Astrid Lindgrens barnsjukhus.<\/p>\n<p>&nbsp;<\/p>\n<p>N\u00e4r de arbetade n\u00e4ra patienterna ins\u00e5g de ett \u00e5terkommande behov bland dem som lever med astma \u2013 ett behov av kontinuerlig v\u00e4gledning ut\u00f6ver enstaka sjukhusbes\u00f6k. De repetitiva r\u00e5d som ges till patienter visade p\u00e5 en m\u00f6jliglhet att f\u00f6renkla processen och erbjuda konsekvent st\u00f6d utanf\u00f6r inbokade m\u00f6ten.<\/p>\n<p>&nbsp;<\/p>\n<p>Den h\u00e4r insikten gav liv till AsthmaTuner. Ett verktyg som skulle st\u00e4rka individer med astma, och s\u00e4kerst\u00e4lla att viktig information alltid finns inom r\u00e4ckh\u00e5ll.<\/p>\n<\/div>\r\n                <\/div>\r\n            <\/div>\r\n        <\/section>\r\n        <section class=\"section-content section-content-revert\">\r\n            <div class=\"container\">\r\n                                <div class=\"img-wrapper\">\r\n                    <img decoding=\"async\" src=\"https:\/\/dev.medituner.com\/se\/wp-content\/uploads\/sites\/2\/2024\/02\/about3-768x615.png\" alt=\"\">\r\n                <\/div>\r\n                                <div class=\"content\">\r\n                    <h2>H\u00e4r \u00e4r vi nu<\/h2>\r\n                    <div><p>Idag har MediTuner v\u00e4xt och blivit en ledande kraft inom lungv\u00e5rd. Vi t\u00e4cker nu ett bredare spektrum av lungsjukdomar. V\u00e5rt m\u00e5l \u00e4r detsamma: att f\u00f6renkla diagnostisering, skapa personliga behandlingsplaner och f\u00f6rb\u00e4ttra uppf\u00f6ljningar. Med denna expandering \u00e4r vi mer dedikerade \u00e4n n\u00e5gonsin att hj\u00e4lpa b\u00e5de patienter och v\u00e5rdgivare. F\u00f6lj med oss n\u00e4r vi forts\u00e4tter p\u00e5 denna resa f\u00f6r att g\u00f6ra andningen l\u00e4ttare f\u00f6r alla.<\/p>\n<\/div>\r\n                <\/div>\r\n            <\/div>\r\n        <\/section>\r\n\n\n\r\n    <section class=\"section-about background-brand\">\r\n        <div class=\"container\">\r\n            <h2>V\u00e5ra produkter \u00e4r<\/h2>\r\n            <div class=\"info\">\r\n                                    <div class=\"item\">\r\n                        <div class=\"img\">\r\n                                                            <img decoding=\"async\" src=\"https:\/\/dev.medituner.com\/se\/wp-content\/uploads\/sites\/2\/2024\/02\/products1.svg\" alt=\"\">\r\n                                                    <\/div>\r\n                        <h3>Kliniskt validerade<\/h3>\r\n                        <p>V\u00e5ra l\u00f6sningar st\u00f6ds av forskning. Vilket s\u00e4kerst\u00e4ller deras effektivitet och tillf\u00f6rlitlighet att f\u00f6rb\u00e4ttra lungh\u00e4lsan.<\/p>\r\n                    <\/div>\r\n                                    <div class=\"item\">\r\n                        <div class=\"img\">\r\n                                                            <img decoding=\"async\" src=\"https:\/\/dev.medituner.com\/se\/wp-content\/uploads\/sites\/2\/2024\/02\/products2.svg\" alt=\"\">\r\n                                                    <\/div>\r\n                        <h3>CE-m\u00e4rkt och FDA-godk\u00e4nd<\/h3>\r\n                        <p>Detta dubbla st\u00f6d garanterar s\u00e4kerheten, effektiviteten och kvaliteten p\u00e5 v\u00e5ra l\u00f6sningar.<\/p>\r\n                    <\/div>\r\n                                    <div class=\"item\">\r\n                        <div class=\"img\">\r\n                                                            <img decoding=\"async\" src=\"https:\/\/dev.medituner.com\/se\/wp-content\/uploads\/sites\/2\/2024\/02\/products3.svg\" alt=\"\">\r\n                                                    <\/div>\r\n                        <h3>Byggt p\u00e5 starka partnerskap<\/h3>\r\n                        <p>V\u00e5ra samarbeten med ledande medicinska institutioner och organisationer understryker v\u00e5rt engagemang f\u00f6r kvalitet.<\/p>\r\n                    <\/div>\r\n                                    <div class=\"item\">\r\n                        <div class=\"img\">\r\n                                                            <img decoding=\"async\" src=\"https:\/\/dev.medituner.com\/se\/wp-content\/uploads\/sites\/2\/2024\/02\/products4.svg\" alt=\"\">\r\n                                                    <\/div>\r\n                        <h3>Anv\u00e4ndarv\u00e4nligt<\/h3>\r\n                        <p>Designade med anv\u00e4ndarupplevelsen i \u00e5tanke, v\u00e5ra produkter \u00e4r l\u00e4tta att anv\u00e4nda och fr\u00e4mjar patientengagemang och f\u00f6ljsamhet.<\/p>\r\n                    <\/div>\r\n                                    <div class=\"item\">\r\n                        <div class=\"img\">\r\n                                                            <img decoding=\"async\" src=\"https:\/\/dev.medituner.com\/se\/wp-content\/uploads\/sites\/2\/2024\/02\/products5.svg\" alt=\"\">\r\n                                                    <\/div>\r\n                        <h3>St\u00f6ttade<\/h3>\r\n                        <p>V\u00e5rt dedikerade supportteam \u00e4r alltid tillg\u00e4ngligt f\u00f6r att svara p\u00e5 eventuella fr\u00e5gor eller funderingar, vilket s\u00e4kerst\u00e4ller en smidig upplevelse f\u00f6r v\u00e5ra anv\u00e4ndare.<\/p>\r\n                    <\/div>\r\n                            <\/div>\r\n        <\/div>\r\n    <\/section>\r\n\n\n\r\n<section class=\"section-content section-content-revert\">\r\n    <div class=\"container\">\r\n                    <div class=\"img-wrapper\">\r\n                <img decoding=\"async\" src=\"https:\/\/dev.medituner.com\/se\/wp-content\/uploads\/sites\/2\/2024\/02\/about4-768x615.png\" alt=\"\">\r\n            <\/div>\r\n                <div class=\"content\">\r\n            <h2>L\u00e4s mer om forskningen bakom v\u00e5ra verktyg<\/h2>\r\n            <p>Djupdyk i forskningen som driver v\u00e5ra verktyg! Utforska studierna som visar effekten av v\u00e5ra l\u00f6sningar<\/p>\r\n                            <a class=\"button\" href=\"\/se\/evidence\">Se bevisen<\/a>\r\n            \r\n        <\/div>\r\n    <\/div>\r\n<\/section>\n\n\r\n    <section class=\"section-about section-awards background-brand\">\r\n        <div class=\"container\">\r\n            <h2>Utm\u00e4rkelser och erk\u00e4nnanden<\/h2>\r\n            <p>Dessa utm\u00e4rkelser betyder mycket f\u00f6r oss. De \u00e4r som sm\u00e5 klappar p\u00e5 axeln fr\u00e5n v\u00e5rdproffs och patienter som har trott p\u00e5 oss. F\u00f6r oss handlar det fr\u00e4mst om b\u00e4ttre anv\u00e4ndbarhet, f\u00f6rb\u00e4ttrad lungv\u00e5rd och v\u00e4lbefinnande. S\u00e5 att bli erk\u00e4nd f\u00f6r det? Det \u00e4r v\u00e4rmer verkligen v\u00e5ra hj\u00e4rtan.<\/p>\r\n            <div class=\"info\">\r\n                                    <div class=\"item\">\r\n                        <div class=\"img\">\r\n                                                            <img decoding=\"async\" src=\"https:\/\/dev.medituner.com\/se\/wp-content\/uploads\/sites\/2\/2024\/02\/awards1.png\" alt=\"\">\r\n                                                    <\/div>\r\n                        <h3>Startup of the Year<\/h3>\r\n                        <p>Techarenan 2023<\/h3>\r\n                        <p>Entrepren\u00f6rt\u00e4vlingen f\u00f6r Nordens b\u00e4sta startup- och tillv\u00e4xtf\u00f6retag<\/p>\r\n                    <\/div>\r\n                                    <div class=\"item\">\r\n                        <div class=\"img\">\r\n                                                            <img decoding=\"async\" src=\"https:\/\/dev.medituner.com\/se\/wp-content\/uploads\/sites\/2\/2024\/02\/awards2.png\" alt=\"\">\r\n                                                    <\/div>\r\n                        <h3>B\u00e4sta Teknologi f\u00f6r Astma<\/h3>\r\n                        <p>EFA 2023<\/h3>\r\n                        <p>Hedrar digitala h\u00e4lsoinsatser som fokuserar p\u00e5 patienter genom design, tillg\u00e4nglighet och effektivitet<\/p>\r\n                    <\/div>\r\n                                    <div class=\"item\">\r\n                        <div class=\"img\">\r\n                                                            <img decoding=\"async\" src=\"https:\/\/dev.medituner.com\/se\/wp-content\/uploads\/sites\/2\/2024\/02\/awards3.png\" alt=\"\">\r\n                                                    <\/div>\r\n                        <h3>Athena Priset<\/h3>\r\n                        <p>2021<\/h3>\r\n                        <p>Sveriges st\u00f6rsta pris f\u00f6r forskning och innovation<\/p>\r\n                    <\/div>\r\n                                    <div class=\"item\">\r\n                        <div class=\"img\">\r\n                                                            <img decoding=\"async\" src=\"https:\/\/dev.medituner.com\/se\/wp-content\/uploads\/sites\/2\/2024\/02\/awards4.png\" alt=\"\">\r\n                                                    <\/div>\r\n                        <h3>InUse Award<\/h3>\r\n                        <p>2020<\/h3>\r\n                        <p>Ett designpris f\u00f6r Sveriges b\u00e4sta anv\u00e4ndarupplevelse<\/p>\r\n                    <\/div>\r\n                            <\/div>\r\n        <\/div>\r\n    <\/section>\r\n\n\n<section class=\"section-team\">\r\n    <div class=\"container\">\r\n        <h2>M\u00f6t grundarna<\/h2>\r\n                    <div class=\"team\">\r\n                                    <div class=\"item\">\r\n                        <div class=\"img\">\r\n                                                            <img decoding=\"async\" src=\"https:\/\/dev.medituner.com\/se\/wp-content\/uploads\/sites\/2\/2024\/02\/team1.png\" alt=\"\">\r\n                                                    <\/div>\r\n                        <h3>Henrik Ljungberg<\/h3>\r\n                        <p>Grundare och l\u00e4kare<\/p>\r\n                    <\/div>\r\n                                    <div class=\"item\">\r\n                        <div class=\"img\">\r\n                                                            <img decoding=\"async\" src=\"https:\/\/dev.medituner.com\/se\/wp-content\/uploads\/sites\/2\/2024\/02\/team2.png\" alt=\"\">\r\n                                                    <\/div>\r\n                        <h3>Bj\u00f6rn Nordlund<\/h3>\r\n                        <p>Grundare och forskare<\/p>\r\n                    <\/div>\r\n                            <\/div>\r\n            <\/div>\r\n<\/section>\n\n<section class=\"section-team\">\r\n    <div class=\"container\">\r\n        <h2>M\u00f6t teamet<\/h2>\r\n                    <div class=\"team\">\r\n                                    <div class=\"item\">\r\n                        <div class=\"img\">\r\n                                                            <img decoding=\"async\" src=\"https:\/\/dev.medituner.com\/se\/wp-content\/uploads\/sites\/2\/2024\/02\/team3.png\" alt=\"\">\r\n                                                    <\/div>\r\n                        <h3>Eric Alhanko<\/h3>\r\n                        <p>VD<\/p>\r\n                    <\/div>\r\n                                    <div class=\"item\">\r\n                        <div class=\"img\">\r\n                                                            <img decoding=\"async\" src=\"https:\/\/dev.medituner.com\/se\/wp-content\/uploads\/sites\/2\/2024\/02\/team5.png\" alt=\"\">\r\n                                                    <\/div>\r\n                        <h3>Emma L\u00e5ngstr\u00f6m<\/h3>\r\n                        <p>Produktchef<\/p>\r\n                    <\/div>\r\n                                    <div class=\"item\">\r\n                        <div class=\"img\">\r\n                                                            <img decoding=\"async\" src=\"https:\/\/dev.medituner.com\/se\/wp-content\/uploads\/sites\/2\/2024\/02\/team6.png\" alt=\"\">\r\n                                                    <\/div>\r\n                        <h3>Marcus Dahn<\/h3>\r\n                        <p>Back End Developer<\/p>\r\n                    <\/div>\r\n                                    <div class=\"item\">\r\n                        <div class=\"img\">\r\n                                                            <img decoding=\"async\" src=\"https:\/\/dev.medituner.com\/se\/wp-content\/uploads\/sites\/2\/2024\/02\/team7.png\" alt=\"\">\r\n                                                    <\/div>\r\n                        <h3>Jalle Lhotsky<\/h3>\r\n                        <p>Customer Success and Support<\/p>\r\n                    <\/div>\r\n                                    <div class=\"item\">\r\n                        <div class=\"img\">\r\n                                                            <img decoding=\"async\" src=\"https:\/\/dev.medituner.com\/se\/wp-content\/uploads\/sites\/2\/2024\/02\/team8.png\" alt=\"\">\r\n                                                    <\/div>\r\n                        <h3>Dmitriy Mankov<\/h3>\r\n                        <p>Front End-utvecklare<\/p>\r\n                    <\/div>\r\n                                    <div class=\"item\">\r\n                        <div class=\"img\">\r\n                                                            <img decoding=\"async\" src=\"https:\/\/dev.medituner.com\/se\/wp-content\/uploads\/sites\/2\/2024\/02\/team9.png\" alt=\"\">\r\n                                                    <\/div>\r\n                        <h3>Karlijn Van Herpen<\/h3>\r\n                        <p>Head of QA\/RA<\/p>\r\n                    <\/div>\r\n                                    <div class=\"item\">\r\n                        <div class=\"img\">\r\n                                                            <img decoding=\"async\" src=\"https:\/\/dev.medituner.com\/se\/wp-content\/uploads\/sites\/2\/2024\/02\/team10.png\" alt=\"\">\r\n                                                    <\/div>\r\n                        <h3>Johanna Edoff<\/h3>\r\n                        <p>Studie- och implementationsansvarig<\/p>\r\n                    <\/div>\r\n                                    <div class=\"item\">\r\n                        <div class=\"img\">\r\n                                                            <img decoding=\"async\" src=\"https:\/\/dev.medituner.com\/se\/wp-content\/uploads\/sites\/2\/2024\/02\/team11.png\" alt=\"\">\r\n                                                    <\/div>\r\n                        <h3>Elias Kronberg<\/h3>\r\n                        <p>Back End Lead<\/p>\r\n                    <\/div>\r\n                                    <div class=\"item\">\r\n                        <div class=\"img\">\r\n                                                            <img decoding=\"async\" src=\"https:\/\/dev.medituner.com\/se\/wp-content\/uploads\/sites\/2\/2024\/02\/team12.png\" alt=\"\">\r\n                                                    <\/div>\r\n                        <h3>Isabella Smolarski<\/h3>\r\n                        <p>UX Design Lead<\/p>\r\n                    <\/div>\r\n                                    <div class=\"item\">\r\n                        <div class=\"img\">\r\n                                                            <img decoding=\"async\" src=\"https:\/\/dev.medituner.com\/se\/wp-content\/uploads\/sites\/2\/2024\/02\/team13.png\" alt=\"\">\r\n                                                    <\/div>\r\n                        <h3>Joakim Bauman<\/h3>\r\n                        <p>Chief Technical Officer<\/p>\r\n                    <\/div>\r\n                                    <div class=\"item\">\r\n                        <div class=\"img\">\r\n                                                            <img decoding=\"async\" src=\"https:\/\/dev.medituner.com\/se\/wp-content\/uploads\/sites\/2\/2024\/02\/team14.png\" alt=\"\">\r\n                                                    <\/div>\r\n                        <h3>Martine S\u00f8berg Isachsen<\/h3>\r\n                        <p>Studie- och implementationsansvarig<\/p>\r\n                    <\/div>\r\n                                    <div class=\"item\">\r\n                        <div class=\"img\">\r\n                                                            <img decoding=\"async\" src=\"https:\/\/dev.medituner.com\/se\/wp-content\/uploads\/sites\/2\/2024\/02\/team15.png\" alt=\"\">\r\n                                                    <\/div>\r\n                        <h3>Anna Carleborg<\/h3>\r\n                        <p>Chief Commercial Officer<\/p>\r\n                    <\/div>\r\n                                    <div class=\"item\">\r\n                        <div class=\"img\">\r\n                                                            <img decoding=\"async\" src=\"https:\/\/dev.medituner.com\/se\/wp-content\/uploads\/sites\/2\/2024\/02\/team16.png\" alt=\"\">\r\n                                                    <\/div>\r\n                        <h3>Nick Fomin<\/h3>\r\n                        <p>iOS Lead<\/p>\r\n                    <\/div>\r\n                                    <div class=\"item\">\r\n                        <div class=\"img\">\r\n                                                            <img decoding=\"async\" src=\"https:\/\/dev.medituner.com\/se\/wp-content\/uploads\/sites\/2\/2024\/02\/team17.png\" alt=\"\">\r\n                                                    <\/div>\r\n                        <h3>Nicklas Oxhammar<\/h3>\r\n                        <p>Android utvecklare<\/p>\r\n                    <\/div>\r\n                                    <div class=\"item\">\r\n                        <div class=\"img\">\r\n                                                            <img decoding=\"async\" src=\"https:\/\/dev.medituner.com\/se\/wp-content\/uploads\/sites\/2\/2024\/05\/Ingrid-295x300.png\" alt=\"\">\r\n                                                    <\/div>\r\n                        <h3>Ingrid Bratt<\/h3>\r\n                        <p>Head of R&#038;D<\/p>\r\n                    <\/div>\r\n                            <\/div>\r\n            <\/div>\r\n<\/section>","protected":false},"excerpt":{"rendered":"","protected":false},"author":1,"featured_media":0,"parent":527,"menu_order":0,"comment_status":"closed","ping_status":"closed","template":"","meta":{"_acf_changed":false,"footnotes":""},"class_list":["post-641","page","type-page","status-publish","hentry"],"acf":[],"yoast_head":"<!-- This site is optimized with the Yoast SEO plugin v27.2 - https:\/\/yoast.com\/product\/yoast-seo-wordpress\/ -->\n<title>About - Medituner Sweden<\/title>\n<meta name=\"robots\" content=\"noindex, follow, max-snippet:-1, max-image-preview:large, max-video-preview:-1\" \/>\n<meta property=\"og:locale\" content=\"sv_SE\" \/>\n<meta property=\"og:type\" content=\"article\" \/>\n<meta property=\"og:title\" content=\"About - Medituner Sweden\" \/>\n<meta property=\"og:url\" content=\"https:\/\/dev.medituner.com\/se\/home\/about\/\" \/>\n<meta property=\"og:site_name\" content=\"Medituner Sweden\" \/>\n<meta property=\"article:modified_time\" content=\"2024-05-20T11:56:58+00:00\" \/>\n<meta name=\"twitter:card\" content=\"summary_large_image\" \/>\n<script type=\"application\/ld+json\" class=\"yoast-schema-graph\">{\"@context\":\"https:\/\/schema.org\",\"@graph\":[{\"@type\":\"WebPage\",\"@id\":\"https:\/\/dev.medituner.com\/se\/home\/about\/\",\"url\":\"https:\/\/dev.medituner.com\/se\/home\/about\/\",\"name\":\"About - Medituner Sweden\",\"isPartOf\":{\"@id\":\"https:\/\/dev.medituner.com\/se\/#website\"},\"datePublished\":\"2024-02-02T08:54:50+00:00\",\"dateModified\":\"2024-05-20T11:56:58+00:00\",\"breadcrumb\":{\"@id\":\"https:\/\/dev.medituner.com\/se\/home\/about\/#breadcrumb\"},\"inLanguage\":\"sv-SE\",\"potentialAction\":[{\"@type\":\"ReadAction\",\"target\":[\"https:\/\/dev.medituner.com\/se\/home\/about\/\"]}]},{\"@type\":\"BreadcrumbList\",\"@id\":\"https:\/\/dev.medituner.com\/se\/home\/about\/#breadcrumb\",\"itemListElement\":[{\"@type\":\"ListItem\",\"position\":1,\"name\":\"Home\",\"item\":\"https:\/\/dev.medituner.com\/se\/\"},{\"@type\":\"ListItem\",\"position\":2,\"name\":\"Hem\",\"item\":\"https:\/\/dev.medituner.com\/se\/\"},{\"@type\":\"ListItem\",\"position\":3,\"name\":\"About\"}]},{\"@type\":\"WebSite\",\"@id\":\"https:\/\/dev.medituner.com\/se\/#website\",\"url\":\"https:\/\/dev.medituner.com\/se\/\",\"name\":\"Medituner Sweden\",\"description\":\"\",\"potentialAction\":[{\"@type\":\"SearchAction\",\"target\":{\"@type\":\"EntryPoint\",\"urlTemplate\":\"https:\/\/dev.medituner.com\/se\/?s={search_term_string}\"},\"query-input\":{\"@type\":\"PropertyValueSpecification\",\"valueRequired\":true,\"valueName\":\"search_term_string\"}}],\"inLanguage\":\"sv-SE\"}]}<\/script>\n<!-- \/ Yoast SEO plugin. -->","yoast_head_json":{"title":"About - Medituner Sweden","robots":{"index":"noindex","follow":"follow","max-snippet":"max-snippet:-1","max-image-preview":"max-image-preview:large","max-video-preview":"max-video-preview:-1"},"og_locale":"sv_SE","og_type":"article","og_title":"About - Medituner Sweden","og_url":"https:\/\/dev.medituner.com\/se\/home\/about\/","og_site_name":"Medituner Sweden","article_modified_time":"2024-05-20T11:56:58+00:00","twitter_card":"summary_large_image","schema":{"@context":"https:\/\/schema.org","@graph":[{"@type":"WebPage","@id":"https:\/\/dev.medituner.com\/se\/home\/about\/","url":"https:\/\/dev.medituner.com\/se\/home\/about\/","name":"About - Medituner Sweden","isPartOf":{"@id":"https:\/\/dev.medituner.com\/se\/#website"},"datePublished":"2024-02-02T08:54:50+00:00","dateModified":"2024-05-20T11:56:58+00:00","breadcrumb":{"@id":"https:\/\/dev.medituner.com\/se\/home\/about\/#breadcrumb"},"inLanguage":"sv-SE","potentialAction":[{"@type":"ReadAction","target":["https:\/\/dev.medituner.com\/se\/home\/about\/"]}]},{"@type":"BreadcrumbList","@id":"https:\/\/dev.medituner.com\/se\/home\/about\/#breadcrumb","itemListElement":[{"@type":"ListItem","position":1,"name":"Home","item":"https:\/\/dev.medituner.com\/se\/"},{"@type":"ListItem","position":2,"name":"Hem","item":"https:\/\/dev.medituner.com\/se\/"},{"@type":"ListItem","position":3,"name":"About"}]},{"@type":"WebSite","@id":"https:\/\/dev.medituner.com\/se\/#website","url":"https:\/\/dev.medituner.com\/se\/","name":"Medituner Sweden","description":"","potentialAction":[{"@type":"SearchAction","target":{"@type":"EntryPoint","urlTemplate":"https:\/\/dev.medituner.com\/se\/?s={search_term_string}"},"query-input":{"@type":"PropertyValueSpecification","valueRequired":true,"valueName":"search_term_string"}}],"inLanguage":"sv-SE"}]}},"_links":{"self":[{"href":"https:\/\/dev.medituner.com\/se\/wp-json\/wp\/v2\/pages\/641","targetHints":{"allow":["GET"]}}],"collection":[{"href":"https:\/\/dev.medituner.com\/se\/wp-json\/wp\/v2\/pages"}],"about":[{"href":"https:\/\/dev.medituner.com\/se\/wp-json\/wp\/v2\/types\/page"}],"author":[{"embeddable":true,"href":"https:\/\/dev.medituner.com\/se\/wp-json\/wp\/v2\/users\/1"}],"replies":[{"embeddable":true,"href":"https:\/\/dev.medituner.com\/se\/wp-json\/wp\/v2\/comments?post=641"}],"version-history":[{"count":26,"href":"https:\/\/dev.medituner.com\/se\/wp-json\/wp\/v2\/pages\/641\/revisions"}],"predecessor-version":[{"id":1641,"href":"https:\/\/dev.medituner.com\/se\/wp-json\/wp\/v2\/pages\/641\/revisions\/1641"}],"up":[{"embeddable":true,"href":"https:\/\/dev.medituner.com\/se\/wp-json\/wp\/v2\/pages\/527"}],"wp:attachment":[{"href":"https:\/\/dev.medituner.com\/se\/wp-json\/wp\/v2\/media?parent=641"}],"curies":[{"name":"wp","href":"https:\/\/api.w.org\/{rel}","templated":true}]}}