{"id":943,"date":"2024-02-06T13:25:17","date_gmt":"2024-02-06T13:25:17","guid":{"rendered":"https:\/\/dev.medituner.com\/se\/bevis\/"},"modified":"2024-03-05T15:20:54","modified_gmt":"2024-03-05T15:20:54","slug":"evidence","status":"publish","type":"page","link":"https:\/\/dev.medituner.com\/se\/evidence\/","title":{"rendered":"Forskning"},"content":{"rendered":"<section class=\"section-content section-hero-image\">\r\n    <div class=\"container\">\r\n        <div class=\"content\">\r\n            <h1>L\u00e5t oss titta p\u00e5 bevisen<\/h1>\r\n            <p>Djupdyk i forskningen som driver v\u00e5ra verktyg! Utforska studierna nedan som visar effekten av v\u00e5ra l\u00f6sningar inom sjukv\u00e5rden.<\/p>\r\n            <div class=\"button-container\">\r\n                            <\/div>\r\n        <\/div>\r\n                    <div class=\"background\">\r\n                <img decoding=\"async\" src=\"https:\/\/dev.medituner.com\/se\/wp-content\/uploads\/sites\/2\/2024\/03\/Image-768x576.png\" alt=\"\">\r\n            <\/div>\r\n            <\/div>\r\n<\/section>\r\n<section class=\"section-linkbox \">\r\n    <div class=\"container\">\r\n        <h2>Studier p\u00e5 MediTuner-verktyg<\/h2>\r\n        <div class=\"linkbox-wrapper\">\r\n                            <a class=\"item \" href=\"https:\/\/bmjopensem.bmj.com\/content\/9\/3\/e001680\" target=\"_blank\">\r\n                    <p>Publikation \u2022 Anstr\u00e4ngingstest-verktyget<\/p>\r\n                    <h3>Uppt\u00e4ck hur appbaserad spirometri st\u00e4rker idrottare med LAD-symtom genom o\u00f6vervakade f\u00e4ltbaserade ECTs.<\/h3>\r\n                    <div class=\"arrow\"><\/div>\r\n                <\/a>\r\n                            <a class=\"item \" href=\"https:\/\/openres.ersjournals.com\/content\/6\/3\/00259-2020\" target=\"_blank\">\r\n                    <p>Publikation \u2022 Utv\u00e4rderingsverktyget<\/p>\r\n                    <h3>J\u00e4mf\u00f6rt med standardmetoder var AsthmaTuner betydligt mer tidseffektivt f\u00f6r att erh\u00e5lla och analysera seriell PEF vid arbetsrelaterad astma.<\/h3>\r\n                    <div class=\"arrow\"><\/div>\r\n                <\/a>\r\n                            <a class=\"item \" href=\"https:\/\/www.ncbi.nlm.nih.gov\/pmc\/articles\/PMC9008850\/\" target=\"_blank\">\r\n                    <p>Publikation \u2022 Astma Behandlingskoll<\/p>\r\n                    <h3>Att anv\u00e4nda AsthmaTuner g\u00f6r sjuksk\u00f6terskornas arbete effektivare och patienterna mer delaktiga i sin v\u00e5rd.<\/h3>\r\n                    <div class=\"arrow\"><\/div>\r\n                <\/a>\r\n                            <a class=\"item fullwidth\" href=\"https:\/\/erj.ersjournals.com\/content\/54\/5\/1900983\" target=\"_blank\">\r\n                    <p>Publikation \u2022 Astma Behandlingskoll<\/p>\r\n                    <h3>AsthmaTuner f\u00f6rb\u00e4ttrade symtomkontrollen hos patienter med okontrollerad astma j\u00e4mf\u00f6rt med konventionell behandling.<\/h3>\r\n                    <div class=\"arrow\"><\/div>\r\n                <\/a>\r\n                    <\/div>\r\n    <\/div>\r\n<\/section>\r\n<section class=\"section-linkbox \">\r\n    <div class=\"container\">\r\n        <h2>Andra publikationer<\/h2>\r\n        <div class=\"linkbox-wrapper\">\r\n                            <a class=\"item \" href=\"https:\/\/spirometry.com\/media\/documents\/2020\/05\/Comparison-of-a-portable-smart-spirometer.pdf\" target=\"_blank\">\r\n                    <p>Publikation \u2022 Spirometer<\/p>\r\n                    <h3>Spirobank\u00ae smart spirometer \u00e4r en giltig enhet n\u00e4r den anv\u00e4nds med FlowMIR eng\u00e5ngsturbin<\/h3>\r\n                    <div class=\"arrow\"><\/div>\r\n                <\/a>\r\n                            <a class=\"item \" href=\"https:\/\/www.atsjournals.org\/doi\/abs\/10.1164\/ajrccm-conference.2021.203.1_MeetingAbstracts.A2020\" target=\"_blank\">\r\n                    <p>Publikation \u2022 Spirometer<\/p>\r\n                    <h3>Hemspirometri \u00e4r en p\u00e5litlig enhet f\u00f6r \u00f6vervakning av Cystisk Fibros-patienter<\/h3>\r\n                    <div class=\"arrow\"><\/div>\r\n                <\/a>\r\n                            <a class=\"item \" href=\"https:\/\/www.minimetodevurdering.no\/minimetodevurdering\/?id=121033\" target=\"_blank\">\r\n                    <p>Publikation \u2022 Hemmonitorering<\/p>\r\n                    <h3>Sparad arbetstid, \u00f6kad livskvalitet och mer korrekt behandling vid hemuppf\u00f6ljning av luftv\u00e4gssjukdomar<\/h3>\r\n                    <div class=\"arrow\"><\/div>\r\n                <\/a>\r\n                    <\/div>\r\n    <\/div>\r\n<\/section>","protected":false},"excerpt":{"rendered":"","protected":false},"author":1,"featured_media":0,"parent":0,"menu_order":0,"comment_status":"closed","ping_status":"closed","template":"","meta":{"_acf_changed":false,"footnotes":""},"class_list":["post-943","page","type-page","status-publish","hentry"],"acf":[],"yoast_head":"<!-- This site is optimized with the Yoast SEO plugin v27.2 - https:\/\/yoast.com\/product\/yoast-seo-wordpress\/ -->\n<title>Forskning - Medituner Sweden<\/title>\n<meta name=\"robots\" content=\"noindex, follow, max-snippet:-1, max-image-preview:large, max-video-preview:-1\" \/>\n<meta property=\"og:locale\" content=\"sv_SE\" \/>\n<meta property=\"og:type\" content=\"article\" \/>\n<meta property=\"og:title\" content=\"Forskning - Medituner Sweden\" \/>\n<meta property=\"og:url\" content=\"https:\/\/dev.medituner.com\/se\/evidence\/\" \/>\n<meta property=\"og:site_name\" content=\"Medituner Sweden\" \/>\n<meta property=\"article:modified_time\" content=\"2024-03-05T15:20:54+00:00\" \/>\n<meta name=\"twitter:card\" content=\"summary_large_image\" \/>\n<script type=\"application\/ld+json\" class=\"yoast-schema-graph\">{\"@context\":\"https:\/\/schema.org\",\"@graph\":[{\"@type\":\"WebPage\",\"@id\":\"https:\/\/dev.medituner.com\/se\/evidence\/\",\"url\":\"https:\/\/dev.medituner.com\/se\/evidence\/\",\"name\":\"Forskning - Medituner Sweden\",\"isPartOf\":{\"@id\":\"https:\/\/dev.medituner.com\/se\/#website\"},\"datePublished\":\"2024-02-06T13:25:17+00:00\",\"dateModified\":\"2024-03-05T15:20:54+00:00\",\"breadcrumb\":{\"@id\":\"https:\/\/dev.medituner.com\/se\/evidence\/#breadcrumb\"},\"inLanguage\":\"sv-SE\",\"potentialAction\":[{\"@type\":\"ReadAction\",\"target\":[\"https:\/\/dev.medituner.com\/se\/evidence\/\"]}]},{\"@type\":\"BreadcrumbList\",\"@id\":\"https:\/\/dev.medituner.com\/se\/evidence\/#breadcrumb\",\"itemListElement\":[{\"@type\":\"ListItem\",\"position\":1,\"name\":\"Home\",\"item\":\"https:\/\/dev.medituner.com\/se\/\"},{\"@type\":\"ListItem\",\"position\":2,\"name\":\"Forskning\"}]},{\"@type\":\"WebSite\",\"@id\":\"https:\/\/dev.medituner.com\/se\/#website\",\"url\":\"https:\/\/dev.medituner.com\/se\/\",\"name\":\"Medituner Sweden\",\"description\":\"\",\"potentialAction\":[{\"@type\":\"SearchAction\",\"target\":{\"@type\":\"EntryPoint\",\"urlTemplate\":\"https:\/\/dev.medituner.com\/se\/?s={search_term_string}\"},\"query-input\":{\"@type\":\"PropertyValueSpecification\",\"valueRequired\":true,\"valueName\":\"search_term_string\"}}],\"inLanguage\":\"sv-SE\"}]}<\/script>\n<!-- \/ Yoast SEO plugin. -->","yoast_head_json":{"title":"Forskning - Medituner Sweden","robots":{"index":"noindex","follow":"follow","max-snippet":"max-snippet:-1","max-image-preview":"max-image-preview:large","max-video-preview":"max-video-preview:-1"},"og_locale":"sv_SE","og_type":"article","og_title":"Forskning - Medituner Sweden","og_url":"https:\/\/dev.medituner.com\/se\/evidence\/","og_site_name":"Medituner Sweden","article_modified_time":"2024-03-05T15:20:54+00:00","twitter_card":"summary_large_image","schema":{"@context":"https:\/\/schema.org","@graph":[{"@type":"WebPage","@id":"https:\/\/dev.medituner.com\/se\/evidence\/","url":"https:\/\/dev.medituner.com\/se\/evidence\/","name":"Forskning - Medituner Sweden","isPartOf":{"@id":"https:\/\/dev.medituner.com\/se\/#website"},"datePublished":"2024-02-06T13:25:17+00:00","dateModified":"2024-03-05T15:20:54+00:00","breadcrumb":{"@id":"https:\/\/dev.medituner.com\/se\/evidence\/#breadcrumb"},"inLanguage":"sv-SE","potentialAction":[{"@type":"ReadAction","target":["https:\/\/dev.medituner.com\/se\/evidence\/"]}]},{"@type":"BreadcrumbList","@id":"https:\/\/dev.medituner.com\/se\/evidence\/#breadcrumb","itemListElement":[{"@type":"ListItem","position":1,"name":"Home","item":"https:\/\/dev.medituner.com\/se\/"},{"@type":"ListItem","position":2,"name":"Forskning"}]},{"@type":"WebSite","@id":"https:\/\/dev.medituner.com\/se\/#website","url":"https:\/\/dev.medituner.com\/se\/","name":"Medituner Sweden","description":"","potentialAction":[{"@type":"SearchAction","target":{"@type":"EntryPoint","urlTemplate":"https:\/\/dev.medituner.com\/se\/?s={search_term_string}"},"query-input":{"@type":"PropertyValueSpecification","valueRequired":true,"valueName":"search_term_string"}}],"inLanguage":"sv-SE"}]}},"_links":{"self":[{"href":"https:\/\/dev.medituner.com\/se\/wp-json\/wp\/v2\/pages\/943","targetHints":{"allow":["GET"]}}],"collection":[{"href":"https:\/\/dev.medituner.com\/se\/wp-json\/wp\/v2\/pages"}],"about":[{"href":"https:\/\/dev.medituner.com\/se\/wp-json\/wp\/v2\/types\/page"}],"author":[{"embeddable":true,"href":"https:\/\/dev.medituner.com\/se\/wp-json\/wp\/v2\/users\/1"}],"replies":[{"embeddable":true,"href":"https:\/\/dev.medituner.com\/se\/wp-json\/wp\/v2\/comments?post=943"}],"version-history":[{"count":10,"href":"https:\/\/dev.medituner.com\/se\/wp-json\/wp\/v2\/pages\/943\/revisions"}],"predecessor-version":[{"id":1510,"href":"https:\/\/dev.medituner.com\/se\/wp-json\/wp\/v2\/pages\/943\/revisions\/1510"}],"wp:attachment":[{"href":"https:\/\/dev.medituner.com\/se\/wp-json\/wp\/v2\/media?parent=943"}],"curies":[{"name":"wp","href":"https:\/\/api.w.org\/{rel}","templated":true}]}}